{"id":6,"date":"2018-11-27T09:17:28","date_gmt":"2018-11-27T08:17:28","guid":{"rendered":"https:\/\/racoon.se\/services\/"},"modified":"2026-03-19T09:59:26","modified_gmt":"2026-03-19T08:59:26","slug":"luftfilter","status":"publish","type":"page","link":"https:\/\/racoon.se\/sv_se\/luftfilter\/","title":{"rendered":"Luftfilter"},"content":{"rendered":"\t\t<div data-elementor-type=\"wp-post\" data-elementor-id=\"6\" class=\"elementor elementor-6\" data-elementor-post-type=\"page\">\n\t\t\t\t\t\t<section class=\"elementor-section elementor-top-section elementor-element elementor-element-1706e4c5 elementor-section-height-min-height elementor-section-boxed elementor-section-height-default elementor-section-items-middle\" data-id=\"1706e4c5\" data-element_type=\"section\" data-e-type=\"section\" data-settings=\"{&quot;background_background&quot;:&quot;classic&quot;,&quot;jet_parallax_layout_list&quot;:[]}\">\n\t\t\t\t\t\t\t<div class=\"elementor-background-overlay\"><\/div>\n\t\t\t\t\t\t\t<div class=\"elementor-container elementor-column-gap-default\">\n\t\t\t\t\t<div class=\"elementor-column elementor-col-100 elementor-top-column elementor-element elementor-element-1ee1839c\" data-id=\"1ee1839c\" data-element_type=\"column\" data-e-type=\"column\">\n\t\t\t<div class=\"elementor-widget-wrap elementor-element-populated\">\n\t\t\t\t\t\t<div class=\"elementor-element elementor-element-10553b93 elementor-widget elementor-widget-heading\" data-id=\"10553b93\" data-element_type=\"widget\" data-e-type=\"widget\" data-widget_type=\"heading.default\">\n\t\t\t\t\t<h1 class=\"elementor-heading-title elementor-size-default\">Luftfilter<\/h1>\t\t\t\t<\/div>\n\t\t\t\t\t<\/div>\n\t\t<\/div>\n\t\t\t\t\t<\/div>\n\t\t<\/section>\n\t\t\t\t<section class=\"elementor-section elementor-top-section elementor-element elementor-element-1e99b9cf elementor-section-boxed elementor-section-height-default elementor-section-height-default\" data-id=\"1e99b9cf\" data-element_type=\"section\" data-e-type=\"section\" data-settings=\"{&quot;background_background&quot;:&quot;classic&quot;,&quot;jet_parallax_layout_list&quot;:[]}\">\n\t\t\t\t\t\t<div class=\"elementor-container elementor-column-gap-default\">\n\t\t\t\t\t<div class=\"elementor-column elementor-col-50 elementor-top-column elementor-element elementor-element-4682256a\" data-id=\"4682256a\" data-element_type=\"column\" data-e-type=\"column\">\n\t\t\t<div class=\"elementor-widget-wrap elementor-element-populated\">\n\t\t\t\t\t\t<div class=\"elementor-element elementor-element-130a27fd elementor-widget elementor-widget-heading\" data-id=\"130a27fd\" data-element_type=\"widget\" data-e-type=\"widget\" data-widget_type=\"heading.default\">\n\t\t\t\t\t<h2 class=\"elementor-heading-title elementor-size-default\">Rensa bort skadliga partiklar och gaser<\/h2>\t\t\t\t<\/div>\n\t\t\t\t<div class=\"elementor-element elementor-element-2c8e9a25 elementor-widget-divider--view-line elementor-widget elementor-widget-divider\" data-id=\"2c8e9a25\" data-element_type=\"widget\" data-e-type=\"widget\" data-widget_type=\"divider.default\">\n\t\t\t\t\t\t\t<div class=\"elementor-divider\">\n\t\t\t<span class=\"elementor-divider-separator\">\n\t\t\t\t\t\t<\/span>\n\t\t<\/div>\n\t\t\t\t\t\t<\/div>\n\t\t\t\t<div class=\"elementor-element elementor-element-69512755 elementor-widget elementor-widget-text-editor\" data-id=\"69512755\" data-element_type=\"widget\" data-e-type=\"widget\" data-widget_type=\"text-editor.default\">\n\t\t\t\t\t\t\t\t\t<p>Med v\u00e5ra <a href=\"https:\/\/racoon.se\/sv_se\/luftfilter-produkt\/\">luftfilter<\/a> renar du effektivt bort mikroskopiskt sm\u00e5 skadliga partiklar och gaser som kan f\u00f6rekomma i din omgivning. Varje filter vi tillverkar skr\u00e4ddarsys med egenskaper som \u00e4r anpassade f\u00f6r att fungera optimalt i den specifika milj\u00f6n och i den maskin eller verksamhet d\u00e4r det anv\u00e4nds.<\/p>\t\t\t\t\t\t\t\t<\/div>\n\t\t\t\t<div class=\"elementor-element elementor-element-8c23b0a elementor-widget elementor-widget-button\" data-id=\"8c23b0a\" data-element_type=\"widget\" data-e-type=\"widget\" data-widget_type=\"button.default\">\n\t\t\t\t\t\t\t\t\t\t<a class=\"elementor-button elementor-button-link elementor-size-sm\" href=\"\/kop\/\">\n\t\t\t\t\t\t<span class=\"elementor-button-content-wrapper\">\n\t\t\t\t\t\t\t\t\t<span class=\"elementor-button-text\">K\u00f6p v\u00e5ra luftfilter<\/span>\n\t\t\t\t\t<\/span>\n\t\t\t\t\t<\/a>\n\t\t\t\t\t\t\t\t<\/div>\n\t\t\t\t\t<\/div>\n\t\t<\/div>\n\t\t\t\t<div class=\"elementor-column elementor-col-50 elementor-top-column elementor-element elementor-element-2a60db7f\" data-id=\"2a60db7f\" data-element_type=\"column\" data-e-type=\"column\">\n\t\t\t<div class=\"elementor-widget-wrap elementor-element-populated\">\n\t\t\t\t\t\t<div class=\"elementor-element elementor-element-5a614008 elementor-widget elementor-widget-image\" data-id=\"5a614008\" data-element_type=\"widget\" data-e-type=\"widget\" data-widget_type=\"image.default\">\n\t\t\t\t\t\t\t\t\t\t\t\t\t\t\t<img fetchpriority=\"high\" decoding=\"async\" width=\"700\" height=\"394\" src=\"https:\/\/racoon.se\/wp-content\/uploads\/2023\/03\/Filter_med_ram-700x394-1.jpg\" class=\"attachment-full size-full wp-image-685\" alt=\"Racoon hyttfilter till entreprenadmaskiner\" srcset=\"https:\/\/racoon.se\/wp-content\/uploads\/2023\/03\/Filter_med_ram-700x394-1.jpg 700w, https:\/\/racoon.se\/wp-content\/uploads\/2023\/03\/Filter_med_ram-700x394-1-300x169.jpg 300w, https:\/\/racoon.se\/wp-content\/uploads\/2023\/03\/Filter_med_ram-700x394-1-18x10.jpg 18w\" sizes=\"(max-width: 700px) 100vw, 700px\" title=\"\">\t\t\t\t\t\t\t\t\t\t\t\t\t\t\t<\/div>\n\t\t\t\t\t<\/div>\n\t\t<\/div>\n\t\t\t\t\t<\/div>\n\t\t<\/section>\n\t\t\t\t<section class=\"elementor-section elementor-top-section elementor-element elementor-element-483c000b elementor-section-boxed elementor-section-height-default elementor-section-height-default\" data-id=\"483c000b\" data-element_type=\"section\" data-e-type=\"section\" data-settings=\"{&quot;background_background&quot;:&quot;classic&quot;,&quot;jet_parallax_layout_list&quot;:[]}\">\n\t\t\t\t\t\t<div class=\"elementor-container elementor-column-gap-default\">\n\t\t\t\t\t<div class=\"elementor-column elementor-col-100 elementor-top-column elementor-element elementor-element-4009508d\" data-id=\"4009508d\" data-element_type=\"column\" data-e-type=\"column\">\n\t\t\t<div class=\"elementor-widget-wrap elementor-element-populated\">\n\t\t\t\t\t\t<div class=\"elementor-element elementor-element-329494c0 elementor-widget elementor-widget-heading\" data-id=\"329494c0\" data-element_type=\"widget\" data-e-type=\"widget\" data-widget_type=\"heading.default\">\n\t\t\t\t\t<h2 class=\"elementor-heading-title elementor-size-default\">V\u00e5ra luftfilter<\/h2>\t\t\t\t<\/div>\n\t\t\t\t<div class=\"elementor-element elementor-element-329ab7a9 elementor-widget-divider--view-line elementor-widget elementor-widget-divider\" data-id=\"329ab7a9\" data-element_type=\"widget\" data-e-type=\"widget\" data-widget_type=\"divider.default\">\n\t\t\t\t\t\t\t<div class=\"elementor-divider\">\n\t\t\t<span class=\"elementor-divider-separator\">\n\t\t\t\t\t\t<\/span>\n\t\t<\/div>\n\t\t\t\t\t\t<\/div>\n\t\t\t\t<div class=\"elementor-element elementor-element-b2a9534 elementor-widget elementor-widget-video\" data-id=\"b2a9534\" data-element_type=\"widget\" data-e-type=\"widget\" data-settings=\"{&quot;youtube_url&quot;:&quot;https:\\\/\\\/www.youtube.com\\\/watch?v=CUktA85AUes&quot;,&quot;video_type&quot;:&quot;youtube&quot;,&quot;controls&quot;:&quot;yes&quot;}\" data-widget_type=\"video.default\">\n\t\t\t\t\t\t\t<div class=\"elementor-wrapper elementor-open-inline\">\n\t\t\t<div class=\"elementor-video\"><\/div>\t\t<\/div>\n\t\t\t\t\t\t<\/div>\n\t\t\t\t<div class=\"elementor-element elementor-element-7146d2c3 elementor-widget elementor-widget-text-editor\" data-id=\"7146d2c3\" data-element_type=\"widget\" data-e-type=\"widget\" data-widget_type=\"text-editor.default\">\n\t\t\t\t\t\t\t\t\t<p><strong>V\u00e5ra luftfilter<\/strong>\u00a0\u00e4r baserade p\u00e5 en patenterad konstruktion som \u00e4r ett resultat av \u00e5tskilliga \u00e5r av forskning och utveckling i n\u00e4ra samarbete med forskare samt milj\u00f6experter. I dag tillverkar vi luftfilter i flera olika storlekar och dimensioner, allt f\u00f6r det enkelt ska g\u00e5 anpassa v\u00e5ra filter till den maskin eller utrustning du vill utrusta. Med v\u00e5ra filter kan du vara s\u00e4ker p\u00e5 att filtrera bort de partiklar och gaser du vill bli av med.<\/p><p>Filterelementen \u00e4r uppbyggda av flera lager foam, vilket ger filtret ett h\u00f6geffektivt skydd. Genom en kombination av tid, tryck och v\u00e4rme kan vi ge filtermaterialet olika egenskaper, vilket m\u00f6jligg\u00f6r filtrering av de partiklar och gaser som du vill avl\u00e4gsna fr\u00e5n din arbetsmilj\u00f6.<\/p>\t\t\t\t\t\t\t\t<\/div>\n\t\t\t\t<div class=\"elementor-element elementor-element-166bfd9 elementor-widget elementor-widget-image-carousel\" data-id=\"166bfd9\" data-element_type=\"widget\" data-e-type=\"widget\" data-settings=\"{&quot;slides_to_show_tablet&quot;:&quot;3&quot;,&quot;slides_to_show_mobile&quot;:&quot;2&quot;,&quot;navigation&quot;:&quot;none&quot;,&quot;autoplay&quot;:&quot;yes&quot;,&quot;pause_on_hover&quot;:&quot;yes&quot;,&quot;pause_on_interaction&quot;:&quot;yes&quot;,&quot;autoplay_speed&quot;:5000,&quot;infinite&quot;:&quot;yes&quot;,&quot;speed&quot;:500,&quot;image_spacing_custom&quot;:{&quot;unit&quot;:&quot;px&quot;,&quot;size&quot;:20,&quot;sizes&quot;:[]},&quot;image_spacing_custom_tablet&quot;:{&quot;unit&quot;:&quot;px&quot;,&quot;size&quot;:&quot;&quot;,&quot;sizes&quot;:[]},&quot;image_spacing_custom_mobile&quot;:{&quot;unit&quot;:&quot;px&quot;,&quot;size&quot;:&quot;&quot;,&quot;sizes&quot;:[]}}\" data-widget_type=\"image-carousel.default\">\n\t\t\t\t\t\t\t<div class=\"elementor-image-carousel-wrapper swiper\" role=\"region\" aria-roledescription=\"carousel\" aria-label=\"Bildkarusell\" dir=\"ltr\">\n\t\t\t<div class=\"elementor-image-carousel swiper-wrapper\" aria-live=\"off\">\n\t\t\t\t\t\t\t\t<div class=\"swiper-slide\" role=\"group\" aria-roledescription=\"slide\" aria-label=\"1 av 5\"><figure class=\"swiper-slide-inner\"><img decoding=\"async\" class=\"swiper-slide-image\" src=\"https:\/\/racoon.se\/wp-content\/uploads\/2023\/03\/material_close_up-700x394-1-300x169.jpg\" alt=\"Racoon hyttfilter till entreprenadmaskiner\" title=\"\"><\/figure><\/div><div class=\"swiper-slide\" role=\"group\" aria-roledescription=\"slide\" aria-label=\"2 av 5\"><figure class=\"swiper-slide-inner\"><img decoding=\"async\" class=\"swiper-slide-image\" src=\"https:\/\/racoon.se\/wp-content\/uploads\/2023\/03\/Filter-700x394-1-300x169.jpg\" alt=\"Racoon hyttfilter till entreprenadmaskiner\" title=\"\"><\/figure><\/div><div class=\"swiper-slide\" role=\"group\" aria-roledescription=\"slide\" aria-label=\"3 av 5\"><figure class=\"swiper-slide-inner\"><img decoding=\"async\" class=\"swiper-slide-image\" src=\"https:\/\/racoon.se\/wp-content\/uploads\/2023\/03\/filtertillverkning_genre-250x141-1.jpg\" alt=\"Racoon hyttfilter till entreprenadmaskiner\" title=\"\"><\/figure><\/div><div class=\"swiper-slide\" role=\"group\" aria-roledescription=\"slide\" aria-label=\"4 av 5\"><figure class=\"swiper-slide-inner\"><img decoding=\"async\" class=\"swiper-slide-image\" src=\"https:\/\/racoon.se\/wp-content\/uploads\/2023\/03\/maskin_close_up-250x141-1.jpg\" alt=\"maskin_close_up-250x141\" title=\"\"><\/figure><\/div><div class=\"swiper-slide\" role=\"group\" aria-roledescription=\"slide\" aria-label=\"5 av 5\"><figure class=\"swiper-slide-inner\"><img decoding=\"async\" class=\"swiper-slide-image\" src=\"https:\/\/racoon.se\/wp-content\/uploads\/2023\/03\/Material-250x141-1.jpg\" alt=\"Racoon hyttfilter till entreprenadmaskiner\" title=\"\"><\/figure><\/div>\t\t\t<\/div>\n\t\t\t\t\t\t\t\n\t\t\t\t\t\t\t\t\t<\/div>\n\t\t\t\t\t\t<\/div>\n\t\t\t\t<div class=\"elementor-element elementor-element-81d9d31 elementor-widget elementor-widget-text-editor\" data-id=\"81d9d31\" data-element_type=\"widget\" data-e-type=\"widget\" data-widget_type=\"text-editor.default\">\n\t\t\t\t\t\t\t\t\t<h3><b>V<\/b><b>\u00e5ra luftfilters unika egenskaper<\/b><\/h3><h4><strong>H\u00f6g reningsgrad:<\/strong><\/h4><ul><li><a href=\"https:\/\/racoon.se\/sv_se\/luftfilter\/en-779-filter\/\">EN779<\/a> (Alltid minimum F9 i v\u00e5ra filter).<\/li><\/ul><h4><strong>Gaskrav:<\/strong><\/h4><ul><li>EN149. Gasskydd kan f\u00e5s i olika niv\u00e5er.<\/li><\/ul><h4><strong>H\u00f6gt fuktighetsmotst\u00e5nd:<\/strong><\/h4><ul><li>Filtermaterialet st\u00f6ter ifr\u00e5n sig fukt.<\/li><\/ul><h4><strong>Motst\u00e5ndskraftigt mot kyla:<\/strong><\/h4><ul><li>V\u00e5rt filter \u00e4r utvecklat f\u00f6r att m\u00f6ta NATOs krav p\u00e5 kyla ner till -50 grader.<\/li><\/ul><h4><strong>Brands\u00e4kert:<\/strong><\/h4><ul><li>S\u00f6ker du ett brands\u00e4kert filter? Inga problem. Vi tillverkar filter som kan m\u00f6ta kravet ULH 94HF, FMV22302 eller Far Part 25 standard.<\/li><\/ul><h4><strong>Vibrationss\u00e4kert:<\/strong><\/h4><ul><li>V\u00e5ra filter \u00e4r designade att kunna motst\u00e5 kraftiga vibrationer utan att ta skada (test FMV). M\u00f6ter NATO:s krav p\u00e5 tryck- och explosionsgrad upp till 9G.<\/li><\/ul><hr \/><p>Du hittar v\u00e5ra luftfilter i en m\u00e4ngd olika maskiner och anv\u00e4ndningsomr\u00e5den. Bland annat:<\/p><ul><li>Lastbilar<\/li><li>Minr\u00f6jare<\/li><li>Skogsmaskiner<\/li><li>Sk\u00f6rdare<\/li><li>Skotare<\/li><li>Ventilationsrum<\/li><li>Gr\u00e4vmaskiner ovan och under jord<\/li><li>Personbilar<\/li><li>Brandklassade rum<\/li><li>Skyddsrum<\/li><\/ul><p><strong>Crystal Cleantech<\/strong>\u00a0\u00e4r en filterteknik som vi p\u00e5 Racoon Milj\u00f6filter AB tagit fram och anv\u00e4nder oss av n\u00e4r vissa speciella partiklar, gaser, sporer och bakterier ska f\u00e5ngas upp. Det inneb\u00e4r att filterelementet har getts en specifik egenskap som vi applicerar under tillverkningsprocessen.<\/p>\t\t\t\t\t\t\t\t<\/div>\n\t\t\t\t<div class=\"elementor-element elementor-element-2ecd2ec elementor-widget elementor-widget-image-carousel\" data-id=\"2ecd2ec\" data-element_type=\"widget\" data-e-type=\"widget\" data-settings=\"{&quot;slides_to_show&quot;:&quot;1&quot;,&quot;slides_to_show_tablet&quot;:&quot;1&quot;,&quot;slides_to_show_mobile&quot;:&quot;1&quot;,&quot;navigation&quot;:&quot;none&quot;,&quot;autoplay&quot;:&quot;yes&quot;,&quot;pause_on_hover&quot;:&quot;yes&quot;,&quot;pause_on_interaction&quot;:&quot;yes&quot;,&quot;autoplay_speed&quot;:5000,&quot;infinite&quot;:&quot;yes&quot;,&quot;effect&quot;:&quot;slide&quot;,&quot;speed&quot;:500}\" data-widget_type=\"image-carousel.default\">\n\t\t\t\t\t\t\t<div class=\"elementor-image-carousel-wrapper swiper\" role=\"region\" aria-roledescription=\"carousel\" aria-label=\"Bildkarusell\" dir=\"ltr\">\n\t\t\t<div class=\"elementor-image-carousel swiper-wrapper\" aria-live=\"off\">\n\t\t\t\t\t\t\t\t<div class=\"swiper-slide\" role=\"group\" aria-roledescription=\"slide\" aria-label=\"1 av 1\"><figure class=\"swiper-slide-inner\"><img decoding=\"async\" class=\"swiper-slide-image\" src=\"https:\/\/racoon.se\/wp-content\/uploads\/2023\/03\/CCT_2018_logo-250x110-1.png\" alt=\"CCT_2018_logo-250x110\" title=\"\"><\/figure><\/div>\t\t\t<\/div>\n\t\t\t\t\t<\/div>\n\t\t\t\t\t\t<\/div>\n\t\t\t\t<div class=\"elementor-element elementor-element-664c692c elementor-mobile-align-center elementor-align-center elementor-widget elementor-widget-button\" data-id=\"664c692c\" data-element_type=\"widget\" data-e-type=\"widget\" data-widget_type=\"button.default\">\n\t\t\t\t\t\t\t\t\t\t<a class=\"elementor-button elementor-button-link elementor-size-sm\" href=\"\/kontakt\/\">\n\t\t\t\t\t\t<span class=\"elementor-button-content-wrapper\">\n\t\t\t\t\t\t\t\t\t<span class=\"elementor-button-text\">Kontakta oss<\/span>\n\t\t\t\t\t<\/span>\n\t\t\t\t\t<\/a>\n\t\t\t\t\t\t\t\t<\/div>\n\t\t\t\t\t<\/div>\n\t\t<\/div>\n\t\t\t\t\t<\/div>\n\t\t<\/section>\n\t\t\t\t<\/div>\n\t\t","protected":false},"excerpt":{"rendered":"<p>Luftfilter Rensa bort skadliga partiklar och gaser Med v\u00e5ra luftfilter renar du effektivt bort mikroskopiskt sm\u00e5 skadliga partiklar och gaser som kan f\u00f6rekomma i din omgivning. Varje filter vi tillverkar skr\u00e4ddarsys med egenskaper som \u00e4r anpassade f\u00f6r att fungera optimalt i den specifika milj\u00f6n och i den maskin eller verksamhet d\u00e4r det anv\u00e4nds. K\u00f6p v\u00e5ra [&hellip;]<\/p>\n","protected":false},"author":1,"featured_media":0,"parent":0,"menu_order":0,"comment_status":"closed","ping_status":"closed","template":"","meta":{"site-sidebar-layout":"no-sidebar","site-content-layout":"page-builder","ast-site-content-layout":"default","site-content-style":"default","site-sidebar-style":"default","ast-global-header-display":"","ast-banner-title-visibility":"","ast-main-header-display":"","ast-hfb-above-header-display":"","ast-hfb-below-header-display":"","ast-hfb-mobile-header-display":"","site-post-title":"disabled","ast-breadcrumbs-content":"","ast-featured-img":"disabled","footer-sml-layout":"","ast-disable-related-posts":"","theme-transparent-header-meta":"enabled","adv-header-id-meta":"","stick-header-meta":"","header-above-stick-meta":"","header-main-stick-meta":"","header-below-stick-meta":"","astra-migrate-meta-layouts":"default","ast-page-background-enabled":"default","ast-page-background-meta":{"desktop":{"background-color":"","background-image":"","background-repeat":"repeat","background-position":"center center","background-size":"auto","background-attachment":"scroll","background-type":"","background-media":"","overlay-type":"","overlay-color":"","overlay-opacity":"","overlay-gradient":""},"tablet":{"background-color":"","background-image":"","background-repeat":"repeat","background-position":"center center","background-size":"auto","background-attachment":"scroll","background-type":"","background-media":"","overlay-type":"","overlay-color":"","overlay-opacity":"","overlay-gradient":""},"mobile":{"background-color":"","background-image":"","background-repeat":"repeat","background-position":"center center","background-size":"auto","background-attachment":"scroll","background-type":"","background-media":"","overlay-type":"","overlay-color":"","overlay-opacity":"","overlay-gradient":""}},"ast-content-background-meta":{"desktop":{"background-color":"var(--ast-global-color-5)","background-image":"","background-repeat":"repeat","background-position":"center center","background-size":"auto","background-attachment":"scroll","background-type":"","background-media":"","overlay-type":"","overlay-color":"","overlay-opacity":"","overlay-gradient":""},"tablet":{"background-color":"var(--ast-global-color-5)","background-image":"","background-repeat":"repeat","background-position":"center center","background-size":"auto","background-attachment":"scroll","background-type":"","background-media":"","overlay-type":"","overlay-color":"","overlay-opacity":"","overlay-gradient":""},"mobile":{"background-color":"var(--ast-global-color-5)","background-image":"","background-repeat":"repeat","background-position":"center center","background-size":"auto","background-attachment":"scroll","background-type":"","background-media":"","overlay-type":"","overlay-color":"","overlay-opacity":"","overlay-gradient":""}},"footnotes":""},"class_list":["post-6","page","type-page","status-publish","hentry"],"_links":{"self":[{"href":"https:\/\/racoon.se\/sv_se\/wp-json\/wp\/v2\/pages\/6","targetHints":{"allow":["GET"]}}],"collection":[{"href":"https:\/\/racoon.se\/sv_se\/wp-json\/wp\/v2\/pages"}],"about":[{"href":"https:\/\/racoon.se\/sv_se\/wp-json\/wp\/v2\/types\/page"}],"author":[{"embeddable":true,"href":"https:\/\/racoon.se\/sv_se\/wp-json\/wp\/v2\/users\/1"}],"replies":[{"embeddable":true,"href":"https:\/\/racoon.se\/sv_se\/wp-json\/wp\/v2\/comments?post=6"}],"version-history":[{"count":47,"href":"https:\/\/racoon.se\/sv_se\/wp-json\/wp\/v2\/pages\/6\/revisions"}],"predecessor-version":[{"id":2347,"href":"https:\/\/racoon.se\/sv_se\/wp-json\/wp\/v2\/pages\/6\/revisions\/2347"}],"wp:attachment":[{"href":"https:\/\/racoon.se\/sv_se\/wp-json\/wp\/v2\/media?parent=6"}],"curies":[{"name":"wp","href":"https:\/\/api.w.org\/{rel}","templated":true}]}}