{"id":2225,"date":"2025-11-11T09:53:14","date_gmt":"2025-11-11T08:53:14","guid":{"rendered":"https:\/\/racoon.se\/?page_id=2225"},"modified":"2026-03-19T10:16:01","modified_gmt":"2026-03-19T09:16:01","slug":"en-779-filter","status":"publish","type":"page","link":"https:\/\/racoon.se\/sv_se\/luftfilter\/en-779-filter\/","title":{"rendered":"EN 779 filter"},"content":{"rendered":"\t\t<div data-elementor-type=\"wp-page\" data-elementor-id=\"2225\" class=\"elementor elementor-2225\" data-elementor-post-type=\"page\">\n\t\t\t\t<div class=\"elementor-element elementor-element-2a389ea e-flex e-con-boxed e-con e-parent\" data-id=\"2a389ea\" data-element_type=\"container\" data-e-type=\"container\" data-settings=\"{&quot;background_background&quot;:&quot;classic&quot;,&quot;jet_parallax_layout_list&quot;:[]}\">\n\t\t\t\t\t<div class=\"e-con-inner\">\n\t\t\t\t\t<\/div>\n\t\t\t\t<\/div>\n\t\t<div class=\"elementor-element elementor-element-8e33bbd e-flex e-con-boxed e-con e-parent\" data-id=\"8e33bbd\" data-element_type=\"container\" data-e-type=\"container\" data-settings=\"{&quot;jet_parallax_layout_list&quot;:[]}\">\n\t\t\t\t\t<div class=\"e-con-inner\">\n\t\t<div class=\"elementor-element elementor-element-e322db5 e-con-full e-flex e-con e-child\" data-id=\"e322db5\" data-element_type=\"container\" data-e-type=\"container\" data-settings=\"{&quot;jet_parallax_layout_list&quot;:[]}\">\n\t\t\t\t<div class=\"elementor-element elementor-element-f39f3c4 elementor-widget elementor-widget-jet-breadcrumbs\" data-id=\"f39f3c4\" data-element_type=\"widget\" data-e-type=\"widget\" data-widget_type=\"jet-breadcrumbs.default\">\n\t\t\t\t<div class=\"elementor-widget-container\">\n\t\t\t\t\t<div class=\"elementor-jet-breadcrumbs jet-blocks\">\n\t\t<div class=\"jet-breadcrumbs\">\n\t\t<div class=\"jet-breadcrumbs__content\">\n\t\t<div class=\"jet-breadcrumbs__wrap\"><div class=\"jet-breadcrumbs__item\"><a href=\"https:\/\/racoon.se\/sv_se\/\" class=\"jet-breadcrumbs__item-link is-home\" rel=\"home\" title=\"Hem\">Hem<\/a><\/div>\n\t\t<\/div>\n\t\t<\/div>\n\t\t<\/div><\/div>\t\t\t\t<\/div>\n\t\t\t\t<\/div>\n\t\t<div class=\"elementor-element elementor-element-95566d0 e-con-full e-flex e-con e-child\" data-id=\"95566d0\" data-element_type=\"container\" data-e-type=\"container\" data-settings=\"{&quot;jet_parallax_layout_list&quot;:[]}\">\n\t\t<div class=\"elementor-element elementor-element-83dd53c e-con-full e-flex e-con e-child\" data-id=\"83dd53c\" data-element_type=\"container\" data-e-type=\"container\" data-settings=\"{&quot;jet_parallax_layout_list&quot;:[]}\">\n\t\t\t\t<div class=\"elementor-element elementor-element-4556173 elementor-widget elementor-widget-heading\" data-id=\"4556173\" data-element_type=\"widget\" data-e-type=\"widget\" data-widget_type=\"heading.default\">\n\t\t\t\t\t<h2 class=\"elementor-heading-title elementor-size-default\">Rensa bort skadliga partiklar och gaser med luftfilter enligt EN 779<\/h2>\t\t\t\t<\/div>\n\t\t\t\t<div class=\"elementor-element elementor-element-8a2aef7 elementor-widget elementor-widget-text-editor\" data-id=\"8a2aef7\" data-element_type=\"widget\" data-e-type=\"widget\" data-widget_type=\"text-editor.default\">\n\t\t\t\t\t\t\t\t\t<p>Luftkvalitet handlar inte bara om komfort \u2013 det handlar om h\u00e4lsa, s\u00e4kerhet och maskinprestanda. Med <a href=\"https:\/\/racoon.se\/sv_se\/luftfilter-produkt\/\">r\u00e4tt filter<\/a> kan du skydda b\u00e5de m\u00e4nniskor och utrustning fr\u00e5n mikroskopiskt sm\u00e5 partiklar och gaser som annars riskerar att p\u00e5verka arbetsmilj\u00f6n negativt. Racoon utvecklar och tillverkar luftfilter som uppfyller h\u00f6ga krav p\u00e5 effektivitet, s\u00e4kerhet och h\u00e5llbarhet \u2013 och som bland annat klassificeras enligt den europeiska standarden <a href=\"https:\/\/www.sis.se\/produkter\/byggnadsmaterial-och-byggnader\/bygginstallationer\/ventilation-och-luftkonditionering\/ssen779\/\" target=\"_blank\" rel=\"noopener\">EN 779<\/a>.<\/p><ul class=\"elementor-icon-list-items\"><li class=\"elementor-icon-list-item\"><a href=\"mailto:info@racoon.se\"><span class=\"elementor-icon-list-text\">E-post: info@racoon.se<\/span><\/a><\/li><li class=\"elementor-icon-list-item\"><a href=\"tel:093415399\"><span class=\"elementor-icon-list-text\">Telefon: 0934 &#8211; 153 99<\/span><\/a><\/li><\/ul>\t\t\t\t\t\t\t\t<\/div>\n\t\t\t\t<\/div>\n\t\t<div class=\"elementor-element elementor-element-474648f e-con-full e-flex e-con e-child\" data-id=\"474648f\" data-element_type=\"container\" data-e-type=\"container\" data-settings=\"{&quot;jet_parallax_layout_list&quot;:[]}\">\n\t\t\t\t<div class=\"elementor-element elementor-element-e2325c5 elementor-widget elementor-widget-image\" data-id=\"e2325c5\" data-element_type=\"widget\" data-e-type=\"widget\" data-widget_type=\"image.default\">\n\t\t\t\t\t\t\t\t\t\t\t\t\t\t\t<img fetchpriority=\"high\" decoding=\"async\" width=\"1024\" height=\"576\" src=\"https:\/\/racoon.se\/wp-content\/uploads\/2023\/03\/20200824_081711-1024x576.jpg\" class=\"attachment-large size-large wp-image-964\" alt=\"Luftfilter\" srcset=\"https:\/\/racoon.se\/wp-content\/uploads\/2023\/03\/20200824_081711-1024x576.jpg 1024w, https:\/\/racoon.se\/wp-content\/uploads\/2023\/03\/20200824_081711-300x169.jpg 300w, https:\/\/racoon.se\/wp-content\/uploads\/2023\/03\/20200824_081711-768x432.jpg 768w, https:\/\/racoon.se\/wp-content\/uploads\/2023\/03\/20200824_081711-1536x864.jpg 1536w, https:\/\/racoon.se\/wp-content\/uploads\/2023\/03\/20200824_081711-2048x1152.jpg 2048w, https:\/\/racoon.se\/wp-content\/uploads\/2023\/03\/20200824_081711-18x10.jpg 18w, https:\/\/racoon.se\/wp-content\/uploads\/2023\/03\/20200824_081711-scaled.jpg 1920w\" sizes=\"(max-width: 1024px) 100vw, 1024px\" title=\"\">\t\t\t\t\t\t\t\t\t\t\t\t\t\t\t<\/div>\n\t\t\t\t<\/div>\n\t\t\t\t<\/div>\n\t\t<div class=\"elementor-element elementor-element-eb77669 e-con-full e-flex e-con e-child\" data-id=\"eb77669\" data-element_type=\"container\" data-e-type=\"container\" data-settings=\"{&quot;jet_parallax_layout_list&quot;:[]}\">\n\t\t<div class=\"elementor-element elementor-element-f237b9f e-con-full e-flex e-con e-child\" data-id=\"f237b9f\" data-element_type=\"container\" data-e-type=\"container\" data-settings=\"{&quot;jet_parallax_layout_list&quot;:[]}\">\n\t\t\t\t<div class=\"elementor-element elementor-element-332afe5 elementor-widget elementor-widget-text-editor\" data-id=\"332afe5\" data-element_type=\"widget\" data-e-type=\"widget\" data-widget_type=\"text-editor.default\">\n\t\t\t\t\t\t\t\t\t<h2 data-start=\"703\" data-end=\"725\">Vad betyder EN 779?<\/h2><p data-start=\"727\" data-end=\"1149\">EN 779 \u00e4r en europeisk standard som anv\u00e4nds f\u00f6r att klassificera grov- och finfilter baserat p\u00e5 deras f\u00f6rm\u00e5ga att avskilja partiklar ur luften. Standarden anger hur effektivt ett filter kan f\u00e5nga upp partiklar av olika storlekar under laboratorietestade f\u00f6rh\u00e5llanden. Klassificeringen str\u00e4cker sig fr\u00e5n G1 till G4 f\u00f6r grovfilter och fr\u00e5n F5 till F9 f\u00f6r finfilter, d\u00e4r F9 motsvarar den h\u00f6gsta reningsgraden inom standarden.<\/p><p data-start=\"1151\" data-end=\"1482\">Syftet med EN 779 \u00e4r att s\u00e4kerst\u00e4lla att luftfilter uppfyller j\u00e4mf\u00f6rbara krav oavsett tillverkare \u2013 och att anv\u00e4ndaren kan v\u00e4lja r\u00e4tt filter f\u00f6r sin milj\u00f6. Ett filter som uppn\u00e5r F9-niv\u00e5 inneb\u00e4r en mycket h\u00f6g filtreringsgrad av fina partiklar, vilket \u00e4r s\u00e4rskilt viktigt i milj\u00f6er d\u00e4r luftf\u00f6roreningar eller damm utg\u00f6r en h\u00e4lsorisk.<\/p>\t\t\t\t\t\t\t\t<\/div>\n\t\t\t\t<\/div>\n\t\t<div class=\"elementor-element elementor-element-be0cdaf e-con-full e-flex e-con e-child\" data-id=\"be0cdaf\" data-element_type=\"container\" data-e-type=\"container\" data-settings=\"{&quot;jet_parallax_layout_list&quot;:[]}\">\n\t\t\t\t<div class=\"elementor-element elementor-element-df196ca elementor-widget elementor-widget-image\" data-id=\"df196ca\" data-element_type=\"widget\" data-e-type=\"widget\" data-widget_type=\"image.default\">\n\t\t\t\t\t\t\t\t\t\t\t\t\t\t\t<img decoding=\"async\" width=\"1024\" height=\"576\" src=\"https:\/\/racoon.se\/wp-content\/uploads\/2023\/03\/20200824_081602-1024x576.jpg\" class=\"attachment-large size-large wp-image-963\" alt=\"\" srcset=\"https:\/\/racoon.se\/wp-content\/uploads\/2023\/03\/20200824_081602-1024x576.jpg 1024w, https:\/\/racoon.se\/wp-content\/uploads\/2023\/03\/20200824_081602-300x169.jpg 300w, https:\/\/racoon.se\/wp-content\/uploads\/2023\/03\/20200824_081602-768x432.jpg 768w, https:\/\/racoon.se\/wp-content\/uploads\/2023\/03\/20200824_081602-1536x864.jpg 1536w, https:\/\/racoon.se\/wp-content\/uploads\/2023\/03\/20200824_081602-2048x1152.jpg 2048w, https:\/\/racoon.se\/wp-content\/uploads\/2023\/03\/20200824_081602-18x10.jpg 18w, https:\/\/racoon.se\/wp-content\/uploads\/2023\/03\/20200824_081602-scaled.jpg 1920w\" sizes=\"(max-width: 1024px) 100vw, 1024px\" title=\"\">\t\t\t\t\t\t\t\t\t\t\t\t\t\t\t<\/div>\n\t\t\t\t<\/div>\n\t\t\t\t<\/div>\n\t\t<div class=\"elementor-element elementor-element-85dfe1c e-con-full e-flex e-con e-child\" data-id=\"85dfe1c\" data-element_type=\"container\" data-e-type=\"container\" data-settings=\"{&quot;jet_parallax_layout_list&quot;:[]}\">\n\t\t<div class=\"elementor-element elementor-element-66653e7 e-con-full e-flex e-con e-child\" data-id=\"66653e7\" data-element_type=\"container\" data-e-type=\"container\" data-settings=\"{&quot;jet_parallax_layout_list&quot;:[]}\">\n\t\t\t\t<div class=\"elementor-element elementor-element-01b3edc elementor-widget elementor-widget-text-editor\" data-id=\"01b3edc\" data-element_type=\"widget\" data-e-type=\"widget\" data-widget_type=\"text-editor.default\">\n\t\t\t\t\t\t\t\t\t<h2 data-start=\"1489\" data-end=\"1532\">EN 779 ers\u00e4tts av SS-EN ISO 16890-3:2024<\/h2><p data-start=\"1534\" data-end=\"1958\">Sedan 2018 har EN 779 successivt ersatts av <a href=\"https:\/\/racoon.se\/luftfilter\/iso-16890-filter\/\">ISO 16890-standarden<\/a>, som numera \u00e4ven finns i svensk version (SS-EN ISO 16890-3:2024). Den nya standarden ger en mer verklighetsn\u00e4ra bild av filtrens prestanda genom att m\u00e4ta deras effektivitet mot partiklar i tre storleksintervall (PM1, PM2,5 och PM10). D\u00e4r EN 779 testade under laboratorief\u00f6rh\u00e5llanden, tar ISO 16890 h\u00e4nsyn till hur filtret faktiskt fungerar i verkliga milj\u00f6er.<\/p><p data-start=\"1960\" data-end=\"2160\">Racoons filter \u00e4r testade enligt b\u00e5da dessa standarder och uppvisar en reningsgrad som \u00f6vertr\u00e4ffar branschens normer \u2013 med ett minimum p\u00e5 <strong data-start=\"2098\" data-end=\"2128\">ePM1 80 % enligt ISO 16890<\/strong> och <strong data-start=\"2133\" data-end=\"2159\">minst F9 enligt EN 779<\/strong>.<\/p>\t\t\t\t\t\t\t\t<\/div>\n\t\t\t\t<\/div>\n\t\t<div class=\"elementor-element elementor-element-aadc959 e-con-full e-flex e-con e-child\" data-id=\"aadc959\" data-element_type=\"container\" data-e-type=\"container\" data-settings=\"{&quot;jet_parallax_layout_list&quot;:[]}\">\n\t\t\t\t<div class=\"elementor-element elementor-element-4981f9c elementor-widget elementor-widget-video\" data-id=\"4981f9c\" data-element_type=\"widget\" data-e-type=\"widget\" data-settings=\"{&quot;youtube_url&quot;:&quot;youtube.com\\\/watch?v=CUktA85AUes&amp;embeds_referring_euri=https%3A%2F%2Fracoon.se%2F&amp;embeds_referring_origin=https%3A%2F%2Fracoon.se&amp;source_ve_path=MjM4NTE&quot;,&quot;video_type&quot;:&quot;youtube&quot;,&quot;controls&quot;:&quot;yes&quot;}\" data-widget_type=\"video.default\">\n\t\t\t\t\t\t\t<div class=\"elementor-wrapper elementor-open-inline\">\n\t\t\t<div class=\"elementor-video\"><\/div>\t\t<\/div>\n\t\t\t\t\t\t<\/div>\n\t\t<div class=\"elementor-element elementor-element-0f397bd e-con-full e-flex e-con e-child\" data-id=\"0f397bd\" data-element_type=\"container\" data-e-type=\"container\" data-settings=\"{&quot;background_background&quot;:&quot;classic&quot;,&quot;jet_parallax_layout_list&quot;:[]}\">\n\t\t\t\t<div class=\"elementor-element elementor-element-15882ca elementor-widget elementor-widget-text-editor\" data-id=\"15882ca\" data-element_type=\"widget\" data-e-type=\"widget\" data-widget_type=\"text-editor.default\">\n\t\t\t\t\t\t\t\t\t<h2 data-start=\"2574\" data-end=\"2592\">Kontakta oss<\/h2><p data-start=\"2593\" data-end=\"2827\">Vill du veta mer om hur Racoons luftfilter kan f\u00f6rb\u00e4ttra livsl\u00e4ngden p\u00e5 dina filtersystem och skapa en s\u00e4krare arbetsmilj\u00f6? H\u00f6r av dig till oss \u2013 vi ber\u00e4ttar g\u00e4rna mer och hj\u00e4lper dig hitta den l\u00f6sning som passar b\u00e4st f\u00f6r dina behov.<\/p>\t\t\t\t\t\t\t\t<\/div>\n\t\t\t\t<div class=\"elementor-element elementor-element-423f7cb elementor-widget elementor-widget-button\" data-id=\"423f7cb\" data-element_type=\"widget\" data-e-type=\"widget\" data-widget_type=\"button.default\">\n\t\t\t\t\t\t\t\t\t\t<a class=\"elementor-button elementor-button-link elementor-size-sm\" href=\"https:\/\/racoon.se\/sv_se\/kontakt\/\">\n\t\t\t\t\t\t<span class=\"elementor-button-content-wrapper\">\n\t\t\t\t\t\t\t\t\t<span class=\"elementor-button-text\">Kontakta oss<\/span>\n\t\t\t\t\t<\/span>\n\t\t\t\t\t<\/a>\n\t\t\t\t\t\t\t\t<\/div>\n\t\t\t\t<\/div>\n\t\t\t\t<\/div>\n\t\t\t\t<\/div>\n\t\t<div class=\"elementor-element elementor-element-4025c82 e-con-full e-flex e-con e-child\" data-id=\"4025c82\" data-element_type=\"container\" data-e-type=\"container\" data-settings=\"{&quot;jet_parallax_layout_list&quot;:[]}\">\n\t\t<div class=\"elementor-element elementor-element-9c86f93 e-con-full e-flex e-con e-child\" data-id=\"9c86f93\" data-element_type=\"container\" data-e-type=\"container\" data-settings=\"{&quot;jet_parallax_layout_list&quot;:[]}\">\n\t\t\t\t<div class=\"elementor-element elementor-element-c9db662 elementor-widget elementor-widget-text-editor\" data-id=\"c9db662\" data-element_type=\"widget\" data-e-type=\"widget\" data-widget_type=\"text-editor.default\">\n\t\t\t\t\t\t\t\t\t<hr \/><h2 data-start=\"2167\" data-end=\"2204\">Racoon luftfilter uppfyller EN 779<\/h2><p data-start=\"2206\" data-end=\"2501\">Racoons luftfilter \u00e4r konstruerade med flera lager av foam som formas under kontrollerad tid, tryck och v\u00e4rme. Resultatet \u00e4r ett h\u00f6geffektivt filtermaterial som kan anpassas f\u00f6r att avl\u00e4gsna specifika partiklar och gaser ur luften. Tack vare sin patenterade konstruktion erbjuder Racoons filter:<\/p><ul data-start=\"2503\" data-end=\"2906\"><li data-start=\"2503\" data-end=\"2604\"><p data-start=\"2505\" data-end=\"2604\"><strong data-start=\"2505\" data-end=\"2525\">H\u00f6g reningsgrad:<\/strong> Minst F9 enligt EN 779 och upp till 99,5 % enligt EN 1822 (EPA\/HEPA-filter).<\/p><\/li><li data-start=\"2605\" data-end=\"2727\"><p data-start=\"2607\" data-end=\"2727\"><strong data-start=\"2607\" data-end=\"2627\">Skydd mot gaser:<\/strong> Uppfyller gaskrav enligt EN 149 (P1\u2013P3) och filtrerar bort sporer, bakterier och organiska \u00e4mnen.<\/p><\/li><li data-start=\"2728\" data-end=\"2817\"><p data-start=\"2730\" data-end=\"2817\"><strong data-start=\"2730\" data-end=\"2749\">Motst\u00e5ndskraft:<\/strong> T\u00e5l kyla ner till \u201350 \u00b0C, h\u00f6g fuktighet och kraftiga vibrationer.<\/p><\/li><li data-start=\"2818\" data-end=\"2906\"><p data-start=\"2820\" data-end=\"2906\"><strong data-start=\"2820\" data-end=\"2838\">Brands\u00e4kerhet:<\/strong> Kan tillverkas f\u00f6r att m\u00f6ta ULH 94HF, FMV22302 eller FAR Part 25.<\/p><\/li><\/ul><p data-start=\"2908\" data-end=\"3115\">Racoons filter anv\u00e4nds i allt fr\u00e5n entreprenadmaskiner och skogsmaskiner till skyddsrum och ventilationsanl\u00e4ggningar. Oavsett milj\u00f6 kan filtren anpassas i storlek och egenskap f\u00f6r att ge b\u00e4sta m\u00f6jliga skydd.<\/p>\t\t\t\t\t\t\t\t<\/div>\n\t\t\t\t<\/div>\n\t\t\t\t<\/div>\n\t\t\t\t<\/div>\n\t\t\t\t\t<\/div>\n\t\t\t\t<\/div>\n\t\t\t\t<\/div>\n\t\t","protected":false},"excerpt":{"rendered":"<p>Hem Rensa bort skadliga partiklar och gaser med luftfilter enligt EN 779 Luftkvalitet handlar inte bara om komfort \u2013 det handlar om h\u00e4lsa, s\u00e4kerhet och maskinprestanda. Med r\u00e4tt filter kan du skydda b\u00e5de m\u00e4nniskor och utrustning fr\u00e5n mikroskopiskt sm\u00e5 partiklar och gaser som annars riskerar att p\u00e5verka arbetsmilj\u00f6n negativt. Racoon utvecklar och tillverkar luftfilter som [&hellip;]<\/p>\n","protected":false},"author":3,"featured_media":0,"parent":6,"menu_order":0,"comment_status":"closed","ping_status":"closed","template":"","meta":{"site-sidebar-layout":"no-sidebar","site-content-layout":"page-builder","ast-site-content-layout":"full-width-container","site-content-style":"default","site-sidebar-style":"default","ast-global-header-display":"","ast-banner-title-visibility":"","ast-main-header-display":"","ast-hfb-above-header-display":"","ast-hfb-below-header-display":"","ast-hfb-mobile-header-display":"","site-post-title":"","ast-breadcrumbs-content":"","ast-featured-img":"disabled","footer-sml-layout":"","ast-disable-related-posts":"","theme-transparent-header-meta":"","adv-header-id-meta":"","stick-header-meta":"","header-above-stick-meta":"","header-main-stick-meta":"","header-below-stick-meta":"","astra-migrate-meta-layouts":"set","ast-page-background-enabled":"default","ast-page-background-meta":{"desktop":{"background-color":"","background-image":"","background-repeat":"repeat","background-position":"center center","background-size":"auto","background-attachment":"scroll","background-type":"","background-media":"","overlay-type":"","overlay-color":"","overlay-opacity":"","overlay-gradient":""},"tablet":{"background-color":"","background-image":"","background-repeat":"repeat","background-position":"center center","background-size":"auto","background-attachment":"scroll","background-type":"","background-media":"","overlay-type":"","overlay-color":"","overlay-opacity":"","overlay-gradient":""},"mobile":{"background-color":"","background-image":"","background-repeat":"repeat","background-position":"center center","background-size":"auto","background-attachment":"scroll","background-type":"","background-media":"","overlay-type":"","overlay-color":"","overlay-opacity":"","overlay-gradient":""}},"ast-content-background-meta":{"desktop":{"background-color":"var(--ast-global-color-5)","background-image":"","background-repeat":"repeat","background-position":"center center","background-size":"auto","background-attachment":"scroll","background-type":"","background-media":"","overlay-type":"","overlay-color":"","overlay-opacity":"","overlay-gradient":""},"tablet":{"background-color":"var(--ast-global-color-5)","background-image":"","background-repeat":"repeat","background-position":"center center","background-size":"auto","background-attachment":"scroll","background-type":"","background-media":"","overlay-type":"","overlay-color":"","overlay-opacity":"","overlay-gradient":""},"mobile":{"background-color":"var(--ast-global-color-5)","background-image":"","background-repeat":"repeat","background-position":"center center","background-size":"auto","background-attachment":"scroll","background-type":"","background-media":"","overlay-type":"","overlay-color":"","overlay-opacity":"","overlay-gradient":""}},"footnotes":""},"class_list":["post-2225","page","type-page","status-publish","hentry"],"_links":{"self":[{"href":"https:\/\/racoon.se\/sv_se\/wp-json\/wp\/v2\/pages\/2225","targetHints":{"allow":["GET"]}}],"collection":[{"href":"https:\/\/racoon.se\/sv_se\/wp-json\/wp\/v2\/pages"}],"about":[{"href":"https:\/\/racoon.se\/sv_se\/wp-json\/wp\/v2\/types\/page"}],"author":[{"embeddable":true,"href":"https:\/\/racoon.se\/sv_se\/wp-json\/wp\/v2\/users\/3"}],"replies":[{"embeddable":true,"href":"https:\/\/racoon.se\/sv_se\/wp-json\/wp\/v2\/comments?post=2225"}],"version-history":[{"count":13,"href":"https:\/\/racoon.se\/sv_se\/wp-json\/wp\/v2\/pages\/2225\/revisions"}],"predecessor-version":[{"id":2372,"href":"https:\/\/racoon.se\/sv_se\/wp-json\/wp\/v2\/pages\/2225\/revisions\/2372"}],"up":[{"embeddable":true,"href":"https:\/\/racoon.se\/sv_se\/wp-json\/wp\/v2\/pages\/6"}],"wp:attachment":[{"href":"https:\/\/racoon.se\/sv_se\/wp-json\/wp\/v2\/media?parent=2225"}],"curies":[{"name":"wp","href":"https:\/\/api.w.org\/{rel}","templated":true}]}}