{"id":2209,"date":"2025-10-24T12:57:13","date_gmt":"2025-10-24T10:57:13","guid":{"rendered":"https:\/\/racoon.se\/?page_id=2209"},"modified":"2026-03-19T10:13:34","modified_gmt":"2026-03-19T09:13:34","slug":"kolfilter","status":"publish","type":"page","link":"https:\/\/racoon.se\/sv_se\/luftfilter\/kolfilter\/","title":{"rendered":"Kolfilter"},"content":{"rendered":"\t\t<div data-elementor-type=\"wp-page\" data-elementor-id=\"2209\" class=\"elementor elementor-2209\" data-elementor-post-type=\"page\">\n\t\t\t\t\t\t<section class=\"elementor-section elementor-top-section elementor-element elementor-element-ede4722 elementor-section-height-min-height elementor-section-boxed elementor-section-height-default elementor-section-items-middle\" data-id=\"ede4722\" data-element_type=\"section\" data-e-type=\"section\" data-settings=\"{&quot;background_background&quot;:&quot;classic&quot;,&quot;jet_parallax_layout_list&quot;:[]}\">\n\t\t\t\t\t\t\t<div class=\"elementor-background-overlay\"><\/div>\n\t\t\t\t\t\t\t<div class=\"elementor-container elementor-column-gap-default\">\n\t\t\t\t\t<div class=\"elementor-column elementor-col-100 elementor-top-column elementor-element elementor-element-2e72657\" data-id=\"2e72657\" data-element_type=\"column\" data-e-type=\"column\">\n\t\t\t<div class=\"elementor-widget-wrap elementor-element-populated\">\n\t\t\t\t\t\t\t<\/div>\n\t\t<\/div>\n\t\t\t\t\t<\/div>\n\t\t<\/section>\n\t\t<div class=\"elementor-element elementor-element-3c1559e e-flex e-con-boxed e-con e-parent\" data-id=\"3c1559e\" data-element_type=\"container\" data-e-type=\"container\" data-settings=\"{&quot;background_background&quot;:&quot;classic&quot;,&quot;jet_parallax_layout_list&quot;:[]}\">\n\t\t\t\t\t<div class=\"e-con-inner\">\n\t\t<div class=\"elementor-element elementor-element-28b2365 e-con-full e-flex e-con e-child\" data-id=\"28b2365\" data-element_type=\"container\" data-e-type=\"container\" data-settings=\"{&quot;jet_parallax_layout_list&quot;:[]}\">\n\t\t\t\t<div class=\"elementor-element elementor-element-4963a6b elementor-widget elementor-widget-heading\" data-id=\"4963a6b\" data-element_type=\"widget\" data-e-type=\"widget\" data-widget_type=\"heading.default\">\n\t\t\t\t\t<h2 class=\"elementor-heading-title elementor-size-default\">Kolfilter f\u00f6r maskiner<\/h2>\t\t\t\t<\/div>\n\t\t\t\t<div class=\"elementor-element elementor-element-47fe1c4 elementor-widget-divider--view-line elementor-widget elementor-widget-divider\" data-id=\"47fe1c4\" data-element_type=\"widget\" data-e-type=\"widget\" data-widget_type=\"divider.default\">\n\t\t\t\t\t\t\t<div class=\"elementor-divider\">\n\t\t\t<span class=\"elementor-divider-separator\">\n\t\t\t\t\t\t<\/span>\n\t\t<\/div>\n\t\t\t\t\t\t<\/div>\n\t\t\t\t<div class=\"elementor-element elementor-element-8254ab1 elementor-widget elementor-widget-text-editor\" data-id=\"8254ab1\" data-element_type=\"widget\" data-e-type=\"widget\" data-widget_type=\"text-editor.default\">\n\t\t\t\t\t\t\t\t\t<p>I m\u00e5nga arbetsmilj\u00f6er, fr\u00e5n byggarbetsplatser till skog och gruvor, \u00e4r det avg\u00f6rande att skydda b\u00e5de maskiner och operat\u00f6rer fr\u00e5n skadliga partiklar och <a href=\"https:\/\/racoon.se\/sv_se\/2025\/08\/06\/gaser-i-arbetsmiljon\/\">gaser<\/a>. <a href=\"https:\/\/racoon.se\/sv_se\/luftfilter-produkt\/\">Racoon luftfilter<\/a> erbjuder en effektiv l\u00f6sning f\u00f6r att h\u00e5lla arbetsmilj\u00f6n ren och s\u00e4ker. V\u00e5rt sortiment av kolfilter \u00e4r skr\u00e4ddarsytt f\u00f6r att passa en rad maskiner och applikationer, inklusive lastbilar, gr\u00e4vmaskiner, skogsmaskiner, ventilationsrum, och m\u00e5nga fler. Med en patenterad konstruktion och h\u00f6gklassiga material kan vi garantera att v\u00e5ra filter ger den rening som beh\u00f6vs, oavsett om det g\u00e4ller f\u00f6r en gruva under jord eller en brandklassad rum.<\/p>\t\t\t\t\t\t\t\t<\/div>\n\t\t\t\t<div class=\"elementor-element elementor-element-d35cc22 elementor-mobile-align-center elementor-widget elementor-widget-button\" data-id=\"d35cc22\" data-element_type=\"widget\" data-e-type=\"widget\" data-widget_type=\"button.default\">\n\t\t\t\t\t\t\t\t\t\t<a class=\"elementor-button elementor-button-link elementor-size-sm\" href=\"\/kop\/\">\n\t\t\t\t\t\t<span class=\"elementor-button-content-wrapper\">\n\t\t\t\t\t\t\t\t\t<span class=\"elementor-button-text\">K\u00f6p v\u00e5ra luftfilter<\/span>\n\t\t\t\t\t<\/span>\n\t\t\t\t\t<\/a>\n\t\t\t\t\t\t\t\t<\/div>\n\t\t\t\t<\/div>\n\t\t<div class=\"elementor-element elementor-element-bef1f9d e-con-full e-flex e-con e-child\" data-id=\"bef1f9d\" data-element_type=\"container\" data-e-type=\"container\" data-settings=\"{&quot;jet_parallax_layout_list&quot;:[]}\">\n\t\t\t\t<div class=\"elementor-element elementor-element-fa265f2 elementor-widget elementor-widget-image\" data-id=\"fa265f2\" data-element_type=\"widget\" data-e-type=\"widget\" data-widget_type=\"image.default\">\n\t\t\t\t\t\t\t\t\t\t\t\t\t\t\t<img fetchpriority=\"high\" decoding=\"async\" width=\"700\" height=\"394\" src=\"https:\/\/racoon.se\/wp-content\/uploads\/2023\/03\/Filter_med_ram-700x394-1.jpg\" class=\"attachment-full size-full wp-image-685\" alt=\"Racoon hyttfilter till entreprenadmaskiner\" srcset=\"https:\/\/racoon.se\/wp-content\/uploads\/2023\/03\/Filter_med_ram-700x394-1.jpg 700w, https:\/\/racoon.se\/wp-content\/uploads\/2023\/03\/Filter_med_ram-700x394-1-300x169.jpg 300w, https:\/\/racoon.se\/wp-content\/uploads\/2023\/03\/Filter_med_ram-700x394-1-18x10.jpg 18w\" sizes=\"(max-width: 700px) 100vw, 700px\" title=\"\">\t\t\t\t\t\t\t\t\t\t\t\t\t\t\t<\/div>\n\t\t\t\t<\/div>\n\t\t\t\t\t<\/div>\n\t\t\t\t<\/div>\n\t\t<div class=\"elementor-element elementor-element-d6b2401 e-flex e-con-boxed e-con e-parent\" data-id=\"d6b2401\" data-element_type=\"container\" data-e-type=\"container\" data-settings=\"{&quot;background_background&quot;:&quot;classic&quot;,&quot;jet_parallax_layout_list&quot;:[]}\">\n\t\t\t\t\t<div class=\"e-con-inner\">\n\t\t<div class=\"elementor-element elementor-element-3c112e7 e-con-full e-flex e-con e-child\" data-id=\"3c112e7\" data-element_type=\"container\" data-e-type=\"container\" data-settings=\"{&quot;jet_parallax_layout_list&quot;:[]}\">\n\t\t\t\t<div class=\"elementor-element elementor-element-55bf2b0 elementor-widget elementor-widget-image\" data-id=\"55bf2b0\" data-element_type=\"widget\" data-e-type=\"widget\" data-widget_type=\"image.default\">\n\t\t\t\t\t\t\t\t\t\t\t\t\t\t\t<img decoding=\"async\" width=\"1920\" height=\"1440\" src=\"https:\/\/racoon.se\/wp-content\/uploads\/2023\/03\/v1-scaled.jpg\" class=\"attachment-full size-full wp-image-970\" alt=\"\" srcset=\"https:\/\/racoon.se\/wp-content\/uploads\/2023\/03\/v1-scaled.jpg 1920w, https:\/\/racoon.se\/wp-content\/uploads\/2023\/03\/v1-300x225.jpg 300w, https:\/\/racoon.se\/wp-content\/uploads\/2023\/03\/v1-1024x768.jpg 1024w, https:\/\/racoon.se\/wp-content\/uploads\/2023\/03\/v1-768x576.jpg 768w, https:\/\/racoon.se\/wp-content\/uploads\/2023\/03\/v1-1536x1152.jpg 1536w, https:\/\/racoon.se\/wp-content\/uploads\/2023\/03\/v1-2048x1536.jpg 2048w, https:\/\/racoon.se\/wp-content\/uploads\/2023\/03\/v1-16x12.jpg 16w\" sizes=\"(max-width: 1920px) 100vw, 1920px\" title=\"\">\t\t\t\t\t\t\t\t\t\t\t\t\t\t\t<\/div>\n\t\t\t\t<\/div>\n\t\t<div class=\"elementor-element elementor-element-c45052e e-con-full e-flex e-con e-child\" data-id=\"c45052e\" data-element_type=\"container\" data-e-type=\"container\" data-settings=\"{&quot;jet_parallax_layout_list&quot;:[]}\">\n\t\t\t\t<div class=\"elementor-element elementor-element-85b70d2 elementor-widget elementor-widget-heading\" data-id=\"85b70d2\" data-element_type=\"widget\" data-e-type=\"widget\" data-widget_type=\"heading.default\">\n\t\t\t\t\t<h2 class=\"elementor-heading-title elementor-size-default\">Vad renar kolfilter?<\/h2>\t\t\t\t<\/div>\n\t\t\t\t<div class=\"elementor-element elementor-element-626d424 elementor-widget-divider--view-line elementor-widget elementor-widget-divider\" data-id=\"626d424\" data-element_type=\"widget\" data-e-type=\"widget\" data-widget_type=\"divider.default\">\n\t\t\t\t\t\t\t<div class=\"elementor-divider\">\n\t\t\t<span class=\"elementor-divider-separator\">\n\t\t\t\t\t\t<\/span>\n\t\t<\/div>\n\t\t\t\t\t\t<\/div>\n\t\t\t\t<div class=\"elementor-element elementor-element-e882181 elementor-widget elementor-widget-text-editor\" data-id=\"e882181\" data-element_type=\"widget\" data-e-type=\"widget\" data-widget_type=\"text-editor.default\">\n\t\t\t\t\t\t\t\t\t<p>Kolfilter anv\u00e4nds f\u00f6r att avl\u00e4gsna b\u00e5de partiklar och gaser fr\u00e5n luften. De \u00e4r s\u00e4rskilt effektiva f\u00f6r att ta bort skadliga \u00e4mnen som kan vara skadliga f\u00f6r h\u00e4lsan eller skada k\u00e4nsliga maskindelar. V\u00e5ra kolfilter renar luften fr\u00e5n mikroskopiskt sm\u00e5 partiklar samt gaser som kan komma fr\u00e5n f\u00f6rbr\u00e4nning, kemiska reaktioner eller organismer. Det kan inkludera gaser som ammoniak, svaveldioxid, och sp\u00e5r\u00e4mnen som kan orsaka korrosion eller oh\u00e4lsa. Genom att anv\u00e4nda avancerade material och konstruktionstekniker erbjuder v\u00e5ra filter en h\u00f6g reningsgrad och l\u00e5ng h\u00e5llbarhet.<\/p>\t\t\t\t\t\t\t\t<\/div>\n\t\t\t\t<div class=\"elementor-element elementor-element-ea6d40c elementor-mobile-align-center elementor-widget elementor-widget-button\" data-id=\"ea6d40c\" data-element_type=\"widget\" data-e-type=\"widget\" data-widget_type=\"button.default\">\n\t\t\t\t\t\t\t\t\t\t<a class=\"elementor-button elementor-button-link elementor-size-sm\" href=\"\/kop\/\">\n\t\t\t\t\t\t<span class=\"elementor-button-content-wrapper\">\n\t\t\t\t\t\t\t\t\t<span class=\"elementor-button-text\">K\u00f6p v\u00e5ra luftfilter<\/span>\n\t\t\t\t\t<\/span>\n\t\t\t\t\t<\/a>\n\t\t\t\t\t\t\t\t<\/div>\n\t\t\t\t<\/div>\n\t\t\t\t\t<\/div>\n\t\t\t\t<\/div>\n\t\t<div class=\"elementor-element elementor-element-616a014 e-flex e-con-boxed e-con e-parent\" data-id=\"616a014\" data-element_type=\"container\" data-e-type=\"container\" data-settings=\"{&quot;background_background&quot;:&quot;classic&quot;,&quot;jet_parallax_layout_list&quot;:[]}\">\n\t\t\t\t\t<div class=\"e-con-inner\">\n\t\t<div class=\"elementor-element elementor-element-b7c135b e-con-full e-flex e-con e-child\" data-id=\"b7c135b\" data-element_type=\"container\" data-e-type=\"container\" data-settings=\"{&quot;jet_parallax_layout_list&quot;:[]}\">\n\t\t\t\t<div class=\"elementor-element elementor-element-5b32175 elementor-widget elementor-widget-heading\" data-id=\"5b32175\" data-element_type=\"widget\" data-e-type=\"widget\" data-widget_type=\"heading.default\">\n\t\t\t\t\t<h2 class=\"elementor-heading-title elementor-size-default\">Hur Racoon luftfilter skiljer sig fr\u00e5n vanliga kolfilter<\/h2>\t\t\t\t<\/div>\n\t\t\t\t<div class=\"elementor-element elementor-element-d34ba07 elementor-widget-divider--view-line elementor-widget elementor-widget-divider\" data-id=\"d34ba07\" data-element_type=\"widget\" data-e-type=\"widget\" data-widget_type=\"divider.default\">\n\t\t\t\t\t\t\t<div class=\"elementor-divider\">\n\t\t\t<span class=\"elementor-divider-separator\">\n\t\t\t\t\t\t<\/span>\n\t\t<\/div>\n\t\t\t\t\t\t<\/div>\n\t\t\t\t<div class=\"elementor-element elementor-element-556599b elementor-widget elementor-widget-text-editor\" data-id=\"556599b\" data-element_type=\"widget\" data-e-type=\"widget\" data-widget_type=\"text-editor.default\">\n\t\t\t\t\t\t\t\t\t<p><style>\na {\n    text-decoration: none;\n    color: #464feb;\n}\ntr th, tr td {\n    border: 1px solid #e6e6e6;\n}\ntr th {\n    background-color: #f5f5f5;\n}\n<\/style><\/p><div><p>Till skillnad fr\u00e5n traditionella kolfilter erbjuder vi avancerad gasfiltrering med flera olika \u00e4mnen, kombinerat med effektiv partikelfiltrering i ett och samma filter.<\/p><p>Vi anpassar skyddsniv\u00e5n efter dina behov \u2013 beroende p\u00e5 vilka gaser och koncentrationer du vill skydda dig mot.<br \/>Med Racoon f\u00e5r du en unik l\u00f6sning som \u00e4r b\u00e5de flexibel och ger marknadens h\u00f6gsta niv\u00e5 av gasfiltrering.<\/p><\/div>\t\t\t\t\t\t\t\t<\/div>\n\t\t\t\t<div class=\"elementor-element elementor-element-a8d6e65 elementor-mobile-align-center elementor-widget elementor-widget-button\" data-id=\"a8d6e65\" data-element_type=\"widget\" data-e-type=\"widget\" data-widget_type=\"button.default\">\n\t\t\t\t\t\t\t\t\t\t<a class=\"elementor-button elementor-button-link elementor-size-sm\" href=\"\/kop\/\">\n\t\t\t\t\t\t<span class=\"elementor-button-content-wrapper\">\n\t\t\t\t\t\t\t\t\t<span class=\"elementor-button-text\">K\u00f6p v\u00e5ra luftfilter<\/span>\n\t\t\t\t\t<\/span>\n\t\t\t\t\t<\/a>\n\t\t\t\t\t\t\t\t<\/div>\n\t\t\t\t<\/div>\n\t\t<div class=\"elementor-element elementor-element-b7d5aad e-con-full e-flex e-con e-child\" data-id=\"b7d5aad\" data-element_type=\"container\" data-e-type=\"container\" data-settings=\"{&quot;jet_parallax_layout_list&quot;:[]}\">\n\t\t\t\t<div class=\"elementor-element elementor-element-456ab8e elementor-widget elementor-widget-image\" data-id=\"456ab8e\" data-element_type=\"widget\" data-e-type=\"widget\" data-widget_type=\"image.default\">\n\t\t\t\t\t\t\t\t\t\t\t\t\t\t\t<img decoding=\"async\" width=\"867\" height=\"694\" src=\"https:\/\/racoon.se\/wp-content\/uploads\/2023\/07\/Biorefil-6.jpg.webp\" class=\"attachment-full size-full wp-image-1330\" alt=\"\u00c5tervunnet material till luftfilter\" srcset=\"https:\/\/racoon.se\/wp-content\/uploads\/2023\/07\/Biorefil-6.jpg.webp 867w, https:\/\/racoon.se\/wp-content\/uploads\/2023\/07\/Biorefil-6.jpg-300x240.webp 300w, https:\/\/racoon.se\/wp-content\/uploads\/2023\/07\/Biorefil-6.jpg-768x615.webp 768w, https:\/\/racoon.se\/wp-content\/uploads\/2023\/07\/Biorefil-6.jpg-15x12.webp 15w\" sizes=\"(max-width: 867px) 100vw, 867px\" title=\"\">\t\t\t\t\t\t\t\t\t\t\t\t\t\t\t<\/div>\n\t\t\t\t<\/div>\n\t\t\t\t\t<\/div>\n\t\t\t\t<\/div>\n\t\t<div class=\"elementor-element elementor-element-a0a2336 e-flex e-con-boxed e-con e-parent\" data-id=\"a0a2336\" data-element_type=\"container\" data-e-type=\"container\" data-settings=\"{&quot;background_background&quot;:&quot;classic&quot;,&quot;jet_parallax_layout_list&quot;:[]}\">\n\t\t\t\t\t<div class=\"e-con-inner\">\n\t\t<div class=\"elementor-element elementor-element-c8c4997 e-con-full e-flex e-con e-child\" data-id=\"c8c4997\" data-element_type=\"container\" data-e-type=\"container\" data-settings=\"{&quot;jet_parallax_layout_list&quot;:[]}\">\n\t\t\t\t<div class=\"elementor-element elementor-element-72b2a23 elementor-widget elementor-widget-image\" data-id=\"72b2a23\" data-element_type=\"widget\" data-e-type=\"widget\" data-widget_type=\"image.default\">\n\t\t\t\t\t\t\t\t\t\t\t\t\t\t\t<img loading=\"lazy\" decoding=\"async\" width=\"700\" height=\"467\" src=\"https:\/\/racoon.se\/wp-content\/uploads\/2023\/04\/stefan_olle_i_produktion.jpg\" class=\"attachment-full size-full wp-image-1071\" alt=\"\" srcset=\"https:\/\/racoon.se\/wp-content\/uploads\/2023\/04\/stefan_olle_i_produktion.jpg 700w, https:\/\/racoon.se\/wp-content\/uploads\/2023\/04\/stefan_olle_i_produktion-300x200.jpg 300w, https:\/\/racoon.se\/wp-content\/uploads\/2023\/04\/stefan_olle_i_produktion-18x12.jpg 18w\" sizes=\"(max-width: 700px) 100vw, 700px\" title=\"\">\t\t\t\t\t\t\t\t\t\t\t\t\t\t\t<\/div>\n\t\t\t\t<\/div>\n\t\t<div class=\"elementor-element elementor-element-a267983 e-con-full e-flex e-con e-child\" data-id=\"a267983\" data-element_type=\"container\" data-e-type=\"container\" data-settings=\"{&quot;jet_parallax_layout_list&quot;:[]}\">\n\t\t\t\t<div class=\"elementor-element elementor-element-ba1cf2d elementor-widget elementor-widget-heading\" data-id=\"ba1cf2d\" data-element_type=\"widget\" data-e-type=\"widget\" data-widget_type=\"heading.default\">\n\t\t\t\t\t<h2 class=\"elementor-heading-title elementor-size-default\">V\u00e4rna om maskinf\u00f6raren \u2013 kontakta oss p\u00e5 Racoon<\/h2>\t\t\t\t<\/div>\n\t\t\t\t<div class=\"elementor-element elementor-element-fb75dbc elementor-widget-divider--view-line elementor-widget elementor-widget-divider\" data-id=\"fb75dbc\" data-element_type=\"widget\" data-e-type=\"widget\" data-widget_type=\"divider.default\">\n\t\t\t\t\t\t\t<div class=\"elementor-divider\">\n\t\t\t<span class=\"elementor-divider-separator\">\n\t\t\t\t\t\t<\/span>\n\t\t<\/div>\n\t\t\t\t\t\t<\/div>\n\t\t\t\t<div class=\"elementor-element elementor-element-da4bc93 elementor-widget elementor-widget-text-editor\" data-id=\"da4bc93\" data-element_type=\"widget\" data-e-type=\"widget\" data-widget_type=\"text-editor.default\">\n\t\t\t\t\t\t\t\t\t<p>N\u00e4r det kommer till att skydda b\u00e5de maskiner och m\u00e4nniskor \u00e4r det viktigt att v\u00e4lja <a href=\"https:\/\/www.svetsning.nu\/arbetsmiljo\/vilka-filter-ska-anvandas-for-att-filtrera-svetsrok\/\" target=\"_blank\" rel=\"noopener\">r\u00e4tt luftfilter<\/a>. Racoon erbjuder inte bara filter med h\u00f6g reningsgrad, utan ocks\u00e5 med en design som klarar de p\u00e5frestningar som kan uppst\u00e5 vid tuffa arbetsf\u00f6rh\u00e5llanden. Oavsett om det handlar om tunga maskiner som gr\u00e4vmaskiner under jord eller k\u00e4nsliga milj\u00f6er som ventilationsrum, \u00e4r v\u00e5ra filter utformade f\u00f6r att ge optimalt skydd. V\u00e4rna om din maskinf\u00f6rare och investera i de b\u00e4sta luftfiltren f\u00f6r att s\u00e4kerst\u00e4lla en ren och s\u00e4ker arbetsmilj\u00f6. Kontakta oss p\u00e5 Racoon f\u00f6r mer information om v\u00e5ra skr\u00e4ddarsydda l\u00f6sningar.<\/p>\t\t\t\t\t\t\t\t<\/div>\n\t\t\t\t<div class=\"elementor-element elementor-element-685e909 elementor-mobile-align-center elementor-widget elementor-widget-button\" data-id=\"685e909\" data-element_type=\"widget\" data-e-type=\"widget\" data-widget_type=\"button.default\">\n\t\t\t\t\t\t\t\t\t\t<a class=\"elementor-button elementor-button-link elementor-size-sm\" href=\"\/kop\/\">\n\t\t\t\t\t\t<span class=\"elementor-button-content-wrapper\">\n\t\t\t\t\t\t\t\t\t<span class=\"elementor-button-text\">K\u00f6p v\u00e5ra luftfilter<\/span>\n\t\t\t\t\t<\/span>\n\t\t\t\t\t<\/a>\n\t\t\t\t\t\t\t\t<\/div>\n\t\t\t\t<\/div>\n\t\t\t\t\t<\/div>\n\t\t\t\t<\/div>\n\t\t\t\t<\/div>\n\t\t","protected":false},"excerpt":{"rendered":"<p>Kolfilter f\u00f6r maskiner I m\u00e5nga arbetsmilj\u00f6er, fr\u00e5n byggarbetsplatser till skog och gruvor, \u00e4r det avg\u00f6rande att skydda b\u00e5de maskiner och operat\u00f6rer fr\u00e5n skadliga partiklar och gaser. Racoon luftfilter erbjuder en effektiv l\u00f6sning f\u00f6r att h\u00e5lla arbetsmilj\u00f6n ren och s\u00e4ker. V\u00e5rt sortiment av kolfilter \u00e4r skr\u00e4ddarsytt f\u00f6r att passa en rad maskiner och applikationer, inklusive lastbilar, [&hellip;]<\/p>\n","protected":false},"author":3,"featured_media":0,"parent":6,"menu_order":0,"comment_status":"closed","ping_status":"closed","template":"","meta":{"site-sidebar-layout":"no-sidebar","site-content-layout":"page-builder","ast-site-content-layout":"full-width-container","site-content-style":"default","site-sidebar-style":"default","ast-global-header-display":"","ast-banner-title-visibility":"","ast-main-header-display":"","ast-hfb-above-header-display":"","ast-hfb-below-header-display":"","ast-hfb-mobile-header-display":"","site-post-title":"","ast-breadcrumbs-content":"","ast-featured-img":"disabled","footer-sml-layout":"","ast-disable-related-posts":"","theme-transparent-header-meta":"","adv-header-id-meta":"","stick-header-meta":"","header-above-stick-meta":"","header-main-stick-meta":"","header-below-stick-meta":"","astra-migrate-meta-layouts":"set","ast-page-background-enabled":"default","ast-page-background-meta":{"desktop":{"background-color":"","background-image":"","background-repeat":"repeat","background-position":"center center","background-size":"auto","background-attachment":"scroll","background-type":"","background-media":"","overlay-type":"","overlay-color":"","overlay-opacity":"","overlay-gradient":""},"tablet":{"background-color":"","background-image":"","background-repeat":"repeat","background-position":"center center","background-size":"auto","background-attachment":"scroll","background-type":"","background-media":"","overlay-type":"","overlay-color":"","overlay-opacity":"","overlay-gradient":""},"mobile":{"background-color":"","background-image":"","background-repeat":"repeat","background-position":"center center","background-size":"auto","background-attachment":"scroll","background-type":"","background-media":"","overlay-type":"","overlay-color":"","overlay-opacity":"","overlay-gradient":""}},"ast-content-background-meta":{"desktop":{"background-color":"var(--ast-global-color-5)","background-image":"","background-repeat":"repeat","background-position":"center center","background-size":"auto","background-attachment":"scroll","background-type":"","background-media":"","overlay-type":"","overlay-color":"","overlay-opacity":"","overlay-gradient":""},"tablet":{"background-color":"var(--ast-global-color-5)","background-image":"","background-repeat":"repeat","background-position":"center center","background-size":"auto","background-attachment":"scroll","background-type":"","background-media":"","overlay-type":"","overlay-color":"","overlay-opacity":"","overlay-gradient":""},"mobile":{"background-color":"var(--ast-global-color-5)","background-image":"","background-repeat":"repeat","background-position":"center center","background-size":"auto","background-attachment":"scroll","background-type":"","background-media":"","overlay-type":"","overlay-color":"","overlay-opacity":"","overlay-gradient":""}},"footnotes":""},"class_list":["post-2209","page","type-page","status-publish","hentry"],"_links":{"self":[{"href":"https:\/\/racoon.se\/sv_se\/wp-json\/wp\/v2\/pages\/2209","targetHints":{"allow":["GET"]}}],"collection":[{"href":"https:\/\/racoon.se\/sv_se\/wp-json\/wp\/v2\/pages"}],"about":[{"href":"https:\/\/racoon.se\/sv_se\/wp-json\/wp\/v2\/types\/page"}],"author":[{"embeddable":true,"href":"https:\/\/racoon.se\/sv_se\/wp-json\/wp\/v2\/users\/3"}],"replies":[{"embeddable":true,"href":"https:\/\/racoon.se\/sv_se\/wp-json\/wp\/v2\/comments?post=2209"}],"version-history":[{"count":16,"href":"https:\/\/racoon.se\/sv_se\/wp-json\/wp\/v2\/pages\/2209\/revisions"}],"predecessor-version":[{"id":2366,"href":"https:\/\/racoon.se\/sv_se\/wp-json\/wp\/v2\/pages\/2209\/revisions\/2366"}],"up":[{"embeddable":true,"href":"https:\/\/racoon.se\/sv_se\/wp-json\/wp\/v2\/pages\/6"}],"wp:attachment":[{"href":"https:\/\/racoon.se\/sv_se\/wp-json\/wp\/v2\/media?parent=2209"}],"curies":[{"name":"wp","href":"https:\/\/api.w.org\/{rel}","templated":true}]}}