{"id":2177,"date":"2025-09-05T13:41:12","date_gmt":"2025-09-05T11:41:12","guid":{"rendered":"https:\/\/racoon.se\/?page_id=2177"},"modified":"2026-03-19T10:00:56","modified_gmt":"2026-03-19T09:00:56","slug":"hyttfilter","status":"publish","type":"page","link":"https:\/\/racoon.se\/sv_se\/luftfilter\/hyttfilter\/","title":{"rendered":"Hyttfilter"},"content":{"rendered":"\t\t<div data-elementor-type=\"wp-page\" data-elementor-id=\"2177\" class=\"elementor elementor-2177\" data-elementor-post-type=\"page\">\n\t\t\t\t<div class=\"elementor-element elementor-element-1796252 e-flex e-con-boxed e-con e-parent\" data-id=\"1796252\" data-element_type=\"container\" data-e-type=\"container\" data-settings=\"{&quot;background_background&quot;:&quot;classic&quot;,&quot;jet_parallax_layout_list&quot;:[]}\">\n\t\t\t\t\t<div class=\"e-con-inner\">\n\t\t\t\t\t<\/div>\n\t\t\t\t<\/div>\n\t\t<div class=\"elementor-element elementor-element-5d8e0cc e-flex e-con-boxed e-con e-parent\" data-id=\"5d8e0cc\" data-element_type=\"container\" data-e-type=\"container\" data-settings=\"{&quot;jet_parallax_layout_list&quot;:[]}\">\n\t\t\t\t\t<div class=\"e-con-inner\">\n\t\t<div class=\"elementor-element elementor-element-8faa8b9 e-con-full e-flex e-con e-child\" data-id=\"8faa8b9\" data-element_type=\"container\" data-e-type=\"container\" data-settings=\"{&quot;jet_parallax_layout_list&quot;:[]}\">\n\t\t\t\t<div class=\"elementor-element elementor-element-9b8aac9 elementor-widget elementor-widget-jet-breadcrumbs\" data-id=\"9b8aac9\" data-element_type=\"widget\" data-e-type=\"widget\" data-widget_type=\"jet-breadcrumbs.default\">\n\t\t\t\t<div class=\"elementor-widget-container\">\n\t\t\t\t\t<div class=\"elementor-jet-breadcrumbs jet-blocks\">\n\t\t<div class=\"jet-breadcrumbs\">\n\t\t<div class=\"jet-breadcrumbs__content\">\n\t\t<div class=\"jet-breadcrumbs__wrap\"><div class=\"jet-breadcrumbs__item\"><a href=\"https:\/\/racoon.se\/sv_se\/\" class=\"jet-breadcrumbs__item-link is-home\" rel=\"home\" title=\"Hem\">Hem<\/a><\/div>\n\t\t<\/div>\n\t\t<\/div>\n\t\t<\/div><\/div>\t\t\t\t<\/div>\n\t\t\t\t<\/div>\n\t\t<div class=\"elementor-element elementor-element-4cef36b e-con-full e-flex e-con e-child\" data-id=\"4cef36b\" data-element_type=\"container\" data-e-type=\"container\" data-settings=\"{&quot;jet_parallax_layout_list&quot;:[]}\">\n\t\t<div class=\"elementor-element elementor-element-a277aee e-con-full e-flex e-con e-child\" data-id=\"a277aee\" data-element_type=\"container\" data-e-type=\"container\" data-settings=\"{&quot;jet_parallax_layout_list&quot;:[]}\">\n\t\t\t\t<div class=\"elementor-element elementor-element-4675c1c elementor-widget elementor-widget-text-editor\" data-id=\"4675c1c\" data-element_type=\"widget\" data-e-type=\"widget\" data-widget_type=\"text-editor.default\">\n\t\t\t\t\t\t\t\t\t<p>Hyttfilter installeras direkt i hyttens ventilationssystem och \u00e4r utformat f\u00f6r att s\u00e4kerst\u00e4lla att f\u00f6raren andas ren och filtrerad luft. <a href=\"https:\/\/racoon.se\/sv_se\/luftfilter-produkt\/\">Filtren<\/a> stoppar damm, gaser, pollen och skadliga mikroorganismer innan luften n\u00e5r hytten, vilket minskar exponeringen f\u00f6r \u00e4mnen som kan p\u00e5verka h\u00e4lsa och koncentration under arbetsdagen. Racoons hyttfilter \u00e4r testade f\u00f6r att klara vibrationer, temperaturv\u00e4xlingar och h\u00f6ga s\u00e4kerhetskrav och \u00e4r utvecklade enligt standarder som <a href=\"https:\/\/racoon.se\/sv_se\/luftfilter\/en-779-filter\/\">EN779<\/a>, EN1822 och EN149.<\/p><ul class=\"elementor-icon-list-items\"><li class=\"elementor-icon-list-item\"><a href=\"mailto:info@racoon.se\"><span class=\"elementor-icon-list-text\">E-post: info@racoon.se<\/span><\/a><\/li><li class=\"elementor-icon-list-item\"><a href=\"tel:093415399\"><span class=\"elementor-icon-list-text\">Telefon: 0934 &#8211; 153 99<\/span><\/a><\/li><\/ul>\t\t\t\t\t\t\t\t<\/div>\n\t\t\t\t<\/div>\n\t\t<div class=\"elementor-element elementor-element-008a228 e-con-full e-flex e-con e-child\" data-id=\"008a228\" data-element_type=\"container\" data-e-type=\"container\" data-settings=\"{&quot;jet_parallax_layout_list&quot;:[]}\">\n\t\t\t\t<div class=\"elementor-element elementor-element-7ec728e elementor-widget elementor-widget-image\" data-id=\"7ec728e\" data-element_type=\"widget\" data-e-type=\"widget\" data-widget_type=\"image.default\">\n\t\t\t\t\t\t\t\t\t\t\t\t\t\t\t<img fetchpriority=\"high\" decoding=\"async\" width=\"1024\" height=\"576\" src=\"https:\/\/racoon.se\/wp-content\/uploads\/2023\/03\/20200824_081711-1024x576.jpg\" class=\"attachment-large size-large wp-image-964\" alt=\"Luftfilter\" srcset=\"https:\/\/racoon.se\/wp-content\/uploads\/2023\/03\/20200824_081711-1024x576.jpg 1024w, https:\/\/racoon.se\/wp-content\/uploads\/2023\/03\/20200824_081711-300x169.jpg 300w, https:\/\/racoon.se\/wp-content\/uploads\/2023\/03\/20200824_081711-768x432.jpg 768w, https:\/\/racoon.se\/wp-content\/uploads\/2023\/03\/20200824_081711-1536x864.jpg 1536w, https:\/\/racoon.se\/wp-content\/uploads\/2023\/03\/20200824_081711-2048x1152.jpg 2048w, https:\/\/racoon.se\/wp-content\/uploads\/2023\/03\/20200824_081711-18x10.jpg 18w, https:\/\/racoon.se\/wp-content\/uploads\/2023\/03\/20200824_081711-scaled.jpg 1920w\" sizes=\"(max-width: 1024px) 100vw, 1024px\" title=\"\">\t\t\t\t\t\t\t\t\t\t\t\t\t\t\t<\/div>\n\t\t\t\t<\/div>\n\t\t\t\t<\/div>\n\t\t<div class=\"elementor-element elementor-element-bde7374 e-con-full e-flex e-con e-child\" data-id=\"bde7374\" data-element_type=\"container\" data-e-type=\"container\" data-settings=\"{&quot;jet_parallax_layout_list&quot;:[]}\">\n\t\t<div class=\"elementor-element elementor-element-82fb668 e-con-full e-flex e-con e-child\" data-id=\"82fb668\" data-element_type=\"container\" data-e-type=\"container\" data-settings=\"{&quot;jet_parallax_layout_list&quot;:[]}\">\n\t\t\t\t<div class=\"elementor-element elementor-element-21ec463 elementor-widget elementor-widget-text-editor\" data-id=\"21ec463\" data-element_type=\"widget\" data-e-type=\"widget\" data-widget_type=\"text-editor.default\">\n\t\t\t\t\t\t\t\t\t<h2 data-start=\"840\" data-end=\"867\">Hyttfilter fr\u00e5n Racoon<\/h2><p data-start=\"692\" data-end=\"797\">Hyttfiltren f\u00f6rb\u00e4ttrar luftkvaliteten och arbetsmilj\u00f6n f\u00f6r f\u00f6raren genom:<\/p><ul><li data-start=\"800\" data-end=\"880\">Avskiljning av damm, pollen, gaser och mikroorganismer innan luften n\u00e5r hytten<\/li><li data-start=\"883\" data-end=\"982\">Bidrag till ett flerlagersfiltreringssystem n\u00e4r de anv\u00e4nds tillsammans med ytter- och innerfilter<\/li><li data-start=\"985\" data-end=\"1070\">L\u00e4ngre livsl\u00e4ngd p\u00e5 ventilationssystemets huvudfilter genom att minska igens\u00e4ttning<\/li><li data-start=\"1073\" data-end=\"1141\">Stabil filtreringsprestanda \u00e4ven under kr\u00e4vande arbetsf\u00f6rh\u00e5llanden<\/li><\/ul><p data-start=\"1143\" data-end=\"1367\">Genom att anv\u00e4nda <a href=\"https:\/\/www.maskinhandlare.se\/kopguide\/dags-att-investera-i-ett-nytt-hyttfilter-till-hjullastaren\/\" target=\"_blank\" rel=\"noopener\">hyttfilter<\/a> i kombination med Racoon ytter- och innerfilter kan entreprenadmaskiner s\u00e4kerst\u00e4lla ett kontinuerligt skydd mot luftburna partiklar och skapa en renare och h\u00e4lsosammare arbetsmilj\u00f6 f\u00f6r f\u00f6raren.<\/p>\t\t\t\t\t\t\t\t<\/div>\n\t\t\t\t<\/div>\n\t\t<div class=\"elementor-element elementor-element-8c79665 e-con-full e-flex e-con e-child\" data-id=\"8c79665\" data-element_type=\"container\" data-e-type=\"container\" data-settings=\"{&quot;jet_parallax_layout_list&quot;:[]}\">\n\t\t\t\t<div class=\"elementor-element elementor-element-40e727d elementor-widget elementor-widget-image\" data-id=\"40e727d\" data-element_type=\"widget\" data-e-type=\"widget\" data-widget_type=\"image.default\">\n\t\t\t\t\t\t\t\t\t\t\t\t\t\t\t<img decoding=\"async\" width=\"867\" height=\"694\" src=\"https:\/\/racoon.se\/wp-content\/uploads\/2023\/07\/Biorefil-6.jpg.webp\" class=\"attachment-large size-large wp-image-1330\" alt=\"\u00c5tervunnet material till luftfilter\" srcset=\"https:\/\/racoon.se\/wp-content\/uploads\/2023\/07\/Biorefil-6.jpg.webp 867w, https:\/\/racoon.se\/wp-content\/uploads\/2023\/07\/Biorefil-6.jpg-300x240.webp 300w, https:\/\/racoon.se\/wp-content\/uploads\/2023\/07\/Biorefil-6.jpg-768x615.webp 768w, https:\/\/racoon.se\/wp-content\/uploads\/2023\/07\/Biorefil-6.jpg-15x12.webp 15w\" sizes=\"(max-width: 867px) 100vw, 867px\" title=\"\">\t\t\t\t\t\t\t\t\t\t\t\t\t\t\t<\/div>\n\t\t\t\t<\/div>\n\t\t\t\t<\/div>\n\t\t<div class=\"elementor-element elementor-element-277633d e-con-full e-flex e-con e-child\" data-id=\"277633d\" data-element_type=\"container\" data-e-type=\"container\" data-settings=\"{&quot;jet_parallax_layout_list&quot;:[]}\">\n\t\t<div class=\"elementor-element elementor-element-9dd2d7f e-con-full e-flex e-con e-child\" data-id=\"9dd2d7f\" data-element_type=\"container\" data-e-type=\"container\" data-settings=\"{&quot;jet_parallax_layout_list&quot;:[]}\">\n\t\t\t\t<div class=\"elementor-element elementor-element-bb36120 elementor-widget elementor-widget-text-editor\" data-id=\"bb36120\" data-element_type=\"widget\" data-e-type=\"widget\" data-widget_type=\"text-editor.default\">\n\t\t\t\t\t\t\t\t\t<h3 data-start=\"1346\" data-end=\"1378\">Hur v\u00e5ra filter sticker ut<\/h3><p data-start=\"1379\" data-end=\"1621\">Racoons filterl\u00f6sningar \u00e4r framtagna f\u00f6r att klara b\u00e5de vardagliga och extrema arbetsf\u00f6rh\u00e5llanden. F\u00f6rfiltret \u00e4r robust, drifts\u00e4kert och utvecklat f\u00f6r att m\u00f6ta internationella standarder. N\u00e5gra av de egenskaper som g\u00f6r v\u00e5ra filter unika \u00e4r:<\/p><ul><li data-start=\"1625\" data-end=\"1776\"><strong data-start=\"1625\" data-end=\"1644\">H\u00f6g reningsgrad<\/strong> \u2013 filtrerar luften enligt EN779 (minimum F9). F\u00e5ngar \u00e4ven mycket sm\u00e5 partiklar som andra filter inte klarar av.<\/li><li data-start=\"1779\" data-end=\"1921\"><strong data-start=\"1779\" data-end=\"1813\">Uppfyller gaskrav enligt EN149<\/strong> \u2013 tar upp gaser fr\u00e5n spor\u00e4mnen, organismer och bakterier, vilket f\u00f6rb\u00e4ttrar luftens kvalitet ytterligare.<\/li><li data-start=\"1924\" data-end=\"2047\"><strong data-start=\"1924\" data-end=\"1951\">Motst\u00e5ndskraft mot fukt<\/strong> \u2013 filtermaterialet st\u00f6ter ifr\u00e5n sig fukt och bibeh\u00e5ller sin prestanda \u00e4ven i fuktiga milj\u00f6er.<\/li><li data-start=\"2050\" data-end=\"2186\"><strong data-start=\"2050\" data-end=\"2078\">T\u00e5l extrema temperaturer<\/strong> \u2013 utvecklade f\u00f6r att klara kyla ner till -50 \u00b0C enligt NATOs krav och h\u00f6ga temperaturer upp till +150 \u00b0C.<\/li><li data-start=\"2189\" data-end=\"2294\"><strong data-start=\"2189\" data-end=\"2212\">Brands\u00e4kra material<\/strong> \u2013 kan m\u00f6ta standarder som ULH 94HF, FMV22302 eller Far Part 25.<\/li><li data-start=\"2297\" data-end=\"2451\"><strong data-start=\"2297\" data-end=\"2331\">Vibrationss\u00e4kra konstruktioner<\/strong> \u2013 testade f\u00f6r att t\u00e5la kraftiga vibrationer och uppfyller tryck- och explosionsgrad 9G enligt NATO:s specifikationer.<\/li><li data-start=\"2454\" data-end=\"2572\"><strong data-start=\"2454\" data-end=\"2476\">Enkel installation<\/strong> \u2013 OEM-anpassade f\u00f6r att passa direkt utan modifieringar, vilket g\u00f6r byten snabba och smidiga.<\/li><\/ul>\t\t\t\t\t\t\t\t<\/div>\n\t\t\t\t<\/div>\n\t\t<div class=\"elementor-element elementor-element-850ba54 e-con-full e-flex e-con e-child\" data-id=\"850ba54\" data-element_type=\"container\" data-e-type=\"container\" data-settings=\"{&quot;jet_parallax_layout_list&quot;:[]}\">\n\t\t\t\t<div class=\"elementor-element elementor-element-669a5ab elementor-widget elementor-widget-video\" data-id=\"669a5ab\" data-element_type=\"widget\" data-e-type=\"widget\" data-settings=\"{&quot;youtube_url&quot;:&quot;youtube.com\\\/watch?v=CUktA85AUes&amp;embeds_referring_euri=https%3A%2F%2Fracoon.se%2F&amp;embeds_referring_origin=https%3A%2F%2Fracoon.se&amp;source_ve_path=MjM4NTE&quot;,&quot;video_type&quot;:&quot;youtube&quot;,&quot;controls&quot;:&quot;yes&quot;}\" data-widget_type=\"video.default\">\n\t\t\t\t\t\t\t<div class=\"elementor-wrapper elementor-open-inline\">\n\t\t\t<div class=\"elementor-video\"><\/div>\t\t<\/div>\n\t\t\t\t\t\t<\/div>\n\t\t<div class=\"elementor-element elementor-element-3611cda e-con-full e-flex e-con e-child\" data-id=\"3611cda\" data-element_type=\"container\" data-e-type=\"container\" data-settings=\"{&quot;background_background&quot;:&quot;classic&quot;,&quot;jet_parallax_layout_list&quot;:[]}\">\n\t\t\t\t<div class=\"elementor-element elementor-element-c2cfa32 elementor-widget elementor-widget-text-editor\" data-id=\"c2cfa32\" data-element_type=\"widget\" data-e-type=\"widget\" data-widget_type=\"text-editor.default\">\n\t\t\t\t\t\t\t\t\t<h2 data-start=\"2574\" data-end=\"2592\">Kontakta oss<\/h2><p data-start=\"2593\" data-end=\"2827\">Vill du veta mer om hur Racoons hyttfilter kan f\u00f6rb\u00e4ttra livsl\u00e4ngden p\u00e5 dina filtersystem och skapa en s\u00e4krare arbetsmilj\u00f6? H\u00f6r av dig till oss \u2013 vi ber\u00e4ttar g\u00e4rna mer och hj\u00e4lper dig hitta den l\u00f6sning som passar b\u00e4st f\u00f6r dina behov.<\/p>\t\t\t\t\t\t\t\t<\/div>\n\t\t\t\t<div class=\"elementor-element elementor-element-559f8b4 elementor-widget elementor-widget-button\" data-id=\"559f8b4\" data-element_type=\"widget\" data-e-type=\"widget\" data-widget_type=\"button.default\">\n\t\t\t\t\t\t\t\t\t\t<a class=\"elementor-button elementor-button-link elementor-size-sm\" href=\"https:\/\/racoon.se\/sv_se\/kontakt\/\">\n\t\t\t\t\t\t<span class=\"elementor-button-content-wrapper\">\n\t\t\t\t\t\t\t\t\t<span class=\"elementor-button-text\">Kontakta oss<\/span>\n\t\t\t\t\t<\/span>\n\t\t\t\t\t<\/a>\n\t\t\t\t\t\t\t\t<\/div>\n\t\t\t\t<\/div>\n\t\t\t\t<\/div>\n\t\t\t\t<\/div>\n\t\t<div class=\"elementor-element elementor-element-5760a78 e-con-full e-flex e-con e-child\" data-id=\"5760a78\" data-element_type=\"container\" data-e-type=\"container\" data-settings=\"{&quot;jet_parallax_layout_list&quot;:[]}\">\n\t\t<div class=\"elementor-element elementor-element-5fe108b e-con-full e-flex e-con e-child\" data-id=\"5fe108b\" data-element_type=\"container\" data-e-type=\"container\" data-settings=\"{&quot;jet_parallax_layout_list&quot;:[]}\">\n\t\t\t\t<div class=\"elementor-element elementor-element-3f4af06 elementor-widget elementor-widget-text-editor\" data-id=\"3f4af06\" data-element_type=\"widget\" data-e-type=\"widget\" data-widget_type=\"text-editor.default\">\n\t\t\t\t\t\t\t\t\t<hr \/><p>Du hittar v\u00e5ra luftfilter i en m\u00e4ngd olika maskiner och anv\u00e4ndningsomr\u00e5den. Bland annat:<\/p><ul><li>Lastbilar<\/li><li>Minr\u00f6jare<\/li><li>Skogsmaskiner<\/li><li>Sk\u00f6rdare<\/li><li>Skotare<\/li><li>Ventilationsrum<\/li><li>Gr\u00e4vmaskiner ovan och under jord<\/li><li>Personbilar<\/li><li>Brandklassade rum<\/li><li>Skyddsrum<\/li><\/ul>\t\t\t\t\t\t\t\t<\/div>\n\t\t\t\t<\/div>\n\t\t\t\t<\/div>\n\t\t\t\t<\/div>\n\t\t\t\t\t<\/div>\n\t\t\t\t<\/div>\n\t\t\t\t<\/div>\n\t\t","protected":false},"excerpt":{"rendered":"<p>Hem Hyttfilter installeras direkt i hyttens ventilationssystem och \u00e4r utformat f\u00f6r att s\u00e4kerst\u00e4lla att f\u00f6raren andas ren och filtrerad luft. Filtren stoppar damm, gaser, pollen och skadliga mikroorganismer innan luften n\u00e5r hytten, vilket minskar exponeringen f\u00f6r \u00e4mnen som kan p\u00e5verka h\u00e4lsa och koncentration under arbetsdagen. Racoons hyttfilter \u00e4r testade f\u00f6r att klara vibrationer, temperaturv\u00e4xlingar och [&hellip;]<\/p>\n","protected":false},"author":3,"featured_media":0,"parent":6,"menu_order":0,"comment_status":"closed","ping_status":"closed","template":"","meta":{"site-sidebar-layout":"no-sidebar","site-content-layout":"page-builder","ast-site-content-layout":"full-width-container","site-content-style":"default","site-sidebar-style":"default","ast-global-header-display":"","ast-banner-title-visibility":"","ast-main-header-display":"","ast-hfb-above-header-display":"","ast-hfb-below-header-display":"","ast-hfb-mobile-header-display":"","site-post-title":"","ast-breadcrumbs-content":"","ast-featured-img":"disabled","footer-sml-layout":"","ast-disable-related-posts":"","theme-transparent-header-meta":"","adv-header-id-meta":"","stick-header-meta":"","header-above-stick-meta":"","header-main-stick-meta":"","header-below-stick-meta":"","astra-migrate-meta-layouts":"set","ast-page-background-enabled":"default","ast-page-background-meta":{"desktop":{"background-color":"","background-image":"","background-repeat":"repeat","background-position":"center center","background-size":"auto","background-attachment":"scroll","background-type":"","background-media":"","overlay-type":"","overlay-color":"","overlay-opacity":"","overlay-gradient":""},"tablet":{"background-color":"","background-image":"","background-repeat":"repeat","background-position":"center center","background-size":"auto","background-attachment":"scroll","background-type":"","background-media":"","overlay-type":"","overlay-color":"","overlay-opacity":"","overlay-gradient":""},"mobile":{"background-color":"","background-image":"","background-repeat":"repeat","background-position":"center center","background-size":"auto","background-attachment":"scroll","background-type":"","background-media":"","overlay-type":"","overlay-color":"","overlay-opacity":"","overlay-gradient":""}},"ast-content-background-meta":{"desktop":{"background-color":"var(--ast-global-color-5)","background-image":"","background-repeat":"repeat","background-position":"center center","background-size":"auto","background-attachment":"scroll","background-type":"","background-media":"","overlay-type":"","overlay-color":"","overlay-opacity":"","overlay-gradient":""},"tablet":{"background-color":"var(--ast-global-color-5)","background-image":"","background-repeat":"repeat","background-position":"center center","background-size":"auto","background-attachment":"scroll","background-type":"","background-media":"","overlay-type":"","overlay-color":"","overlay-opacity":"","overlay-gradient":""},"mobile":{"background-color":"var(--ast-global-color-5)","background-image":"","background-repeat":"repeat","background-position":"center center","background-size":"auto","background-attachment":"scroll","background-type":"","background-media":"","overlay-type":"","overlay-color":"","overlay-opacity":"","overlay-gradient":""}},"footnotes":""},"class_list":["post-2177","page","type-page","status-publish","hentry"],"_links":{"self":[{"href":"https:\/\/racoon.se\/sv_se\/wp-json\/wp\/v2\/pages\/2177","targetHints":{"allow":["GET"]}}],"collection":[{"href":"https:\/\/racoon.se\/sv_se\/wp-json\/wp\/v2\/pages"}],"about":[{"href":"https:\/\/racoon.se\/sv_se\/wp-json\/wp\/v2\/types\/page"}],"author":[{"embeddable":true,"href":"https:\/\/racoon.se\/sv_se\/wp-json\/wp\/v2\/users\/3"}],"replies":[{"embeddable":true,"href":"https:\/\/racoon.se\/sv_se\/wp-json\/wp\/v2\/comments?post=2177"}],"version-history":[{"count":16,"href":"https:\/\/racoon.se\/sv_se\/wp-json\/wp\/v2\/pages\/2177\/revisions"}],"predecessor-version":[{"id":2350,"href":"https:\/\/racoon.se\/sv_se\/wp-json\/wp\/v2\/pages\/2177\/revisions\/2350"}],"up":[{"embeddable":true,"href":"https:\/\/racoon.se\/sv_se\/wp-json\/wp\/v2\/pages\/6"}],"wp:attachment":[{"href":"https:\/\/racoon.se\/sv_se\/wp-json\/wp\/v2\/media?parent=2177"}],"curies":[{"name":"wp","href":"https:\/\/api.w.org\/{rel}","templated":true}]}}