{"id":2171,"date":"2025-09-05T13:37:13","date_gmt":"2025-09-05T11:37:13","guid":{"rendered":"https:\/\/racoon.se\/?page_id=2171"},"modified":"2026-03-19T10:03:21","modified_gmt":"2026-03-19T09:03:21","slug":"ytterfilter","status":"publish","type":"page","link":"https:\/\/racoon.se\/sv_se\/luftfilter\/ytterfilter\/","title":{"rendered":"Ytterfilter"},"content":{"rendered":"\t\t<div data-elementor-type=\"wp-page\" data-elementor-id=\"2171\" class=\"elementor elementor-2171\" data-elementor-post-type=\"page\">\n\t\t\t\t<div class=\"elementor-element elementor-element-b976405 e-flex e-con-boxed e-con e-parent\" data-id=\"b976405\" data-element_type=\"container\" data-e-type=\"container\" data-settings=\"{&quot;background_background&quot;:&quot;classic&quot;,&quot;jet_parallax_layout_list&quot;:[]}\">\n\t\t\t\t\t<div class=\"e-con-inner\">\n\t\t\t\t\t<\/div>\n\t\t\t\t<\/div>\n\t\t<div class=\"elementor-element elementor-element-889e9b6 e-flex e-con-boxed e-con e-parent\" data-id=\"889e9b6\" data-element_type=\"container\" data-e-type=\"container\" data-settings=\"{&quot;jet_parallax_layout_list&quot;:[]}\">\n\t\t\t\t\t<div class=\"e-con-inner\">\n\t\t<div class=\"elementor-element elementor-element-a4d88c9 e-con-full e-flex e-con e-child\" data-id=\"a4d88c9\" data-element_type=\"container\" data-e-type=\"container\" data-settings=\"{&quot;jet_parallax_layout_list&quot;:[]}\">\n\t\t\t\t<div class=\"elementor-element elementor-element-cddee5c elementor-widget elementor-widget-jet-breadcrumbs\" data-id=\"cddee5c\" data-element_type=\"widget\" data-e-type=\"widget\" data-widget_type=\"jet-breadcrumbs.default\">\n\t\t\t\t<div class=\"elementor-widget-container\">\n\t\t\t\t\t<div class=\"elementor-jet-breadcrumbs jet-blocks\">\n\t\t<div class=\"jet-breadcrumbs\">\n\t\t<div class=\"jet-breadcrumbs__content\">\n\t\t<div class=\"jet-breadcrumbs__wrap\"><div class=\"jet-breadcrumbs__item\"><a href=\"https:\/\/racoon.se\/sv_se\/\" class=\"jet-breadcrumbs__item-link is-home\" rel=\"home\" title=\"Hem\">Hem<\/a><\/div>\n\t\t<\/div>\n\t\t<\/div>\n\t\t<\/div><\/div>\t\t\t\t<\/div>\n\t\t\t\t<\/div>\n\t\t<div class=\"elementor-element elementor-element-a1862d9 e-con-full e-flex e-con e-child\" data-id=\"a1862d9\" data-element_type=\"container\" data-e-type=\"container\" data-settings=\"{&quot;jet_parallax_layout_list&quot;:[]}\">\n\t\t<div class=\"elementor-element elementor-element-7d47fa2 e-con-full e-flex e-con e-child\" data-id=\"7d47fa2\" data-element_type=\"container\" data-e-type=\"container\" data-settings=\"{&quot;jet_parallax_layout_list&quot;:[]}\">\n\t\t\t\t<div class=\"elementor-element elementor-element-dce4cf5 elementor-widget elementor-widget-text-editor\" data-id=\"dce4cf5\" data-element_type=\"widget\" data-e-type=\"widget\" data-widget_type=\"text-editor.default\">\n\t\t\t\t\t\t\t\t\t<p>Ytterfilter anv\u00e4nds tillsammans med innerfilter f\u00f6r att skapa ett flerlagersfiltreringssystem som effektivt stoppar b\u00e5de grova och fina partiklar innan luften n\u00e5r hytten. Racoons ytterfilter \u00e4r utvecklade enligt standarder som <a href=\"https:\/\/racoon.se\/sv_se\/luftfilter\/en-779-filter\/\">EN779<\/a>, EN1822 och EN149 och testade f\u00f6r att t\u00e5la vibrationer, temperaturv\u00e4xlingar och h\u00f6ga s\u00e4kerhetskrav. Filtren \u00e4r utformade f\u00f6r att ge ett f\u00f6rst\u00e4rkt skydd mot damm, smuts, gaser och andra luftburna \u00e4mnen under arbetsf\u00f6rh\u00e5llanden som kan vara tuffa och kr\u00e4vande.<\/p><ul class=\"elementor-icon-list-items\"><li class=\"elementor-icon-list-item\"><a href=\"mailto:info@racoon.se\"><span class=\"elementor-icon-list-text\">E-post: info@racoon.se<\/span><\/a><\/li><li class=\"elementor-icon-list-item\"><a href=\"tel:093415399\"><span class=\"elementor-icon-list-text\">Telefon: 0934 &#8211; 153 99<\/span><\/a><\/li><\/ul>\t\t\t\t\t\t\t\t<\/div>\n\t\t\t\t<\/div>\n\t\t<div class=\"elementor-element elementor-element-e9da447 e-con-full e-flex e-con e-child\" data-id=\"e9da447\" data-element_type=\"container\" data-e-type=\"container\" data-settings=\"{&quot;jet_parallax_layout_list&quot;:[]}\">\n\t\t\t\t<div class=\"elementor-element elementor-element-31fb74c elementor-widget elementor-widget-image\" data-id=\"31fb74c\" data-element_type=\"widget\" data-e-type=\"widget\" data-widget_type=\"image.default\">\n\t\t\t\t\t\t\t\t\t\t\t\t\t\t\t<img fetchpriority=\"high\" decoding=\"async\" width=\"1024\" height=\"576\" src=\"https:\/\/racoon.se\/wp-content\/uploads\/2023\/03\/20200824_081711-1024x576.jpg\" class=\"attachment-large size-large wp-image-964\" alt=\"Luftfilter\" srcset=\"https:\/\/racoon.se\/wp-content\/uploads\/2023\/03\/20200824_081711-1024x576.jpg 1024w, https:\/\/racoon.se\/wp-content\/uploads\/2023\/03\/20200824_081711-300x169.jpg 300w, https:\/\/racoon.se\/wp-content\/uploads\/2023\/03\/20200824_081711-768x432.jpg 768w, https:\/\/racoon.se\/wp-content\/uploads\/2023\/03\/20200824_081711-1536x864.jpg 1536w, https:\/\/racoon.se\/wp-content\/uploads\/2023\/03\/20200824_081711-2048x1152.jpg 2048w, https:\/\/racoon.se\/wp-content\/uploads\/2023\/03\/20200824_081711-18x10.jpg 18w, https:\/\/racoon.se\/wp-content\/uploads\/2023\/03\/20200824_081711-scaled.jpg 1920w\" sizes=\"(max-width: 1024px) 100vw, 1024px\" title=\"\">\t\t\t\t\t\t\t\t\t\t\t\t\t\t\t<\/div>\n\t\t\t\t<\/div>\n\t\t\t\t<\/div>\n\t\t<div class=\"elementor-element elementor-element-b6107ed e-con-full e-flex e-con e-child\" data-id=\"b6107ed\" data-element_type=\"container\" data-e-type=\"container\" data-settings=\"{&quot;jet_parallax_layout_list&quot;:[]}\">\n\t\t<div class=\"elementor-element elementor-element-ac5b1e5 e-con-full e-flex e-con e-child\" data-id=\"ac5b1e5\" data-element_type=\"container\" data-e-type=\"container\" data-settings=\"{&quot;jet_parallax_layout_list&quot;:[]}\">\n\t\t\t\t<div class=\"elementor-element elementor-element-22f9027 elementor-widget elementor-widget-text-editor\" data-id=\"22f9027\" data-element_type=\"widget\" data-e-type=\"widget\" data-widget_type=\"text-editor.default\">\n\t\t\t\t\t\t\t\t\t<h2 data-start=\"840\" data-end=\"867\">Ytterfilter fr\u00e5n Racoon<\/h2><p data-start=\"734\" data-end=\"879\">Ytterfiltren kompletterar innerfiltren och skapar en flerlagersfiltrering som f\u00f6rb\u00e4ttrar luftkvaliteten i hytten:<\/p><ul><li data-start=\"882\" data-end=\"959\">Stoppar st\u00f6rre partiklar innan de n\u00e5r innerfiltret och ventilationssystemet<\/li><li data-start=\"962\" data-end=\"1016\">F\u00f6rl\u00e4nger livsl\u00e4ngden p\u00e5 innerfilter och huvudfilter<\/li><li data-start=\"1019\" data-end=\"1087\">Bidrar till j\u00e4mnare filtrering och minskar risken f\u00f6r igens\u00e4ttning<\/li><li data-start=\"1090\" data-end=\"1173\">F\u00f6rb\u00e4ttrar arbetsmilj\u00f6n genom att reducera exponering f\u00f6r damm och skadliga \u00e4mnen<\/li><\/ul><p data-start=\"1175\" data-end=\"1367\">Genom att kombinera ytter- och innerfilter kan entreprenadmaskiner s\u00e4kerst\u00e4lla renare luft i hytten, vilket skyddar f\u00f6raren och minskar behovet av frekvent underh\u00e5ll av ventilationssystemet.<\/p>\t\t\t\t\t\t\t\t<\/div>\n\t\t\t\t<\/div>\n\t\t<div class=\"elementor-element elementor-element-d0701cb e-con-full e-flex e-con e-child\" data-id=\"d0701cb\" data-element_type=\"container\" data-e-type=\"container\" data-settings=\"{&quot;jet_parallax_layout_list&quot;:[]}\">\n\t\t\t\t<div class=\"elementor-element elementor-element-71bd630 elementor-widget elementor-widget-image\" data-id=\"71bd630\" data-element_type=\"widget\" data-e-type=\"widget\" data-widget_type=\"image.default\">\n\t\t\t\t\t\t\t\t\t\t\t\t\t\t\t<img decoding=\"async\" width=\"867\" height=\"694\" src=\"https:\/\/racoon.se\/wp-content\/uploads\/2023\/07\/Biorefil-6.jpg.webp\" class=\"attachment-large size-large wp-image-1330\" alt=\"\u00c5tervunnet material till luftfilter\" srcset=\"https:\/\/racoon.se\/wp-content\/uploads\/2023\/07\/Biorefil-6.jpg.webp 867w, https:\/\/racoon.se\/wp-content\/uploads\/2023\/07\/Biorefil-6.jpg-300x240.webp 300w, https:\/\/racoon.se\/wp-content\/uploads\/2023\/07\/Biorefil-6.jpg-768x615.webp 768w, https:\/\/racoon.se\/wp-content\/uploads\/2023\/07\/Biorefil-6.jpg-15x12.webp 15w\" sizes=\"(max-width: 867px) 100vw, 867px\" title=\"\">\t\t\t\t\t\t\t\t\t\t\t\t\t\t\t<\/div>\n\t\t\t\t<\/div>\n\t\t\t\t<\/div>\n\t\t<div class=\"elementor-element elementor-element-aba4101 e-con-full e-flex e-con e-child\" data-id=\"aba4101\" data-element_type=\"container\" data-e-type=\"container\" data-settings=\"{&quot;jet_parallax_layout_list&quot;:[]}\">\n\t\t<div class=\"elementor-element elementor-element-ad47eae e-con-full e-flex e-con e-child\" data-id=\"ad47eae\" data-element_type=\"container\" data-e-type=\"container\" data-settings=\"{&quot;jet_parallax_layout_list&quot;:[]}\">\n\t\t\t\t<div class=\"elementor-element elementor-element-a7fd274 elementor-widget elementor-widget-text-editor\" data-id=\"a7fd274\" data-element_type=\"widget\" data-e-type=\"widget\" data-widget_type=\"text-editor.default\">\n\t\t\t\t\t\t\t\t\t<h3 data-start=\"1346\" data-end=\"1378\">Hur v\u00e5ra filter sticker ut<\/h3><p data-start=\"1379\" data-end=\"1621\"><a href=\"https:\/\/racoon.se\/sv_se\/luftfilter-produkt\/\">Racoons filterl\u00f6sningar<\/a> \u00e4r framtagna f\u00f6r att klara b\u00e5de vardagliga och extrema arbetsf\u00f6rh\u00e5llanden. F\u00f6rfiltret \u00e4r robust, drifts\u00e4kert och utvecklat f\u00f6r att m\u00f6ta internationella standarder. N\u00e5gra av de egenskaper som g\u00f6r v\u00e5ra filter unika \u00e4r:<\/p><ul><li data-start=\"1625\" data-end=\"1776\"><strong data-start=\"1625\" data-end=\"1644\">H\u00f6g reningsgrad<\/strong> \u2013 filtrerar luften enligt EN779 (minimum F9). F\u00e5ngar \u00e4ven mycket sm\u00e5 partiklar som andra filter inte klarar av.<\/li><li data-start=\"1779\" data-end=\"1921\"><strong data-start=\"1779\" data-end=\"1813\">Uppfyller gaskrav enligt EN149<\/strong> \u2013 tar upp gaser fr\u00e5n spor\u00e4mnen, organismer och bakterier, vilket f\u00f6rb\u00e4ttrar luftens kvalitet ytterligare.<\/li><li data-start=\"1924\" data-end=\"2047\"><strong data-start=\"1924\" data-end=\"1951\">Motst\u00e5ndskraft mot fukt<\/strong> \u2013 filtermaterialet st\u00f6ter ifr\u00e5n sig fukt och bibeh\u00e5ller sin prestanda \u00e4ven i fuktiga milj\u00f6er.<\/li><li data-start=\"2050\" data-end=\"2186\"><strong data-start=\"2050\" data-end=\"2078\">T\u00e5l extrema temperaturer<\/strong> \u2013 utvecklade f\u00f6r att klara kyla ner till -50 \u00b0C enligt NATOs krav och h\u00f6ga temperaturer upp till +150 \u00b0C.<\/li><li data-start=\"2189\" data-end=\"2294\"><strong data-start=\"2189\" data-end=\"2212\">Brands\u00e4kra material<\/strong> \u2013 kan m\u00f6ta standarder som ULH 94HF, FMV22302 eller Far Part 25.<\/li><li data-start=\"2297\" data-end=\"2451\"><strong data-start=\"2297\" data-end=\"2331\">Vibrationss\u00e4kra konstruktioner<\/strong> \u2013 testade f\u00f6r att t\u00e5la kraftiga vibrationer och uppfyller tryck- och explosionsgrad 9G enligt NATO:s specifikationer.<\/li><li data-start=\"2454\" data-end=\"2572\"><strong data-start=\"2454\" data-end=\"2476\">Enkel installation<\/strong> \u2013 OEM-anpassade f\u00f6r att passa direkt utan modifieringar, vilket g\u00f6r byten snabba och smidiga.<\/li><\/ul>\t\t\t\t\t\t\t\t<\/div>\n\t\t\t\t<\/div>\n\t\t<div class=\"elementor-element elementor-element-0db5f00 e-con-full e-flex e-con e-child\" data-id=\"0db5f00\" data-element_type=\"container\" data-e-type=\"container\" data-settings=\"{&quot;jet_parallax_layout_list&quot;:[]}\">\n\t\t\t\t<div class=\"elementor-element elementor-element-e4a3009 elementor-widget elementor-widget-video\" data-id=\"e4a3009\" data-element_type=\"widget\" data-e-type=\"widget\" data-settings=\"{&quot;youtube_url&quot;:&quot;youtube.com\\\/watch?v=CUktA85AUes&amp;embeds_referring_euri=https%3A%2F%2Fracoon.se%2F&amp;embeds_referring_origin=https%3A%2F%2Fracoon.se&amp;source_ve_path=MjM4NTE&quot;,&quot;video_type&quot;:&quot;youtube&quot;,&quot;controls&quot;:&quot;yes&quot;}\" data-widget_type=\"video.default\">\n\t\t\t\t\t\t\t<div class=\"elementor-wrapper elementor-open-inline\">\n\t\t\t<div class=\"elementor-video\"><\/div>\t\t<\/div>\n\t\t\t\t\t\t<\/div>\n\t\t<div class=\"elementor-element elementor-element-d400567 e-con-full e-flex e-con e-child\" data-id=\"d400567\" data-element_type=\"container\" data-e-type=\"container\" data-settings=\"{&quot;background_background&quot;:&quot;classic&quot;,&quot;jet_parallax_layout_list&quot;:[]}\">\n\t\t\t\t<div class=\"elementor-element elementor-element-2bbab43 elementor-widget elementor-widget-text-editor\" data-id=\"2bbab43\" data-element_type=\"widget\" data-e-type=\"widget\" data-widget_type=\"text-editor.default\">\n\t\t\t\t\t\t\t\t\t<h2 data-start=\"2574\" data-end=\"2592\">Kontakta oss<\/h2><p data-start=\"2593\" data-end=\"2827\">Vill du veta mer om hur Racoons ytterfilter kan f\u00f6rb\u00e4ttra livsl\u00e4ngden p\u00e5 dina filtersystem och skapa en s\u00e4krare arbetsmilj\u00f6? H\u00f6r av dig till oss \u2013 vi ber\u00e4ttar g\u00e4rna mer och hj\u00e4lper dig hitta den l\u00f6sning som passar b\u00e4st f\u00f6r dina behov.<\/p>\t\t\t\t\t\t\t\t<\/div>\n\t\t\t\t<div class=\"elementor-element elementor-element-71b0851 elementor-widget elementor-widget-button\" data-id=\"71b0851\" data-element_type=\"widget\" data-e-type=\"widget\" data-widget_type=\"button.default\">\n\t\t\t\t\t\t\t\t\t\t<a class=\"elementor-button elementor-button-link elementor-size-sm\" href=\"https:\/\/racoon.se\/sv_se\/kontakt\/\">\n\t\t\t\t\t\t<span class=\"elementor-button-content-wrapper\">\n\t\t\t\t\t\t\t\t\t<span class=\"elementor-button-text\">Kontakta oss<\/span>\n\t\t\t\t\t<\/span>\n\t\t\t\t\t<\/a>\n\t\t\t\t\t\t\t\t<\/div>\n\t\t\t\t<\/div>\n\t\t\t\t<\/div>\n\t\t\t\t<\/div>\n\t\t<div class=\"elementor-element elementor-element-63b4227 e-con-full e-flex e-con e-child\" data-id=\"63b4227\" data-element_type=\"container\" data-e-type=\"container\" data-settings=\"{&quot;jet_parallax_layout_list&quot;:[]}\">\n\t\t<div class=\"elementor-element elementor-element-d65c518 e-con-full e-flex e-con e-child\" data-id=\"d65c518\" data-element_type=\"container\" data-e-type=\"container\" data-settings=\"{&quot;jet_parallax_layout_list&quot;:[]}\">\n\t\t\t\t<div class=\"elementor-element elementor-element-a7286c2 elementor-widget elementor-widget-text-editor\" data-id=\"a7286c2\" data-element_type=\"widget\" data-e-type=\"widget\" data-widget_type=\"text-editor.default\">\n\t\t\t\t\t\t\t\t\t<hr \/><p>Du hittar v\u00e5ra luftfilter i en m\u00e4ngd olika maskiner och anv\u00e4ndningsomr\u00e5den. Bland annat:<\/p><ul><li>Lastbilar<\/li><li>Minr\u00f6jare<\/li><li>Skogsmaskiner<\/li><li>Sk\u00f6rdare<\/li><li>Skotare<\/li><li>Ventilationsrum<\/li><li>Gr\u00e4vmaskiner ovan och under jord<\/li><li>Personbilar<\/li><li>Brandklassade rum<\/li><li>Skyddsrum<\/li><\/ul>\t\t\t\t\t\t\t\t<\/div>\n\t\t\t\t<\/div>\n\t\t\t\t<\/div>\n\t\t\t\t<\/div>\n\t\t\t\t\t<\/div>\n\t\t\t\t<\/div>\n\t\t\t\t<\/div>\n\t\t","protected":false},"excerpt":{"rendered":"<p>Hem Ytterfilter anv\u00e4nds tillsammans med innerfilter f\u00f6r att skapa ett flerlagersfiltreringssystem som effektivt stoppar b\u00e5de grova och fina partiklar innan luften n\u00e5r hytten. Racoons ytterfilter \u00e4r utvecklade enligt standarder som EN779, EN1822 och EN149 och testade f\u00f6r att t\u00e5la vibrationer, temperaturv\u00e4xlingar och h\u00f6ga s\u00e4kerhetskrav. Filtren \u00e4r utformade f\u00f6r att ge ett f\u00f6rst\u00e4rkt skydd mot damm, [&hellip;]<\/p>\n","protected":false},"author":3,"featured_media":0,"parent":6,"menu_order":0,"comment_status":"closed","ping_status":"closed","template":"","meta":{"site-sidebar-layout":"no-sidebar","site-content-layout":"page-builder","ast-site-content-layout":"full-width-container","site-content-style":"default","site-sidebar-style":"default","ast-global-header-display":"","ast-banner-title-visibility":"","ast-main-header-display":"","ast-hfb-above-header-display":"","ast-hfb-below-header-display":"","ast-hfb-mobile-header-display":"","site-post-title":"","ast-breadcrumbs-content":"","ast-featured-img":"disabled","footer-sml-layout":"","ast-disable-related-posts":"","theme-transparent-header-meta":"","adv-header-id-meta":"","stick-header-meta":"","header-above-stick-meta":"","header-main-stick-meta":"","header-below-stick-meta":"","astra-migrate-meta-layouts":"set","ast-page-background-enabled":"default","ast-page-background-meta":{"desktop":{"background-color":"","background-image":"","background-repeat":"repeat","background-position":"center center","background-size":"auto","background-attachment":"scroll","background-type":"","background-media":"","overlay-type":"","overlay-color":"","overlay-opacity":"","overlay-gradient":""},"tablet":{"background-color":"","background-image":"","background-repeat":"repeat","background-position":"center center","background-size":"auto","background-attachment":"scroll","background-type":"","background-media":"","overlay-type":"","overlay-color":"","overlay-opacity":"","overlay-gradient":""},"mobile":{"background-color":"","background-image":"","background-repeat":"repeat","background-position":"center center","background-size":"auto","background-attachment":"scroll","background-type":"","background-media":"","overlay-type":"","overlay-color":"","overlay-opacity":"","overlay-gradient":""}},"ast-content-background-meta":{"desktop":{"background-color":"var(--ast-global-color-5)","background-image":"","background-repeat":"repeat","background-position":"center center","background-size":"auto","background-attachment":"scroll","background-type":"","background-media":"","overlay-type":"","overlay-color":"","overlay-opacity":"","overlay-gradient":""},"tablet":{"background-color":"var(--ast-global-color-5)","background-image":"","background-repeat":"repeat","background-position":"center center","background-size":"auto","background-attachment":"scroll","background-type":"","background-media":"","overlay-type":"","overlay-color":"","overlay-opacity":"","overlay-gradient":""},"mobile":{"background-color":"var(--ast-global-color-5)","background-image":"","background-repeat":"repeat","background-position":"center center","background-size":"auto","background-attachment":"scroll","background-type":"","background-media":"","overlay-type":"","overlay-color":"","overlay-opacity":"","overlay-gradient":""}},"footnotes":""},"class_list":["post-2171","page","type-page","status-publish","hentry"],"_links":{"self":[{"href":"https:\/\/racoon.se\/sv_se\/wp-json\/wp\/v2\/pages\/2171","targetHints":{"allow":["GET"]}}],"collection":[{"href":"https:\/\/racoon.se\/sv_se\/wp-json\/wp\/v2\/pages"}],"about":[{"href":"https:\/\/racoon.se\/sv_se\/wp-json\/wp\/v2\/types\/page"}],"author":[{"embeddable":true,"href":"https:\/\/racoon.se\/sv_se\/wp-json\/wp\/v2\/users\/3"}],"replies":[{"embeddable":true,"href":"https:\/\/racoon.se\/sv_se\/wp-json\/wp\/v2\/comments?post=2171"}],"version-history":[{"count":10,"href":"https:\/\/racoon.se\/sv_se\/wp-json\/wp\/v2\/pages\/2171\/revisions"}],"predecessor-version":[{"id":2354,"href":"https:\/\/racoon.se\/sv_se\/wp-json\/wp\/v2\/pages\/2171\/revisions\/2354"}],"up":[{"embeddable":true,"href":"https:\/\/racoon.se\/sv_se\/wp-json\/wp\/v2\/pages\/6"}],"wp:attachment":[{"href":"https:\/\/racoon.se\/sv_se\/wp-json\/wp\/v2\/media?parent=2171"}],"curies":[{"name":"wp","href":"https:\/\/api.w.org\/{rel}","templated":true}]}}