{"id":2165,"date":"2025-09-05T13:32:28","date_gmt":"2025-09-05T11:32:28","guid":{"rendered":"https:\/\/racoon.se\/?page_id=2165"},"modified":"2026-03-19T10:04:25","modified_gmt":"2026-03-19T09:04:25","slug":"innerfilter","status":"publish","type":"page","link":"https:\/\/racoon.se\/sv_se\/luftfilter\/innerfilter\/","title":{"rendered":"Innerfilter"},"content":{"rendered":"\t\t<div data-elementor-type=\"wp-page\" data-elementor-id=\"2165\" class=\"elementor elementor-2165\" data-elementor-post-type=\"page\">\n\t\t\t\t<div class=\"elementor-element elementor-element-153c04e e-flex e-con-boxed e-con e-parent\" data-id=\"153c04e\" data-element_type=\"container\" data-e-type=\"container\" data-settings=\"{&quot;background_background&quot;:&quot;classic&quot;,&quot;jet_parallax_layout_list&quot;:[]}\">\n\t\t\t\t\t<div class=\"e-con-inner\">\n\t\t\t\t\t<\/div>\n\t\t\t\t<\/div>\n\t\t<div class=\"elementor-element elementor-element-e596434 e-flex e-con-boxed e-con e-parent\" data-id=\"e596434\" data-element_type=\"container\" data-e-type=\"container\" data-settings=\"{&quot;jet_parallax_layout_list&quot;:[]}\">\n\t\t\t\t\t<div class=\"e-con-inner\">\n\t\t<div class=\"elementor-element elementor-element-99c8bae e-con-full e-flex e-con e-child\" data-id=\"99c8bae\" data-element_type=\"container\" data-e-type=\"container\" data-settings=\"{&quot;jet_parallax_layout_list&quot;:[]}\">\n\t\t\t\t<div class=\"elementor-element elementor-element-c37e6b7 elementor-widget elementor-widget-jet-breadcrumbs\" data-id=\"c37e6b7\" data-element_type=\"widget\" data-e-type=\"widget\" data-widget_type=\"jet-breadcrumbs.default\">\n\t\t\t\t<div class=\"elementor-widget-container\">\n\t\t\t\t\t<div class=\"elementor-jet-breadcrumbs jet-blocks\">\n\t\t<div class=\"jet-breadcrumbs\">\n\t\t<div class=\"jet-breadcrumbs__content\">\n\t\t<div class=\"jet-breadcrumbs__wrap\"><div class=\"jet-breadcrumbs__item\"><a href=\"https:\/\/racoon.se\/sv_se\/\" class=\"jet-breadcrumbs__item-link is-home\" rel=\"home\" title=\"Hem\">Hem<\/a><\/div>\n\t\t<\/div>\n\t\t<\/div>\n\t\t<\/div><\/div>\t\t\t\t<\/div>\n\t\t\t\t<\/div>\n\t\t<div class=\"elementor-element elementor-element-336e38d e-con-full e-flex e-con e-child\" data-id=\"336e38d\" data-element_type=\"container\" data-e-type=\"container\" data-settings=\"{&quot;jet_parallax_layout_list&quot;:[]}\">\n\t\t<div class=\"elementor-element elementor-element-f42d6e0 e-con-full e-flex e-con e-child\" data-id=\"f42d6e0\" data-element_type=\"container\" data-e-type=\"container\" data-settings=\"{&quot;jet_parallax_layout_list&quot;:[]}\">\n\t\t\t\t<div class=\"elementor-element elementor-element-0e98cca elementor-widget elementor-widget-text-editor\" data-id=\"0e98cca\" data-element_type=\"widget\" data-e-type=\"widget\" data-widget_type=\"text-editor.default\">\n\t\t\t\t\t\t\t\t\t<p><a href=\"https:\/\/racoon.se\/sv_se\/luftfilter-produkt\/\">Racoons innerfilter<\/a> \u00e4r utvecklade f\u00f6r att f\u00f6rb\u00e4ttra luftkvaliteten i hytten p\u00e5 entreprenadmaskiner. Genom att placeras efter f\u00f6rfiltret f\u00e5ngar de upp de finaste partiklarna som damm, sporer, pollen och andra luftburna \u00e4mnen innan luften n\u00e5r f\u00f6raren. Innerfiltren \u00e4r konstruerade enligt standarder som <a href=\"https:\/\/racoon.se\/sv_se\/luftfilter\/en-779-filter\/\">EN779<\/a>, EN1822 och EN149, och testade f\u00f6r att t\u00e5la vibrationer, temperaturv\u00e4xlingar och h\u00f6ga s\u00e4kerhetskrav.<\/p><ul class=\"elementor-icon-list-items\"><li class=\"elementor-icon-list-item\"><a href=\"mailto:info@racoon.se\"><span class=\"elementor-icon-list-text\">E-post: info@racoon.se<\/span><\/a><\/li><li class=\"elementor-icon-list-item\"><a href=\"tel:093415399\"><span class=\"elementor-icon-list-text\">Telefon: 0934 &#8211; 153 99<\/span><\/a><\/li><\/ul>\t\t\t\t\t\t\t\t<\/div>\n\t\t\t\t<\/div>\n\t\t<div class=\"elementor-element elementor-element-5195a5e e-con-full e-flex e-con e-child\" data-id=\"5195a5e\" data-element_type=\"container\" data-e-type=\"container\" data-settings=\"{&quot;jet_parallax_layout_list&quot;:[]}\">\n\t\t\t\t<div class=\"elementor-element elementor-element-17b2329 elementor-widget elementor-widget-image\" data-id=\"17b2329\" data-element_type=\"widget\" data-e-type=\"widget\" data-widget_type=\"image.default\">\n\t\t\t\t\t\t\t\t\t\t\t\t\t\t\t<img fetchpriority=\"high\" decoding=\"async\" width=\"1024\" height=\"576\" src=\"https:\/\/racoon.se\/wp-content\/uploads\/2023\/03\/20200824_081711-1024x576.jpg\" class=\"attachment-large size-large wp-image-964\" alt=\"Luftfilter\" srcset=\"https:\/\/racoon.se\/wp-content\/uploads\/2023\/03\/20200824_081711-1024x576.jpg 1024w, https:\/\/racoon.se\/wp-content\/uploads\/2023\/03\/20200824_081711-300x169.jpg 300w, https:\/\/racoon.se\/wp-content\/uploads\/2023\/03\/20200824_081711-768x432.jpg 768w, https:\/\/racoon.se\/wp-content\/uploads\/2023\/03\/20200824_081711-1536x864.jpg 1536w, https:\/\/racoon.se\/wp-content\/uploads\/2023\/03\/20200824_081711-2048x1152.jpg 2048w, https:\/\/racoon.se\/wp-content\/uploads\/2023\/03\/20200824_081711-18x10.jpg 18w, https:\/\/racoon.se\/wp-content\/uploads\/2023\/03\/20200824_081711-scaled.jpg 1920w\" sizes=\"(max-width: 1024px) 100vw, 1024px\" title=\"\">\t\t\t\t\t\t\t\t\t\t\t\t\t\t\t<\/div>\n\t\t\t\t<\/div>\n\t\t\t\t<\/div>\n\t\t<div class=\"elementor-element elementor-element-98bfe44 e-con-full e-flex e-con e-child\" data-id=\"98bfe44\" data-element_type=\"container\" data-e-type=\"container\" data-settings=\"{&quot;jet_parallax_layout_list&quot;:[]}\">\n\t\t<div class=\"elementor-element elementor-element-f904dd4 e-con-full e-flex e-con e-child\" data-id=\"f904dd4\" data-element_type=\"container\" data-e-type=\"container\" data-settings=\"{&quot;jet_parallax_layout_list&quot;:[]}\">\n\t\t\t\t<div class=\"elementor-element elementor-element-02443ec elementor-widget elementor-widget-text-editor\" data-id=\"02443ec\" data-element_type=\"widget\" data-e-type=\"widget\" data-widget_type=\"text-editor.default\">\n\t\t\t\t\t\t\t\t\t<h2 data-start=\"840\" data-end=\"867\">Innerfilter fr\u00e5n Racoon<\/h2><p data-start=\"628\" data-end=\"767\">Racoons innerfilter \u00e4r anpassade f\u00f6r hyttmilj\u00f6er d\u00e4r ren luft \u00e4r viktig f\u00f6r b\u00e5de h\u00e4lsa och maskinprestanda:<\/p><ul><li data-start=\"770\" data-end=\"832\">Reducerar exponering f\u00f6r damm, gaser och allergener i hytten<\/li><li data-start=\"835\" data-end=\"915\">F\u00f6rl\u00e4nger livsl\u00e4ngden p\u00e5 huvudfilter och minskar behovet av frekvent underh\u00e5ll<\/li><li data-start=\"918\" data-end=\"986\">Bidrar till j\u00e4mnare filtrering och minskar risken f\u00f6r igens\u00e4ttning<\/li><li data-start=\"989\" data-end=\"1049\">St\u00f6djer s\u00e4ker drift \u00e4ven under kr\u00e4vande arbetsf\u00f6rh\u00e5llanden<\/li><\/ul><p data-start=\"1051\" data-end=\"1259\">Innerfiltren fungerar som den sista barri\u00e4ren i ventilationssystemet och s\u00e4kerst\u00e4ller att f\u00f6raren f\u00e5r renare luft, vilket bidrar till b\u00e4ttre arbetsf\u00f6rh\u00e5llanden och \u00f6kad effektivitet under l\u00e5nga arbetsdagar.<\/p>\t\t\t\t\t\t\t\t<\/div>\n\t\t\t\t<\/div>\n\t\t<div class=\"elementor-element elementor-element-51980b5 e-con-full e-flex e-con e-child\" data-id=\"51980b5\" data-element_type=\"container\" data-e-type=\"container\" data-settings=\"{&quot;jet_parallax_layout_list&quot;:[]}\">\n\t\t\t\t<div class=\"elementor-element elementor-element-fe86e55 elementor-widget elementor-widget-image\" data-id=\"fe86e55\" data-element_type=\"widget\" data-e-type=\"widget\" data-widget_type=\"image.default\">\n\t\t\t\t\t\t\t\t\t\t\t\t\t\t\t<img decoding=\"async\" width=\"867\" height=\"694\" src=\"https:\/\/racoon.se\/wp-content\/uploads\/2023\/07\/Biorefil-6.jpg.webp\" class=\"attachment-large size-large wp-image-1330\" alt=\"\u00c5tervunnet material till luftfilter\" srcset=\"https:\/\/racoon.se\/wp-content\/uploads\/2023\/07\/Biorefil-6.jpg.webp 867w, https:\/\/racoon.se\/wp-content\/uploads\/2023\/07\/Biorefil-6.jpg-300x240.webp 300w, https:\/\/racoon.se\/wp-content\/uploads\/2023\/07\/Biorefil-6.jpg-768x615.webp 768w, https:\/\/racoon.se\/wp-content\/uploads\/2023\/07\/Biorefil-6.jpg-15x12.webp 15w\" sizes=\"(max-width: 867px) 100vw, 867px\" title=\"\">\t\t\t\t\t\t\t\t\t\t\t\t\t\t\t<\/div>\n\t\t\t\t<\/div>\n\t\t\t\t<\/div>\n\t\t<div class=\"elementor-element elementor-element-fdc426a e-con-full e-flex e-con e-child\" data-id=\"fdc426a\" data-element_type=\"container\" data-e-type=\"container\" data-settings=\"{&quot;jet_parallax_layout_list&quot;:[]}\">\n\t\t<div class=\"elementor-element elementor-element-6fe078d e-con-full e-flex e-con e-child\" data-id=\"6fe078d\" data-element_type=\"container\" data-e-type=\"container\" data-settings=\"{&quot;jet_parallax_layout_list&quot;:[]}\">\n\t\t\t\t<div class=\"elementor-element elementor-element-d440e08 elementor-widget elementor-widget-text-editor\" data-id=\"d440e08\" data-element_type=\"widget\" data-e-type=\"widget\" data-widget_type=\"text-editor.default\">\n\t\t\t\t\t\t\t\t\t<h3 data-start=\"1346\" data-end=\"1378\">Hur v\u00e5ra filter sticker ut<\/h3>\n<p data-start=\"1379\" data-end=\"1621\">Racoons filterl\u00f6sningar \u00e4r framtagna f\u00f6r att klara b\u00e5de vardagliga och extrema arbetsf\u00f6rh\u00e5llanden. F\u00f6rfiltret \u00e4r robust, drifts\u00e4kert och utvecklat f\u00f6r att m\u00f6ta internationella standarder. N\u00e5gra av de egenskaper som g\u00f6r v\u00e5ra filter unika \u00e4r:<\/p>\n<ul>\n<li data-start=\"1625\" data-end=\"1776\"><strong data-start=\"1625\" data-end=\"1644\">H\u00f6g reningsgrad<\/strong> \u2013 filtrerar luften enligt EN779 (minimum F9). F\u00e5ngar \u00e4ven mycket sm\u00e5 partiklar som andra filter inte klarar av.<\/li>\n<li data-start=\"1779\" data-end=\"1921\"><strong data-start=\"1779\" data-end=\"1813\">Uppfyller gaskrav enligt EN149<\/strong> \u2013 tar upp gaser fr\u00e5n spor\u00e4mnen, organismer och bakterier, vilket f\u00f6rb\u00e4ttrar luftens kvalitet ytterligare.<\/li>\n<li data-start=\"1924\" data-end=\"2047\"><strong data-start=\"1924\" data-end=\"1951\">Motst\u00e5ndskraft mot fukt<\/strong> \u2013 filtermaterialet st\u00f6ter ifr\u00e5n sig fukt och bibeh\u00e5ller sin prestanda \u00e4ven i fuktiga milj\u00f6er.<\/li>\n<li data-start=\"2050\" data-end=\"2186\"><strong data-start=\"2050\" data-end=\"2078\">T\u00e5l extrema temperaturer<\/strong> \u2013 utvecklade f\u00f6r att klara kyla ner till -50 \u00b0C enligt NATOs krav och h\u00f6ga temperaturer upp till +150 \u00b0C.<\/li>\n<li data-start=\"2189\" data-end=\"2294\"><strong data-start=\"2189\" data-end=\"2212\">Brands\u00e4kra material<\/strong> \u2013 kan m\u00f6ta standarder som ULH 94HF, FMV22302 eller Far Part 25.<\/li>\n<li data-start=\"2297\" data-end=\"2451\"><strong data-start=\"2297\" data-end=\"2331\">Vibrationss\u00e4kra konstruktioner<\/strong> \u2013 testade f\u00f6r att t\u00e5la kraftiga vibrationer och uppfyller tryck- och explosionsgrad 9G enligt NATO:s specifikationer.<\/li>\n<li data-start=\"2454\" data-end=\"2572\"><strong data-start=\"2454\" data-end=\"2476\">Enkel installation<\/strong> \u2013 OEM-anpassade f\u00f6r att passa direkt utan modifieringar, vilket g\u00f6r byten snabba och smidiga.<\/li>\n<\/ul>\t\t\t\t\t\t\t\t<\/div>\n\t\t\t\t<\/div>\n\t\t<div class=\"elementor-element elementor-element-d413f8d e-con-full e-flex e-con e-child\" data-id=\"d413f8d\" data-element_type=\"container\" data-e-type=\"container\" data-settings=\"{&quot;jet_parallax_layout_list&quot;:[]}\">\n\t\t\t\t<div class=\"elementor-element elementor-element-05f67e0 elementor-widget elementor-widget-video\" data-id=\"05f67e0\" data-element_type=\"widget\" data-e-type=\"widget\" data-settings=\"{&quot;youtube_url&quot;:&quot;youtube.com\\\/watch?v=CUktA85AUes&amp;embeds_referring_euri=https%3A%2F%2Fracoon.se%2F&amp;embeds_referring_origin=https%3A%2F%2Fracoon.se&amp;source_ve_path=MjM4NTE&quot;,&quot;video_type&quot;:&quot;youtube&quot;,&quot;controls&quot;:&quot;yes&quot;}\" data-widget_type=\"video.default\">\n\t\t\t\t\t\t\t<div class=\"elementor-wrapper elementor-open-inline\">\n\t\t\t<div class=\"elementor-video\"><\/div>\t\t<\/div>\n\t\t\t\t\t\t<\/div>\n\t\t<div class=\"elementor-element elementor-element-43bff32 e-con-full e-flex e-con e-child\" data-id=\"43bff32\" data-element_type=\"container\" data-e-type=\"container\" data-settings=\"{&quot;background_background&quot;:&quot;classic&quot;,&quot;jet_parallax_layout_list&quot;:[]}\">\n\t\t\t\t<div class=\"elementor-element elementor-element-a29eedc elementor-widget elementor-widget-text-editor\" data-id=\"a29eedc\" data-element_type=\"widget\" data-e-type=\"widget\" data-widget_type=\"text-editor.default\">\n\t\t\t\t\t\t\t\t\t<h2 data-start=\"2574\" data-end=\"2592\">Kontakta oss<\/h2><p data-start=\"2593\" data-end=\"2827\">Vill du veta mer om hur Racoons innerfilter kan skapa en s\u00e4krare arbetsmilj\u00f6? H\u00f6r av dig till oss \u2013 vi ber\u00e4ttar g\u00e4rna mer och hj\u00e4lper dig hitta den l\u00f6sning som passar b\u00e4st f\u00f6r dina behov.<\/p>\t\t\t\t\t\t\t\t<\/div>\n\t\t\t\t<div class=\"elementor-element elementor-element-dec6787 elementor-widget elementor-widget-button\" data-id=\"dec6787\" data-element_type=\"widget\" data-e-type=\"widget\" data-widget_type=\"button.default\">\n\t\t\t\t\t\t\t\t\t\t<a class=\"elementor-button elementor-button-link elementor-size-sm\" href=\"https:\/\/racoon.se\/sv_se\/kontakt\/\">\n\t\t\t\t\t\t<span class=\"elementor-button-content-wrapper\">\n\t\t\t\t\t\t\t\t\t<span class=\"elementor-button-text\">Kontakta oss<\/span>\n\t\t\t\t\t<\/span>\n\t\t\t\t\t<\/a>\n\t\t\t\t\t\t\t\t<\/div>\n\t\t\t\t<\/div>\n\t\t\t\t<\/div>\n\t\t\t\t<\/div>\n\t\t<div class=\"elementor-element elementor-element-61ac1a3 e-con-full e-flex e-con e-child\" data-id=\"61ac1a3\" data-element_type=\"container\" data-e-type=\"container\" data-settings=\"{&quot;jet_parallax_layout_list&quot;:[]}\">\n\t\t<div class=\"elementor-element elementor-element-1c7ea34 e-con-full e-flex e-con e-child\" data-id=\"1c7ea34\" data-element_type=\"container\" data-e-type=\"container\" data-settings=\"{&quot;jet_parallax_layout_list&quot;:[]}\">\n\t\t\t\t<div class=\"elementor-element elementor-element-6f72d82 elementor-widget elementor-widget-text-editor\" data-id=\"6f72d82\" data-element_type=\"widget\" data-e-type=\"widget\" data-widget_type=\"text-editor.default\">\n\t\t\t\t\t\t\t\t\t<hr \/><p>Du hittar v\u00e5ra luftfilter i en m\u00e4ngd olika maskiner och anv\u00e4ndningsomr\u00e5den. Bland annat:<\/p><ul><li>Lastbilar<\/li><li>Minr\u00f6jare<\/li><li>Skogsmaskiner<\/li><li>Sk\u00f6rdare<\/li><li>Skotare<\/li><li>Ventilationsrum<\/li><li>Gr\u00e4vmaskiner ovan och under jord<\/li><li>Personbilar<\/li><li>Brandklassade rum<\/li><li>Skyddsrum<\/li><\/ul>\t\t\t\t\t\t\t\t<\/div>\n\t\t\t\t<\/div>\n\t\t\t\t<\/div>\n\t\t\t\t<\/div>\n\t\t\t\t\t<\/div>\n\t\t\t\t<\/div>\n\t\t\t\t<\/div>\n\t\t","protected":false},"excerpt":{"rendered":"<p>Hem Racoons innerfilter \u00e4r utvecklade f\u00f6r att f\u00f6rb\u00e4ttra luftkvaliteten i hytten p\u00e5 entreprenadmaskiner. Genom att placeras efter f\u00f6rfiltret f\u00e5ngar de upp de finaste partiklarna som damm, sporer, pollen och andra luftburna \u00e4mnen innan luften n\u00e5r f\u00f6raren. Innerfiltren \u00e4r konstruerade enligt standarder som EN779, EN1822 och EN149, och testade f\u00f6r att t\u00e5la vibrationer, temperaturv\u00e4xlingar och h\u00f6ga [&hellip;]<\/p>\n","protected":false},"author":3,"featured_media":0,"parent":6,"menu_order":0,"comment_status":"closed","ping_status":"closed","template":"","meta":{"site-sidebar-layout":"no-sidebar","site-content-layout":"page-builder","ast-site-content-layout":"full-width-container","site-content-style":"default","site-sidebar-style":"default","ast-global-header-display":"","ast-banner-title-visibility":"","ast-main-header-display":"","ast-hfb-above-header-display":"","ast-hfb-below-header-display":"","ast-hfb-mobile-header-display":"","site-post-title":"","ast-breadcrumbs-content":"","ast-featured-img":"disabled","footer-sml-layout":"","ast-disable-related-posts":"","theme-transparent-header-meta":"","adv-header-id-meta":"","stick-header-meta":"","header-above-stick-meta":"","header-main-stick-meta":"","header-below-stick-meta":"","astra-migrate-meta-layouts":"set","ast-page-background-enabled":"default","ast-page-background-meta":{"desktop":{"background-color":"","background-image":"","background-repeat":"repeat","background-position":"center center","background-size":"auto","background-attachment":"scroll","background-type":"","background-media":"","overlay-type":"","overlay-color":"","overlay-opacity":"","overlay-gradient":""},"tablet":{"background-color":"","background-image":"","background-repeat":"repeat","background-position":"center center","background-size":"auto","background-attachment":"scroll","background-type":"","background-media":"","overlay-type":"","overlay-color":"","overlay-opacity":"","overlay-gradient":""},"mobile":{"background-color":"","background-image":"","background-repeat":"repeat","background-position":"center center","background-size":"auto","background-attachment":"scroll","background-type":"","background-media":"","overlay-type":"","overlay-color":"","overlay-opacity":"","overlay-gradient":""}},"ast-content-background-meta":{"desktop":{"background-color":"var(--ast-global-color-5)","background-image":"","background-repeat":"repeat","background-position":"center center","background-size":"auto","background-attachment":"scroll","background-type":"","background-media":"","overlay-type":"","overlay-color":"","overlay-opacity":"","overlay-gradient":""},"tablet":{"background-color":"var(--ast-global-color-5)","background-image":"","background-repeat":"repeat","background-position":"center center","background-size":"auto","background-attachment":"scroll","background-type":"","background-media":"","overlay-type":"","overlay-color":"","overlay-opacity":"","overlay-gradient":""},"mobile":{"background-color":"var(--ast-global-color-5)","background-image":"","background-repeat":"repeat","background-position":"center center","background-size":"auto","background-attachment":"scroll","background-type":"","background-media":"","overlay-type":"","overlay-color":"","overlay-opacity":"","overlay-gradient":""}},"footnotes":""},"class_list":["post-2165","page","type-page","status-publish","hentry"],"_links":{"self":[{"href":"https:\/\/racoon.se\/sv_se\/wp-json\/wp\/v2\/pages\/2165","targetHints":{"allow":["GET"]}}],"collection":[{"href":"https:\/\/racoon.se\/sv_se\/wp-json\/wp\/v2\/pages"}],"about":[{"href":"https:\/\/racoon.se\/sv_se\/wp-json\/wp\/v2\/types\/page"}],"author":[{"embeddable":true,"href":"https:\/\/racoon.se\/sv_se\/wp-json\/wp\/v2\/users\/3"}],"replies":[{"embeddable":true,"href":"https:\/\/racoon.se\/sv_se\/wp-json\/wp\/v2\/comments?post=2165"}],"version-history":[{"count":10,"href":"https:\/\/racoon.se\/sv_se\/wp-json\/wp\/v2\/pages\/2165\/revisions"}],"predecessor-version":[{"id":2357,"href":"https:\/\/racoon.se\/sv_se\/wp-json\/wp\/v2\/pages\/2165\/revisions\/2357"}],"up":[{"embeddable":true,"href":"https:\/\/racoon.se\/sv_se\/wp-json\/wp\/v2\/pages\/6"}],"wp:attachment":[{"href":"https:\/\/racoon.se\/sv_se\/wp-json\/wp\/v2\/media?parent=2165"}],"curies":[{"name":"wp","href":"https:\/\/api.w.org\/{rel}","templated":true}]}}