{"id":2126,"date":"2025-08-22T08:58:49","date_gmt":"2025-08-22T06:58:49","guid":{"rendered":"https:\/\/racoon.se\/?page_id=2126"},"modified":"2026-03-19T10:06:52","modified_gmt":"2026-03-19T09:06:52","slug":"forfilter","status":"publish","type":"page","link":"https:\/\/racoon.se\/sv_se\/luftfilter\/forfilter\/","title":{"rendered":"F\u00f6rfilter"},"content":{"rendered":"\t\t<div data-elementor-type=\"wp-page\" data-elementor-id=\"2126\" class=\"elementor elementor-2126\" data-elementor-post-type=\"page\">\n\t\t\t\t<div class=\"elementor-element elementor-element-872210b e-flex e-con-boxed e-con e-parent\" data-id=\"872210b\" data-element_type=\"container\" data-e-type=\"container\" data-settings=\"{&quot;background_background&quot;:&quot;classic&quot;,&quot;jet_parallax_layout_list&quot;:[]}\">\n\t\t\t\t\t<div class=\"e-con-inner\">\n\t\t\t\t\t<\/div>\n\t\t\t\t<\/div>\n\t\t<div class=\"elementor-element elementor-element-bc78a4f e-flex e-con-boxed e-con e-parent\" data-id=\"bc78a4f\" data-element_type=\"container\" data-e-type=\"container\" data-settings=\"{&quot;jet_parallax_layout_list&quot;:[]}\">\n\t\t\t\t\t<div class=\"e-con-inner\">\n\t\t<div class=\"elementor-element elementor-element-1474a34 e-con-full e-flex e-con e-child\" data-id=\"1474a34\" data-element_type=\"container\" data-e-type=\"container\" data-settings=\"{&quot;jet_parallax_layout_list&quot;:[]}\">\n\t\t\t\t<div class=\"elementor-element elementor-element-e3966a8 elementor-widget elementor-widget-jet-breadcrumbs\" data-id=\"e3966a8\" data-element_type=\"widget\" data-e-type=\"widget\" data-widget_type=\"jet-breadcrumbs.default\">\n\t\t\t\t<div class=\"elementor-widget-container\">\n\t\t\t\t\t<div class=\"elementor-jet-breadcrumbs jet-blocks\">\n\t\t<div class=\"jet-breadcrumbs\">\n\t\t<div class=\"jet-breadcrumbs__content\">\n\t\t<div class=\"jet-breadcrumbs__wrap\"><div class=\"jet-breadcrumbs__item\"><a href=\"https:\/\/racoon.se\/sv_se\/\" class=\"jet-breadcrumbs__item-link is-home\" rel=\"home\" title=\"Hem\">Hem<\/a><\/div>\n\t\t<\/div>\n\t\t<\/div>\n\t\t<\/div><\/div>\t\t\t\t<\/div>\n\t\t\t\t<\/div>\n\t\t<div class=\"elementor-element elementor-element-db36848 e-con-full e-flex e-con e-child\" data-id=\"db36848\" data-element_type=\"container\" data-e-type=\"container\" data-settings=\"{&quot;jet_parallax_layout_list&quot;:[]}\">\n\t\t<div class=\"elementor-element elementor-element-5e9ee91 e-con-full e-flex e-con e-child\" data-id=\"5e9ee91\" data-element_type=\"container\" data-e-type=\"container\" data-settings=\"{&quot;jet_parallax_layout_list&quot;:[]}\">\n\t\t\t\t<div class=\"elementor-element elementor-element-39af9f9 elementor-widget elementor-widget-heading\" data-id=\"39af9f9\" data-element_type=\"widget\" data-e-type=\"widget\" data-widget_type=\"heading.default\">\n\t\t\t\t\t<h1 class=\"elementor-heading-title elementor-size-default\">F\u00f6rfilter<\/h1>\t\t\t\t<\/div>\n\t\t\t\t<div class=\"elementor-element elementor-element-f62e6a5 elementor-widget elementor-widget-text-editor\" data-id=\"f62e6a5\" data-element_type=\"widget\" data-e-type=\"widget\" data-widget_type=\"text-editor.default\">\n\t\t\t\t\t\t\t\t\t<p>N\u00e4r extra <a href=\"https:\/\/racoon.se\/sv_se\/luftfilter-produkt\/\">luftfiltrerin<\/a>g kr\u00e4vs \u00e4r f\u00f6rfilter ett effektivt f\u00f6rsta steg. Genom att placeras i luftintaget stoppar det st\u00f6rre partiklar och skyddar b\u00e5de maskinf\u00f6rare och maskinens \u00f6vriga filtersystem fr\u00e5n exponering f\u00f6r bland annat <a href=\"https:\/\/racoon.se\/sv_se\/2025\/06\/10\/kvarts-i-arbetsmiljon\/\">kvarts<\/a>, <a href=\"https:\/\/racoon.se\/sv_se\/2025\/07\/30\/asbest-i-arbetsmiljon\/\">asbest<\/a>, <a href=\"https:\/\/racoon.se\/sv_se\/2025\/08\/06\/sporer-och-pollen-i-arbetsmiljon\/\">sporer, pollen<\/a> och <a href=\"https:\/\/racoon.se\/sv_se\/2025\/08\/06\/gaser-i-arbetsmiljon\/\">gaser<\/a>. Racoons f\u00f6rfilter \u00e4r utvecklade enligt internationella standarder som <a href=\"https:\/\/racoon.se\/sv_se\/luftfilter\/en-779-filter\/\">EN779<\/a>, EN1822 och EN149 . De \u00e4r testade f\u00f6r att klara h\u00f6ga krav p\u00e5 brands\u00e4kerhet, vibrationer och extrema temperaturer, vilket g\u00f6r dem p\u00e5litliga \u00e4ven i de mest kr\u00e4vande arbetsmilj\u00f6erna. Med l\u00e5ng erfarenhet av filtreringsteknik och dokumenterad kvalitet kan vi erbjuda l\u00f6sningar som b\u00e5de s\u00e4kerst\u00e4ller renare luft och f\u00f6rl\u00e4nger livsl\u00e4ngden p\u00e5 hela filtersystemet.<\/p><ul class=\"elementor-icon-list-items\"><li class=\"elementor-icon-list-item\"><a href=\"mailto:info@racoon.se\"><span class=\"elementor-icon-list-text\">E-post: info@racoon.se<\/span><\/a><\/li><li class=\"elementor-icon-list-item\"><a href=\"tel:093415399\"><span class=\"elementor-icon-list-text\">Telefon: 0934 &#8211; 153 99<\/span><\/a><\/li><\/ul>\t\t\t\t\t\t\t\t<\/div>\n\t\t\t\t<\/div>\n\t\t<div class=\"elementor-element elementor-element-d32095d e-con-full e-flex e-con e-child\" data-id=\"d32095d\" data-element_type=\"container\" data-e-type=\"container\" data-settings=\"{&quot;jet_parallax_layout_list&quot;:[]}\">\n\t\t\t\t<div class=\"elementor-element elementor-element-cba121e elementor-widget elementor-widget-image\" data-id=\"cba121e\" data-element_type=\"widget\" data-e-type=\"widget\" data-widget_type=\"image.default\">\n\t\t\t\t\t\t\t\t\t\t\t\t\t\t\t<img fetchpriority=\"high\" decoding=\"async\" width=\"1024\" height=\"576\" src=\"https:\/\/racoon.se\/wp-content\/uploads\/2023\/03\/20200824_081711-1024x576.jpg\" class=\"attachment-large size-large wp-image-964\" alt=\"Luftfilter\" srcset=\"https:\/\/racoon.se\/wp-content\/uploads\/2023\/03\/20200824_081711-1024x576.jpg 1024w, https:\/\/racoon.se\/wp-content\/uploads\/2023\/03\/20200824_081711-300x169.jpg 300w, https:\/\/racoon.se\/wp-content\/uploads\/2023\/03\/20200824_081711-768x432.jpg 768w, https:\/\/racoon.se\/wp-content\/uploads\/2023\/03\/20200824_081711-1536x864.jpg 1536w, https:\/\/racoon.se\/wp-content\/uploads\/2023\/03\/20200824_081711-2048x1152.jpg 2048w, https:\/\/racoon.se\/wp-content\/uploads\/2023\/03\/20200824_081711-18x10.jpg 18w, https:\/\/racoon.se\/wp-content\/uploads\/2023\/03\/20200824_081711-scaled.jpg 1920w\" sizes=\"(max-width: 1024px) 100vw, 1024px\" title=\"\">\t\t\t\t\t\t\t\t\t\t\t\t\t\t\t<\/div>\n\t\t\t\t<\/div>\n\t\t\t\t<\/div>\n\t\t<div class=\"elementor-element elementor-element-1b25917 e-con-full e-flex e-con e-child\" data-id=\"1b25917\" data-element_type=\"container\" data-e-type=\"container\" data-settings=\"{&quot;jet_parallax_layout_list&quot;:[]}\">\n\t\t<div class=\"elementor-element elementor-element-6468861 e-con-full e-flex e-con e-child\" data-id=\"6468861\" data-element_type=\"container\" data-e-type=\"container\" data-settings=\"{&quot;jet_parallax_layout_list&quot;:[]}\">\n\t\t\t\t<div class=\"elementor-element elementor-element-3a9b086 elementor-widget elementor-widget-text-editor\" data-id=\"3a9b086\" data-element_type=\"widget\" data-e-type=\"widget\" data-widget_type=\"text-editor.default\">\n\t\t\t\t\t\t\t\t\t<h2 data-start=\"840\" data-end=\"867\">F\u00f6rfilter fr\u00e5n Racoon<\/h2><p data-start=\"868\" data-end=\"1344\">Racoons f\u00f6rfilter placeras direkt i luftintaget och fungerar som en f\u00f6rsta barri\u00e4r. Genom att f\u00e5nga upp st\u00f6rre partiklar som damm, smuts och fibrer hindras de fr\u00e5n att n\u00e5 <a href=\"https:\/\/racoon.se\/sv_se\/luftfilter\/huvudfilter\/\">huvudfiltren<\/a>. Detta ger en rad f\u00f6rdelar: filtren l\u00e4ngre in i systemet f\u00e5r l\u00e4ngre livsl\u00e4ngd, filtreringsniv\u00e5n blir j\u00e4mnare \u00f6ver tid och driftavbrott minimeras. F\u00f6rfiltret \u00e4r d\u00e4rmed inte bara en komponent f\u00f6r renare luft, utan ocks\u00e5 en l\u00f6sning som bidrar till effektivare underh\u00e5ll och b\u00e4ttre arbetsmilj\u00f6.<\/p>\t\t\t\t\t\t\t\t<\/div>\n\t\t\t\t<\/div>\n\t\t<div class=\"elementor-element elementor-element-913c482 e-con-full e-flex e-con e-child\" data-id=\"913c482\" data-element_type=\"container\" data-e-type=\"container\" data-settings=\"{&quot;jet_parallax_layout_list&quot;:[]}\">\n\t\t\t\t<div class=\"elementor-element elementor-element-d5aede2 elementor-widget elementor-widget-image\" data-id=\"d5aede2\" data-element_type=\"widget\" data-e-type=\"widget\" data-widget_type=\"image.default\">\n\t\t\t\t\t\t\t\t\t\t\t\t\t\t\t<img decoding=\"async\" width=\"867\" height=\"694\" src=\"https:\/\/racoon.se\/wp-content\/uploads\/2023\/07\/Biorefil-6.jpg.webp\" class=\"attachment-large size-large wp-image-1330\" alt=\"\u00c5tervunnet material till luftfilter\" srcset=\"https:\/\/racoon.se\/wp-content\/uploads\/2023\/07\/Biorefil-6.jpg.webp 867w, https:\/\/racoon.se\/wp-content\/uploads\/2023\/07\/Biorefil-6.jpg-300x240.webp 300w, https:\/\/racoon.se\/wp-content\/uploads\/2023\/07\/Biorefil-6.jpg-768x615.webp 768w, https:\/\/racoon.se\/wp-content\/uploads\/2023\/07\/Biorefil-6.jpg-15x12.webp 15w\" sizes=\"(max-width: 867px) 100vw, 867px\" title=\"\">\t\t\t\t\t\t\t\t\t\t\t\t\t\t\t<\/div>\n\t\t\t\t<\/div>\n\t\t\t\t<\/div>\n\t\t<div class=\"elementor-element elementor-element-1dd04a0 e-con-full e-flex e-con e-child\" data-id=\"1dd04a0\" data-element_type=\"container\" data-e-type=\"container\" data-settings=\"{&quot;jet_parallax_layout_list&quot;:[]}\">\n\t\t<div class=\"elementor-element elementor-element-66668e5 e-con-full e-flex e-con e-child\" data-id=\"66668e5\" data-element_type=\"container\" data-e-type=\"container\" data-settings=\"{&quot;jet_parallax_layout_list&quot;:[]}\">\n\t\t\t\t<div class=\"elementor-element elementor-element-d395306 elementor-widget elementor-widget-text-editor\" data-id=\"d395306\" data-element_type=\"widget\" data-e-type=\"widget\" data-widget_type=\"text-editor.default\">\n\t\t\t\t\t\t\t\t\t<h3 data-start=\"1346\" data-end=\"1378\">Hur v\u00e5ra filter sticker ut<\/h3>\n<p data-start=\"1379\" data-end=\"1621\">Racoons filterl\u00f6sningar \u00e4r framtagna f\u00f6r att klara b\u00e5de vardagliga och extrema arbetsf\u00f6rh\u00e5llanden. F\u00f6rfiltret \u00e4r robust, drifts\u00e4kert och utvecklat f\u00f6r att m\u00f6ta internationella standarder. N\u00e5gra av de egenskaper som g\u00f6r v\u00e5ra filter unika \u00e4r:<\/p>\n<ul>\n<li data-start=\"1625\" data-end=\"1776\"><strong data-start=\"1625\" data-end=\"1644\">H\u00f6g reningsgrad<\/strong> \u2013 filtrerar luften enligt EN779 (minimum F9). F\u00e5ngar \u00e4ven mycket sm\u00e5 partiklar som andra filter inte klarar av.<\/li>\n<li data-start=\"1779\" data-end=\"1921\"><strong data-start=\"1779\" data-end=\"1813\">Uppfyller gaskrav enligt EN149<\/strong> \u2013 tar upp gaser fr\u00e5n spor\u00e4mnen, organismer och bakterier, vilket f\u00f6rb\u00e4ttrar luftens kvalitet ytterligare.<\/li>\n<li data-start=\"1924\" data-end=\"2047\"><strong data-start=\"1924\" data-end=\"1951\">Motst\u00e5ndskraft mot fukt<\/strong> \u2013 filtermaterialet st\u00f6ter ifr\u00e5n sig fukt och bibeh\u00e5ller sin prestanda \u00e4ven i fuktiga milj\u00f6er.<\/li>\n<li data-start=\"2050\" data-end=\"2186\"><strong data-start=\"2050\" data-end=\"2078\">T\u00e5l extrema temperaturer<\/strong> \u2013 utvecklade f\u00f6r att klara kyla ner till -50 \u00b0C enligt NATOs krav och h\u00f6ga temperaturer upp till +150 \u00b0C.<\/li>\n<li data-start=\"2189\" data-end=\"2294\"><strong data-start=\"2189\" data-end=\"2212\">Brands\u00e4kra material<\/strong> \u2013 kan m\u00f6ta standarder som ULH 94HF, FMV22302 eller Far Part 25.<\/li>\n<li data-start=\"2297\" data-end=\"2451\"><strong data-start=\"2297\" data-end=\"2331\">Vibrationss\u00e4kra konstruktioner<\/strong> \u2013 testade f\u00f6r att t\u00e5la kraftiga vibrationer och uppfyller tryck- och explosionsgrad 9G enligt NATO:s specifikationer.<\/li>\n<li data-start=\"2454\" data-end=\"2572\"><strong data-start=\"2454\" data-end=\"2476\">Enkel installation<\/strong> \u2013 OEM-anpassade f\u00f6r att passa direkt utan modifieringar, vilket g\u00f6r byten snabba och smidiga.<\/li>\n<\/ul>\t\t\t\t\t\t\t\t<\/div>\n\t\t\t\t<\/div>\n\t\t<div class=\"elementor-element elementor-element-d03370c e-con-full e-flex e-con e-child\" data-id=\"d03370c\" data-element_type=\"container\" data-e-type=\"container\" data-settings=\"{&quot;jet_parallax_layout_list&quot;:[]}\">\n\t\t\t\t<div class=\"elementor-element elementor-element-4034b3d elementor-widget elementor-widget-video\" data-id=\"4034b3d\" data-element_type=\"widget\" data-e-type=\"widget\" data-settings=\"{&quot;youtube_url&quot;:&quot;youtube.com\\\/watch?v=CUktA85AUes&amp;embeds_referring_euri=https%3A%2F%2Fracoon.se%2F&amp;embeds_referring_origin=https%3A%2F%2Fracoon.se&amp;source_ve_path=MjM4NTE&quot;,&quot;video_type&quot;:&quot;youtube&quot;,&quot;controls&quot;:&quot;yes&quot;}\" data-widget_type=\"video.default\">\n\t\t\t\t\t\t\t<div class=\"elementor-wrapper elementor-open-inline\">\n\t\t\t<div class=\"elementor-video\"><\/div>\t\t<\/div>\n\t\t\t\t\t\t<\/div>\n\t\t<div class=\"elementor-element elementor-element-ac5a4a3 e-con-full e-flex e-con e-child\" data-id=\"ac5a4a3\" data-element_type=\"container\" data-e-type=\"container\" data-settings=\"{&quot;background_background&quot;:&quot;classic&quot;,&quot;jet_parallax_layout_list&quot;:[]}\">\n\t\t\t\t<div class=\"elementor-element elementor-element-fc035a7 elementor-widget elementor-widget-text-editor\" data-id=\"fc035a7\" data-element_type=\"widget\" data-e-type=\"widget\" data-widget_type=\"text-editor.default\">\n\t\t\t\t\t\t\t\t\t<h2 data-start=\"2574\" data-end=\"2592\">Kontakta oss<\/h2><p data-start=\"2593\" data-end=\"2827\">Vill du veta mer om hur Racoons f\u00f6rfilter kan f\u00f6rb\u00e4ttra livsl\u00e4ngden p\u00e5 dina filtersystem och skapa en s\u00e4krare arbetsmilj\u00f6? H\u00f6r av dig till oss \u2013 vi ber\u00e4ttar g\u00e4rna mer och hj\u00e4lper dig hitta den l\u00f6sning som passar b\u00e4st f\u00f6r dina behov.<\/p>\t\t\t\t\t\t\t\t<\/div>\n\t\t\t\t<div class=\"elementor-element elementor-element-7befbfd elementor-widget elementor-widget-button\" data-id=\"7befbfd\" data-element_type=\"widget\" data-e-type=\"widget\" data-widget_type=\"button.default\">\n\t\t\t\t\t\t\t\t\t\t<a class=\"elementor-button elementor-button-link elementor-size-sm\" href=\"https:\/\/racoon.se\/sv_se\/kontakt\/\">\n\t\t\t\t\t\t<span class=\"elementor-button-content-wrapper\">\n\t\t\t\t\t\t\t\t\t<span class=\"elementor-button-text\">Kontakta oss<\/span>\n\t\t\t\t\t<\/span>\n\t\t\t\t\t<\/a>\n\t\t\t\t\t\t\t\t<\/div>\n\t\t\t\t<\/div>\n\t\t\t\t<\/div>\n\t\t\t\t<\/div>\n\t\t<div class=\"elementor-element elementor-element-faf20e2 e-con-full e-flex e-con e-child\" data-id=\"faf20e2\" data-element_type=\"container\" data-e-type=\"container\" data-settings=\"{&quot;jet_parallax_layout_list&quot;:[]}\">\n\t\t<div class=\"elementor-element elementor-element-20ae5b9 e-con-full e-flex e-con e-child\" data-id=\"20ae5b9\" data-element_type=\"container\" data-e-type=\"container\" data-settings=\"{&quot;jet_parallax_layout_list&quot;:[]}\">\n\t\t\t\t<div class=\"elementor-element elementor-element-4fa9b92 elementor-widget elementor-widget-text-editor\" data-id=\"4fa9b92\" data-element_type=\"widget\" data-e-type=\"widget\" data-widget_type=\"text-editor.default\">\n\t\t\t\t\t\t\t\t\t<hr \/><p>Du hittar v\u00e5ra luftfilter i en m\u00e4ngd olika maskiner och anv\u00e4ndningsomr\u00e5den. Bland annat:<\/p><ul><li>Lastbilar<\/li><li>Minr\u00f6jare<\/li><li>Skogsmaskiner<\/li><li>Sk\u00f6rdare<\/li><li>Skotare<\/li><li>Ventilationsrum<\/li><li>Gr\u00e4vmaskiner ovan och under jord<\/li><li>Personbilar<\/li><li>Brandklassade rum<\/li><li>Skyddsrum<\/li><\/ul>\t\t\t\t\t\t\t\t<\/div>\n\t\t\t\t<\/div>\n\t\t\t\t<\/div>\n\t\t\t\t<\/div>\n\t\t\t\t\t<\/div>\n\t\t\t\t<\/div>\n\t\t\t\t<\/div>\n\t\t","protected":false},"excerpt":{"rendered":"<p>Hem F\u00f6rfilter N\u00e4r extra luftfiltrering kr\u00e4vs \u00e4r f\u00f6rfilter ett effektivt f\u00f6rsta steg. Genom att placeras i luftintaget stoppar det st\u00f6rre partiklar och skyddar b\u00e5de maskinf\u00f6rare och maskinens \u00f6vriga filtersystem fr\u00e5n exponering f\u00f6r bland annat kvarts, asbest, sporer, pollen och gaser. Racoons f\u00f6rfilter \u00e4r utvecklade enligt internationella standarder som EN779, EN1822 och EN149 . De \u00e4r [&hellip;]<\/p>\n","protected":false},"author":3,"featured_media":0,"parent":6,"menu_order":0,"comment_status":"closed","ping_status":"closed","template":"","meta":{"site-sidebar-layout":"no-sidebar","site-content-layout":"page-builder","ast-site-content-layout":"full-width-container","site-content-style":"default","site-sidebar-style":"default","ast-global-header-display":"","ast-banner-title-visibility":"","ast-main-header-display":"","ast-hfb-above-header-display":"","ast-hfb-below-header-display":"","ast-hfb-mobile-header-display":"","site-post-title":"","ast-breadcrumbs-content":"","ast-featured-img":"disabled","footer-sml-layout":"","ast-disable-related-posts":"","theme-transparent-header-meta":"","adv-header-id-meta":"","stick-header-meta":"","header-above-stick-meta":"","header-main-stick-meta":"","header-below-stick-meta":"","astra-migrate-meta-layouts":"set","ast-page-background-enabled":"default","ast-page-background-meta":{"desktop":{"background-color":"","background-image":"","background-repeat":"repeat","background-position":"center center","background-size":"auto","background-attachment":"scroll","background-type":"","background-media":"","overlay-type":"","overlay-color":"","overlay-opacity":"","overlay-gradient":""},"tablet":{"background-color":"","background-image":"","background-repeat":"repeat","background-position":"center center","background-size":"auto","background-attachment":"scroll","background-type":"","background-media":"","overlay-type":"","overlay-color":"","overlay-opacity":"","overlay-gradient":""},"mobile":{"background-color":"","background-image":"","background-repeat":"repeat","background-position":"center center","background-size":"auto","background-attachment":"scroll","background-type":"","background-media":"","overlay-type":"","overlay-color":"","overlay-opacity":"","overlay-gradient":""}},"ast-content-background-meta":{"desktop":{"background-color":"var(--ast-global-color-5)","background-image":"","background-repeat":"repeat","background-position":"center center","background-size":"auto","background-attachment":"scroll","background-type":"","background-media":"","overlay-type":"","overlay-color":"","overlay-opacity":"","overlay-gradient":""},"tablet":{"background-color":"var(--ast-global-color-5)","background-image":"","background-repeat":"repeat","background-position":"center center","background-size":"auto","background-attachment":"scroll","background-type":"","background-media":"","overlay-type":"","overlay-color":"","overlay-opacity":"","overlay-gradient":""},"mobile":{"background-color":"var(--ast-global-color-5)","background-image":"","background-repeat":"repeat","background-position":"center center","background-size":"auto","background-attachment":"scroll","background-type":"","background-media":"","overlay-type":"","overlay-color":"","overlay-opacity":"","overlay-gradient":""}},"footnotes":""},"class_list":["post-2126","page","type-page","status-publish","hentry"],"_links":{"self":[{"href":"https:\/\/racoon.se\/sv_se\/wp-json\/wp\/v2\/pages\/2126","targetHints":{"allow":["GET"]}}],"collection":[{"href":"https:\/\/racoon.se\/sv_se\/wp-json\/wp\/v2\/pages"}],"about":[{"href":"https:\/\/racoon.se\/sv_se\/wp-json\/wp\/v2\/types\/page"}],"author":[{"embeddable":true,"href":"https:\/\/racoon.se\/sv_se\/wp-json\/wp\/v2\/users\/3"}],"replies":[{"embeddable":true,"href":"https:\/\/racoon.se\/sv_se\/wp-json\/wp\/v2\/comments?post=2126"}],"version-history":[{"count":22,"href":"https:\/\/racoon.se\/sv_se\/wp-json\/wp\/v2\/pages\/2126\/revisions"}],"predecessor-version":[{"id":2360,"href":"https:\/\/racoon.se\/sv_se\/wp-json\/wp\/v2\/pages\/2126\/revisions\/2360"}],"up":[{"embeddable":true,"href":"https:\/\/racoon.se\/sv_se\/wp-json\/wp\/v2\/pages\/6"}],"wp:attachment":[{"href":"https:\/\/racoon.se\/sv_se\/wp-json\/wp\/v2\/media?parent=2126"}],"curies":[{"name":"wp","href":"https:\/\/api.w.org\/{rel}","templated":true}]}}