{"id":598,"date":"2023-03-22T12:58:12","date_gmt":"2023-03-22T11:58:12","guid":{"rendered":"https:\/\/racoon.se\/?page_id=598"},"modified":"2023-10-03T11:19:31","modified_gmt":"2023-10-03T09:19:31","slug":"projekt","status":"publish","type":"page","link":"https:\/\/racoon.se\/en\/projekt\/","title":{"rendered":"Project"},"content":{"rendered":"<div data-elementor-type=\"wp-page\" data-elementor-id=\"598\" class=\"elementor elementor-598\" data-elementor-post-type=\"page\">\n\t\t\t\t\t\t<section class=\"elementor-section elementor-top-section elementor-element elementor-element-22ebef1c elementor-section-height-min-height elementor-section-boxed elementor-section-height-default elementor-section-items-middle\" data-id=\"22ebef1c\" data-element_type=\"section\" data-e-type=\"section\" data-settings=\"{&quot;background_background&quot;:&quot;classic&quot;,&quot;jet_parallax_layout_list&quot;:[]}\">\n\t\t\t\t\t\t\t<div class=\"elementor-background-overlay\"><\/div>\n\t\t\t\t\t\t\t<div class=\"elementor-container elementor-column-gap-default\">\n\t\t\t\t\t<div class=\"elementor-column elementor-col-100 elementor-top-column elementor-element elementor-element-48ffbe6c\" data-id=\"48ffbe6c\" data-element_type=\"column\" data-e-type=\"column\">\n\t\t\t<div class=\"elementor-widget-wrap elementor-element-populated\">\n\t\t\t\t\t\t<div class=\"elementor-element elementor-element-509954ca elementor-widget elementor-widget-heading\" data-id=\"509954ca\" data-element_type=\"widget\" data-e-type=\"widget\" data-widget_type=\"heading.default\">\n\t\t\t\t\t<h1 class=\"elementor-heading-title elementor-size-default\">Project<\/h1>\t\t\t\t<\/div>\n\t\t\t\t\t<\/div>\n\t\t<\/div>\n\t\t\t\t\t<\/div>\n\t\t<\/section>\n\t\t\t\t<section class=\"elementor-section elementor-top-section elementor-element elementor-element-4e91dfa elementor-section-boxed elementor-section-height-default elementor-section-height-default\" data-id=\"4e91dfa\" data-element_type=\"section\" data-e-type=\"section\" data-settings=\"{&quot;background_background&quot;:&quot;classic&quot;,&quot;jet_parallax_layout_list&quot;:[]}\">\n\t\t\t\t\t\t<div class=\"elementor-container elementor-column-gap-default\">\n\t\t\t\t\t<div class=\"elementor-column elementor-col-100 elementor-top-column elementor-element elementor-element-1f5d81a\" data-id=\"1f5d81a\" data-element_type=\"column\" data-e-type=\"column\">\n\t\t\t<div class=\"elementor-widget-wrap elementor-element-populated\">\n\t\t\t\t\t\t<div class=\"elementor-element elementor-element-f3479d4 elementor-grid-3 elementor-grid-tablet-2 elementor-grid-mobile-1 elementor-posts--thumbnail-top elementor-card-shadow-yes elementor-posts__hover-gradient elementor-widget elementor-widget-posts\" data-id=\"f3479d4\" data-element_type=\"widget\" data-e-type=\"widget\" data-settings=\"{&quot;cards_columns&quot;:&quot;3&quot;,&quot;cards_columns_tablet&quot;:&quot;2&quot;,&quot;cards_columns_mobile&quot;:&quot;1&quot;,&quot;cards_row_gap&quot;:{&quot;unit&quot;:&quot;px&quot;,&quot;size&quot;:35,&quot;sizes&quot;:[]},&quot;cards_row_gap_tablet&quot;:{&quot;unit&quot;:&quot;px&quot;,&quot;size&quot;:&quot;&quot;,&quot;sizes&quot;:[]},&quot;cards_row_gap_mobile&quot;:{&quot;unit&quot;:&quot;px&quot;,&quot;size&quot;:&quot;&quot;,&quot;sizes&quot;:[]}}\" data-widget_type=\"posts.cards\">\n\t\t\t\t<div class=\"elementor-widget-container\">\n\t\t\t\t\t\t\t<div class=\"elementor-posts-container elementor-posts elementor-posts--skin-cards elementor-grid\" role=\"list\">\n\t\t\t\t<article class=\"elementor-post elementor-grid-item post-1335 post type-post status-publish format-standard has-post-thumbnail hentry category-projekt\" role=\"listitem\">\n\t\t\t<div class=\"elementor-post__card\">\n\t\t\t\t<a class=\"elementor-post__thumbnail__link\" href=\"https:\/\/racoon.se\/en\/2023\/07\/07\/ny-marknad-kanada\/\" tabindex=\"-1\" ><div class=\"elementor-post__thumbnail\"><img fetchpriority=\"high\" decoding=\"async\" width=\"300\" height=\"200\" src=\"https:\/\/racoon.se\/wp-content\/uploads\/2023\/04\/quarry-worker-operating-heavy-machinery-in-quarry-300x200.webp\" class=\"attachment-medium size-medium wp-image-1248\" alt=\"Gr\u00e4vmaskin med luftfilter\" srcset=\"https:\/\/racoon.se\/wp-content\/uploads\/2023\/04\/quarry-worker-operating-heavy-machinery-in-quarry-300x200.webp 300w, https:\/\/racoon.se\/wp-content\/uploads\/2023\/04\/quarry-worker-operating-heavy-machinery-in-quarry-1024x683.webp 1024w, https:\/\/racoon.se\/wp-content\/uploads\/2023\/04\/quarry-worker-operating-heavy-machinery-in-quarry-768x512.webp 768w, https:\/\/racoon.se\/wp-content\/uploads\/2023\/04\/quarry-worker-operating-heavy-machinery-in-quarry-1536x1024.webp 1536w, https:\/\/racoon.se\/wp-content\/uploads\/2023\/04\/quarry-worker-operating-heavy-machinery-in-quarry-2048x1366.webp 2048w, https:\/\/racoon.se\/wp-content\/uploads\/2023\/04\/quarry-worker-operating-heavy-machinery-in-quarry-18x12.webp 18w\" sizes=\"(max-width: 300px) 100vw, 300px\" title=\"\"><\/div><\/a>\n\t\t\t\t<div class=\"elementor-post__badge\">Project<\/div>\n\t\t\t\t<div class=\"elementor-post__text\">\n\t\t\t\t<h2 class=\"elementor-post__title\">\n\t\t\t<a href=\"https:\/\/racoon.se\/en\/2023\/07\/07\/ny-marknad-kanada\/\" >\n\t\t\t\tNew market \u2013 Canada\t\t\t<\/a>\n\t\t<\/h2>\n\t\t\t\t<div class=\"elementor-post__excerpt\">\n\t\t\t<p>During the autumn of 2023, together with Business Sweden, we will take further steps in the Canadian mining market. Right now we are preparing and investigating what conditions and what interest there is in taking the work environment issues a couple of steps further.<\/p>\n\t\t<\/div>\n\t\t\n\t\t<a class=\"elementor-post__read-more\" href=\"https:\/\/racoon.se\/en\/2023\/07\/07\/ny-marknad-kanada\/\" aria-label=\"Read more about Ny marknad &#8211; kanada\" tabindex=\"-1\" >\n\t\t\tRead more \u00bb\t\t<\/a>\n\n\t\t\t\t<\/div>\n\t\t\t\t<div class=\"elementor-post__meta-data\">\n\t\t\t\t\t<span class=\"elementor-post-date\">\n\t\t\t2023-07-07\t\t<\/span>\n\t\t\t\t<\/div>\n\t\t\t\t\t<\/div>\n\t\t<\/article>\n\t\t\t\t<article class=\"elementor-post elementor-grid-item post-1003 post type-post status-publish format-standard has-post-thumbnail hentry category-projekt\" role=\"listitem\">\n\t\t\t<div class=\"elementor-post__card\">\n\t\t\t\t<a class=\"elementor-post__thumbnail__link\" href=\"https:\/\/racoon.se\/en\/2018\/11\/03\/ny-marknad-australien-2018-03-11\/\" tabindex=\"-1\" ><div class=\"elementor-post__thumbnail\"><img decoding=\"async\" width=\"300\" height=\"200\" src=\"https:\/\/racoon.se\/wp-content\/uploads\/2023\/03\/Hitachi-300x200.jpg\" class=\"attachment-medium size-medium wp-image-973\" alt=\"\" srcset=\"https:\/\/racoon.se\/wp-content\/uploads\/2023\/03\/Hitachi-300x200.jpg 300w, https:\/\/racoon.se\/wp-content\/uploads\/2023\/03\/Hitachi-1024x681.jpg 1024w, https:\/\/racoon.se\/wp-content\/uploads\/2023\/03\/Hitachi-768x511.jpg 768w, https:\/\/racoon.se\/wp-content\/uploads\/2023\/03\/Hitachi-1536x1022.jpg 1536w, https:\/\/racoon.se\/wp-content\/uploads\/2023\/03\/Hitachi-18x12.jpg 18w, https:\/\/racoon.se\/wp-content\/uploads\/2023\/03\/Hitachi.jpg 1920w\" sizes=\"(max-width: 300px) 100vw, 300px\" title=\"\"><\/div><\/a>\n\t\t\t\t<div class=\"elementor-post__badge\">Project<\/div>\n\t\t\t\t<div class=\"elementor-post__text\">\n\t\t\t\t<h2 class=\"elementor-post__title\">\n\t\t\t<a href=\"https:\/\/racoon.se\/en\/2018\/11\/03\/ny-marknad-australien-2018-03-11\/\" >\n\t\t\t\tNEW MARKET \u2013 AUSTRALIA:\t\t\t<\/a>\n\t\t<\/h2>\n\t\t\t\t<div class=\"elementor-post__excerpt\">\n\t\t\t<p>Tillsammans med Business Sweden h\u00e5ller vi p\u00e5 att utv\u00e4rdera marknaden i Australien. Under 2018 kommer vi b\u00e5de att tr\u00e4ffa eventuella partners i Australien samt n\u00e4rvara<\/p>\n\t\t<\/div>\n\t\t\n\t\t<a class=\"elementor-post__read-more\" href=\"https:\/\/racoon.se\/en\/2018\/11\/03\/ny-marknad-australien-2018-03-11\/\" aria-label=\"Read more about NY MARKNAD \u2013 AUSTRALIEN:\" tabindex=\"-1\" >\n\t\t\tRead more \u00bb\t\t<\/a>\n\n\t\t\t\t<\/div>\n\t\t\t\t<div class=\"elementor-post__meta-data\">\n\t\t\t\t\t<span class=\"elementor-post-date\">\n\t\t\t2018-11-03\t\t<\/span>\n\t\t\t\t<\/div>\n\t\t\t\t\t<\/div>\n\t\t<\/article>\n\t\t\t\t<\/div>\n\t\t\n\t\t\t\t\t\t<\/div>\n\t\t\t\t<\/div>\n\t\t\t\t\t<\/div>\n\t\t<\/div>\n\t\t\t\t\t<\/div>\n\t\t<\/section>\n\t\t\t\t<\/div>","protected":false},"excerpt":{"rendered":"<p>Project<\/p>","protected":false},"author":1,"featured_media":0,"parent":0,"menu_order":0,"comment_status":"closed","ping_status":"closed","template":"","meta":{"site-sidebar-layout":"no-sidebar","site-content-layout":"page-builder","ast-site-content-layout":"default","site-content-style":"default","site-sidebar-style":"default","ast-global-header-display":"","ast-banner-title-visibility":"","ast-main-header-display":"","ast-hfb-above-header-display":"","ast-hfb-below-header-display":"","ast-hfb-mobile-header-display":"","site-post-title":"disabled","ast-breadcrumbs-content":"","ast-featured-img":"disabled","footer-sml-layout":"","ast-disable-related-posts":"","theme-transparent-header-meta":"","adv-header-id-meta":"","stick-header-meta":"","header-above-stick-meta":"","header-main-stick-meta":"","header-below-stick-meta":"","astra-migrate-meta-layouts":"default","ast-page-background-enabled":"default","ast-page-background-meta":{"desktop":{"background-color":"","background-image":"","background-repeat":"repeat","background-position":"center center","background-size":"auto","background-attachment":"scroll","background-type":"","background-media":"","overlay-type":"","overlay-color":"","overlay-opacity":"","overlay-gradient":""},"tablet":{"background-color":"","background-image":"","background-repeat":"repeat","background-position":"center center","background-size":"auto","background-attachment":"scroll","background-type":"","background-media":"","overlay-type":"","overlay-color":"","overlay-opacity":"","overlay-gradient":""},"mobile":{"background-color":"","background-image":"","background-repeat":"repeat","background-position":"center center","background-size":"auto","background-attachment":"scroll","background-type":"","background-media":"","overlay-type":"","overlay-color":"","overlay-opacity":"","overlay-gradient":""}},"ast-content-background-meta":{"desktop":{"background-color":"var(--ast-global-color-5)","background-image":"","background-repeat":"repeat","background-position":"center center","background-size":"auto","background-attachment":"scroll","background-type":"","background-media":"","overlay-type":"","overlay-color":"","overlay-opacity":"","overlay-gradient":""},"tablet":{"background-color":"var(--ast-global-color-5)","background-image":"","background-repeat":"repeat","background-position":"center center","background-size":"auto","background-attachment":"scroll","background-type":"","background-media":"","overlay-type":"","overlay-color":"","overlay-opacity":"","overlay-gradient":""},"mobile":{"background-color":"var(--ast-global-color-5)","background-image":"","background-repeat":"repeat","background-position":"center center","background-size":"auto","background-attachment":"scroll","background-type":"","background-media":"","overlay-type":"","overlay-color":"","overlay-opacity":"","overlay-gradient":""}},"footnotes":""},"class_list":["post-598","page","type-page","status-publish","hentry"],"_links":{"self":[{"href":"https:\/\/racoon.se\/en\/wp-json\/wp\/v2\/pages\/598","targetHints":{"allow":["GET"]}}],"collection":[{"href":"https:\/\/racoon.se\/en\/wp-json\/wp\/v2\/pages"}],"about":[{"href":"https:\/\/racoon.se\/en\/wp-json\/wp\/v2\/types\/page"}],"author":[{"embeddable":true,"href":"https:\/\/racoon.se\/en\/wp-json\/wp\/v2\/users\/1"}],"replies":[{"embeddable":true,"href":"https:\/\/racoon.se\/en\/wp-json\/wp\/v2\/comments?post=598"}],"version-history":[{"count":13,"href":"https:\/\/racoon.se\/en\/wp-json\/wp\/v2\/pages\/598\/revisions"}],"predecessor-version":[{"id":1406,"href":"https:\/\/racoon.se\/en\/wp-json\/wp\/v2\/pages\/598\/revisions\/1406"}],"wp:attachment":[{"href":"https:\/\/racoon.se\/en\/wp-json\/wp\/v2\/media?parent=598"}],"curies":[{"name":"wp","href":"https:\/\/api.w.org\/{rel}","templated":true}]}}