{"id":596,"date":"2023-03-22T12:58:01","date_gmt":"2023-03-22T11:58:01","guid":{"rendered":"https:\/\/racoon.se\/?page_id=596"},"modified":"2023-04-19T15:53:16","modified_gmt":"2023-04-19T13:53:16","slug":"omnamnd","status":"publish","type":"page","link":"https:\/\/racoon.se\/en\/omnamnd\/","title":{"rendered":"Mentioned"},"content":{"rendered":"<div data-elementor-type=\"wp-page\" data-elementor-id=\"596\" class=\"elementor elementor-596\" data-elementor-post-type=\"page\">\n\t\t\t\t\t\t<section class=\"elementor-section elementor-top-section elementor-element elementor-element-59ace835 elementor-section-height-min-height elementor-section-boxed elementor-section-height-default elementor-section-items-middle\" data-id=\"59ace835\" data-element_type=\"section\" data-e-type=\"section\" data-settings=\"{&quot;background_background&quot;:&quot;classic&quot;,&quot;jet_parallax_layout_list&quot;:[]}\">\n\t\t\t\t\t\t\t<div class=\"elementor-background-overlay\"><\/div>\n\t\t\t\t\t\t\t<div class=\"elementor-container elementor-column-gap-default\">\n\t\t\t\t\t<div class=\"elementor-column elementor-col-100 elementor-top-column elementor-element elementor-element-7be58f54\" data-id=\"7be58f54\" data-element_type=\"column\" data-e-type=\"column\">\n\t\t\t<div class=\"elementor-widget-wrap elementor-element-populated\">\n\t\t\t\t\t\t<div class=\"elementor-element elementor-element-1acfb953 elementor-widget elementor-widget-heading\" data-id=\"1acfb953\" data-element_type=\"widget\" data-e-type=\"widget\" data-widget_type=\"heading.default\">\n\t\t\t\t\t<h1 class=\"elementor-heading-title elementor-size-default\">Mentioned<\/h1>\t\t\t\t<\/div>\n\t\t\t\t\t<\/div>\n\t\t<\/div>\n\t\t\t\t\t<\/div>\n\t\t<\/section>\n\t\t\t\t<section class=\"elementor-section elementor-top-section elementor-element elementor-element-1a63d3b4 elementor-section-boxed elementor-section-height-default elementor-section-height-default\" data-id=\"1a63d3b4\" data-element_type=\"section\" data-e-type=\"section\" data-settings=\"{&quot;background_background&quot;:&quot;classic&quot;,&quot;jet_parallax_layout_list&quot;:[]}\">\n\t\t\t\t\t\t<div class=\"elementor-container elementor-column-gap-default\">\n\t\t\t\t\t<div class=\"elementor-column elementor-col-100 elementor-top-column elementor-element elementor-element-3ad3600e\" data-id=\"3ad3600e\" data-element_type=\"column\" data-e-type=\"column\">\n\t\t\t<div class=\"elementor-widget-wrap elementor-element-populated\">\n\t\t\t\t\t\t<div class=\"elementor-element elementor-element-42785cc6 elementor-widget elementor-widget-heading\" data-id=\"42785cc6\" data-element_type=\"widget\" data-e-type=\"widget\" data-widget_type=\"heading.default\">\n\t\t\t\t\t<h2 class=\"elementor-heading-title elementor-size-default\">Mentioned by others\n<\/h2>\t\t\t\t<\/div>\n\t\t\t\t<div class=\"elementor-element elementor-element-581926eb elementor-widget-divider--view-line elementor-widget elementor-widget-divider\" data-id=\"581926eb\" data-element_type=\"widget\" data-e-type=\"widget\" data-widget_type=\"divider.default\">\n\t\t\t\t\t\t\t<div class=\"elementor-divider\">\n\t\t\t<span class=\"elementor-divider-separator\">\n\t\t\t\t\t\t<\/span>\n\t\t<\/div>\n\t\t\t\t\t\t<\/div>\n\t\t\t\t<div class=\"elementor-element elementor-element-61610660 elementor-widget elementor-widget-text-editor\" data-id=\"61610660\" data-element_type=\"widget\" data-e-type=\"widget\" data-widget_type=\"text-editor.default\">\n\t\t\t\t\t\t\t\t\t<p>Juni \u2013 2021: V\u00e4sterbottens Handelskammare<br \/><a href=\"https:\/\/www.handelskammaren.ac\/medlemsforetag-i-fokus-racoon-miljofilter\/\" target=\"_blank\" rel=\"noopener\">Fr\u00e5n mikrov\u00e5gsugn till en global marknad<\/a><\/p><p>Maj \u2013 2021: NIS 6.0<br \/><a href=\"https:\/\/www.youtube.com\/watch?v=YklPoJk81NA&amp;t=13s\" target=\"_blank\" rel=\"noopener\">En frukost om Program f\u00f6r Tillv\u00e4xt<\/a><\/p><hr \/><p>December \u2013 2019: North Sweden Cleantech<strong><br \/><\/strong><a href=\"https:\/\/northswedencleantech.se\/sv\/aktuellt\/nyheter\/racoon-miljofilter-pa-internationell-frammarsch\/\" target=\"_blank\" rel=\"noopener\">Racoon Milj\u00f6filter p\u00e5 internationell frammarsch<\/a><\/p><p>April \u2013 2019: North Sweden Cleantech<br \/><a href=\"http:\/\/northswedencleantech.se\/sv\/aktuellt\/nyheter\/miljofilter-fran-vasterbotten-soker-sig-till-australiens-gruvor\/\" target=\"_blank\" rel=\"noopener\">Milj\u00f6filter fr\u00e5n V\u00e4sterbotten s\u00f6ker sig till Australiens gruvor<\/a><\/p><hr \/><p>December \u2013 2018: Entreprenadaktuellt\u00a0<br \/><a href=\"http:\/\/www.entreprenadaktuellt.se\/artikel\/58848\/tar-miljfilter-till-australien.html\" target=\"_blank\" rel=\"noopener\">Tar milj\u00f6filter till Australien<\/a><\/p><p>Nov \u2013 2018: North Sweden Cleantech<br \/><a href=\"http:\/\/northswedencleantech.se\/sv\/aktuellt\/nyheter\/australien-racoon-miljofilters-nasta-marknad\/\" target=\"_blank\" rel=\"noopener\">Australien \u2013 Racoon Milj\u00f6filters n\u00e4sta marknad<\/a><\/p><p>Februari \u2013 2018: North Sweden Cleantech<br \/><a href=\"http:\/\/northswedencleantech.se\/sv\/aktuellt\/nyheter\/statsminister-stefan-lofven-imponerad-av-racoon-miljofilter\/\" target=\"_blank\" rel=\"noopener\">Statsminister Stefan L\u00f6fven imponerad av Racoon Milj\u00f6filter<\/a><\/p><p>Februari \u2013 2018: Norrlandsfonden<br \/><a href=\"http:\/\/www.norrlandsfonden.se\/nyheter\/statsministern-imponerad-efter-besok-hos-var-kund-racoon-2425203\" target=\"_blank\" rel=\"noopener\">Statsministern imponerad efter bes\u00f6k hos v\u00e5r kund Racoon<\/a><\/p><p>Februari \u2013 2018: Norran<br \/><a href=\"https:\/\/www.norran.se\/affarsliv\/statsministern-besoker-foretag-i-robertsfors\/?auth=false\" target=\"_blank\" rel=\"noopener\">Statsministern bes\u00f6ker f\u00f6retag i Robertsfors<\/a><\/p><p>Februari \u2013 2018: Norran Aff\u00e4rsliv<br \/><a href=\"https:\/\/www.norran.se\/affarsliv\/foretag-i-robertsfors-imponerade-pa-statsministern\/\" target=\"_blank\" rel=\"noopener\">F\u00f6retag i Robertsfors imponerade p\u00e5 statsministern<\/a><\/p><p>Februari \u2013 2018: Entreprenadaktuellt<br \/><a href=\"https:\/\/racoon.se\/en\/sv\/aktuellt\/omnamnd\/\">Sanering m\u00f6jlig tack vare kvicksilverfilter<\/a><\/p><hr \/><p>Augusti \u2013 2017: Pro<br \/><a href=\"https:\/\/www.pro.se\/Distrikt\/Vasterbottens-Lan\/Samorganisationer\/Robertsfors\/Foreningar\/Robertsfors\/Nyhets\/Studiebesok-i-Robertsfors\/\" target=\"_blank\" rel=\"noopener\">Studiebes\u00f6k i Robertsfors<\/a><\/p><hr \/><p>Oktober \u2013 2016: Norran<br \/><a href=\"https:\/\/www.norran.se\/nyheter\/skogsindustrin-fortfarande-viktig-for-racoon\/\" target=\"_blank\" rel=\"noopener\">Skogsindustrin fortfarande viktig f\u00f6r Racoon<\/a><\/p><hr \/><p>Mars \u2013 2015: Dagens Arbete<br \/><a href=\"https:\/\/da.se\/2015\/03\/fear-and-loathing-in-robertsfors\/\" target=\"_blank\" rel=\"noopener\">Skilda v\u00e4rldar i Robertsfors<\/a><\/p><p>April \u2013 2015: Qimtek<br \/><a href=\"http:\/\/www.qimtek.se\/news\/racoon_miljofilter_satsar_pa_expansion-7381.html\" target=\"_blank\" rel=\"noopener\">Racoon Milj\u00f6filter satsar p\u00e5 expansion<\/a><\/p><p>April \u2013 2015: Norrlandsfonden<br \/><a href=\"https:\/\/news.cision.com\/se\/norrlandsfonden\/r\/filterteknik-fran-robertsfors,c9758726\" target=\"_blank\" rel=\"noopener\">Filterteknik fr\u00e5n Robertsfors<\/a><\/p><hr \/><p>September \u2013 2002: Milj\u00f6 &amp; Utveckling<br \/><a href=\"https:\/\/miljo-utveckling.se\/miljofilter-ger-battre-luft\/\" target=\"_blank\" rel=\"noopener\">Milj\u00f6filter ger b\u00e4ttre luft<\/a><\/p><hr \/><p>Oktober \u2013 2000: Ny Teknik<br \/><a href=\"https:\/\/www.nyteknik.se\/industri\/effektivt-filter-bakas-i-mikrovagsugn-6478243\" target=\"_blank\" rel=\"noopener\">Effektivt filter bakas i mikrov\u00e5gsugn<\/a><\/p>\t\t\t\t\t\t\t\t<\/div>\n\t\t\t\t<div class=\"elementor-element elementor-element-7bdaa31f elementor-mobile-align-center elementor-align-center elementor-widget elementor-widget-button\" data-id=\"7bdaa31f\" data-element_type=\"widget\" data-e-type=\"widget\" data-widget_type=\"button.default\">\n\t\t\t\t\t\t\t\t\t\t<a class=\"elementor-button elementor-button-link elementor-size-sm\" href=\"\/en\/kontakt\/\">\n\t\t\t\t\t\t<span class=\"elementor-button-content-wrapper\">\n\t\t\t\t\t\t\t\t\t<span class=\"elementor-button-text\">Contact Us<\/span>\n\t\t\t\t\t<\/span>\n\t\t\t\t\t<\/a>\n\t\t\t\t\t\t\t\t<\/div>\n\t\t\t\t\t<\/div>\n\t\t<\/div>\n\t\t\t\t\t<\/div>\n\t\t<\/section>\n\t\t\t\t<\/div>","protected":false},"excerpt":{"rendered":"<p>Omn\u00e4mnd Omn\u00e4mnd av andra Juni \u2013 2021: V\u00e4sterbottens HandelskammareFr\u00e5n mikrov\u00e5gsugn till en global marknad Maj \u2013 2021: NIS 6.0En frukost om Program f\u00f6r Tillv\u00e4xt December \u2013 2019: North Sweden CleantechRacoon Milj\u00f6filter p\u00e5 internationell frammarsch April \u2013 2019: North Sweden CleantechMilj\u00f6filter fr\u00e5n V\u00e4sterbotten s\u00f6ker sig till Australiens gruvor December \u2013 2018: Entreprenadaktuellt\u00a0Tar milj\u00f6filter till Australien Nov [&hellip;]<\/p>\n","protected":false},"author":1,"featured_media":0,"parent":0,"menu_order":0,"comment_status":"closed","ping_status":"closed","template":"","meta":{"site-sidebar-layout":"no-sidebar","site-content-layout":"page-builder","ast-site-content-layout":"default","site-content-style":"default","site-sidebar-style":"default","ast-global-header-display":"","ast-banner-title-visibility":"","ast-main-header-display":"","ast-hfb-above-header-display":"","ast-hfb-below-header-display":"","ast-hfb-mobile-header-display":"","site-post-title":"disabled","ast-breadcrumbs-content":"","ast-featured-img":"disabled","footer-sml-layout":"","ast-disable-related-posts":"","theme-transparent-header-meta":"","adv-header-id-meta":"","stick-header-meta":"","header-above-stick-meta":"","header-main-stick-meta":"","header-below-stick-meta":"","astra-migrate-meta-layouts":"default","ast-page-background-enabled":"default","ast-page-background-meta":{"desktop":{"background-color":"","background-image":"","background-repeat":"repeat","background-position":"center center","background-size":"auto","background-attachment":"scroll","background-type":"","background-media":"","overlay-type":"","overlay-color":"","overlay-opacity":"","overlay-gradient":""},"tablet":{"background-color":"","background-image":"","background-repeat":"repeat","background-position":"center center","background-size":"auto","background-attachment":"scroll","background-type":"","background-media":"","overlay-type":"","overlay-color":"","overlay-opacity":"","overlay-gradient":""},"mobile":{"background-color":"","background-image":"","background-repeat":"repeat","background-position":"center center","background-size":"auto","background-attachment":"scroll","background-type":"","background-media":"","overlay-type":"","overlay-color":"","overlay-opacity":"","overlay-gradient":""}},"ast-content-background-meta":{"desktop":{"background-color":"var(--ast-global-color-5)","background-image":"","background-repeat":"repeat","background-position":"center center","background-size":"auto","background-attachment":"scroll","background-type":"","background-media":"","overlay-type":"","overlay-color":"","overlay-opacity":"","overlay-gradient":""},"tablet":{"background-color":"var(--ast-global-color-5)","background-image":"","background-repeat":"repeat","background-position":"center center","background-size":"auto","background-attachment":"scroll","background-type":"","background-media":"","overlay-type":"","overlay-color":"","overlay-opacity":"","overlay-gradient":""},"mobile":{"background-color":"var(--ast-global-color-5)","background-image":"","background-repeat":"repeat","background-position":"center center","background-size":"auto","background-attachment":"scroll","background-type":"","background-media":"","overlay-type":"","overlay-color":"","overlay-opacity":"","overlay-gradient":""}},"footnotes":""},"class_list":["post-596","page","type-page","status-publish","hentry"],"_links":{"self":[{"href":"https:\/\/racoon.se\/en\/wp-json\/wp\/v2\/pages\/596","targetHints":{"allow":["GET"]}}],"collection":[{"href":"https:\/\/racoon.se\/en\/wp-json\/wp\/v2\/pages"}],"about":[{"href":"https:\/\/racoon.se\/en\/wp-json\/wp\/v2\/types\/page"}],"author":[{"embeddable":true,"href":"https:\/\/racoon.se\/en\/wp-json\/wp\/v2\/users\/1"}],"replies":[{"embeddable":true,"href":"https:\/\/racoon.se\/en\/wp-json\/wp\/v2\/comments?post=596"}],"version-history":[{"count":7,"href":"https:\/\/racoon.se\/en\/wp-json\/wp\/v2\/pages\/596\/revisions"}],"predecessor-version":[{"id":1279,"href":"https:\/\/racoon.se\/en\/wp-json\/wp\/v2\/pages\/596\/revisions\/1279"}],"wp:attachment":[{"href":"https:\/\/racoon.se\/en\/wp-json\/wp\/v2\/media?parent=596"}],"curies":[{"name":"wp","href":"https:\/\/api.w.org\/{rel}","templated":true}]}}