{"id":582,"date":"2023-03-22T12:56:18","date_gmt":"2023-03-22T11:56:18","guid":{"rendered":"https:\/\/racoon.se\/?page_id=582"},"modified":"2023-03-22T15:57:51","modified_gmt":"2023-03-22T14:57:51","slug":"sa-startade-det","status":"publish","type":"page","link":"https:\/\/racoon.se\/en\/sa-startade-det\/","title":{"rendered":"How it started"},"content":{"rendered":"<div data-elementor-type=\"wp-page\" data-elementor-id=\"582\" class=\"elementor elementor-582\" data-elementor-post-type=\"page\">\n\t\t\t\t\t\t<section class=\"elementor-section elementor-top-section elementor-element elementor-element-73ce80cd elementor-section-height-min-height elementor-section-boxed elementor-section-height-default elementor-section-items-middle\" data-id=\"73ce80cd\" data-element_type=\"section\" data-e-type=\"section\" data-settings=\"{&quot;background_background&quot;:&quot;classic&quot;,&quot;jet_parallax_layout_list&quot;:[]}\">\n\t\t\t\t\t\t\t<div class=\"elementor-background-overlay\"><\/div>\n\t\t\t\t\t\t\t<div class=\"elementor-container elementor-column-gap-default\">\n\t\t\t\t\t<div class=\"elementor-column elementor-col-100 elementor-top-column elementor-element elementor-element-3c421970\" data-id=\"3c421970\" data-element_type=\"column\" data-e-type=\"column\">\n\t\t\t<div class=\"elementor-widget-wrap elementor-element-populated\">\n\t\t\t\t\t\t<div class=\"elementor-element elementor-element-61f3d074 elementor-widget elementor-widget-heading\" data-id=\"61f3d074\" data-element_type=\"widget\" data-e-type=\"widget\" data-widget_type=\"heading.default\">\n\t\t\t\t\t<h1 class=\"elementor-heading-title elementor-size-default\">How it started\n<\/h1>\t\t\t\t<\/div>\n\t\t\t\t\t<\/div>\n\t\t<\/div>\n\t\t\t\t\t<\/div>\n\t\t<\/section>\n\t\t\t\t<section class=\"elementor-section elementor-top-section elementor-element elementor-element-15bb8313 elementor-section-boxed elementor-section-height-default elementor-section-height-default\" data-id=\"15bb8313\" data-element_type=\"section\" data-e-type=\"section\" data-settings=\"{&quot;background_background&quot;:&quot;classic&quot;,&quot;jet_parallax_layout_list&quot;:[]}\">\n\t\t\t\t\t\t<div class=\"elementor-container elementor-column-gap-default\">\n\t\t\t\t\t<div class=\"elementor-column elementor-col-50 elementor-top-column elementor-element elementor-element-56984615\" data-id=\"56984615\" data-element_type=\"column\" data-e-type=\"column\">\n\t\t\t<div class=\"elementor-widget-wrap elementor-element-populated\">\n\t\t\t\t\t\t<div class=\"elementor-element elementor-element-12de9ecf elementor-widget elementor-widget-heading\" data-id=\"12de9ecf\" data-element_type=\"widget\" data-e-type=\"widget\" data-widget_type=\"heading.default\">\n\t\t\t\t\t<h2 class=\"elementor-heading-title elementor-size-default\">Olle Sydl\u00e9n med mikrov\u00e5gsugnen som startade det hela.<\/h2>\t\t\t\t<\/div>\n\t\t\t\t<div class=\"elementor-element elementor-element-28289936 elementor-widget-divider--view-line elementor-widget elementor-widget-divider\" data-id=\"28289936\" data-element_type=\"widget\" data-e-type=\"widget\" data-widget_type=\"divider.default\">\n\t\t\t\t\t\t\t<div class=\"elementor-divider\">\n\t\t\t<span class=\"elementor-divider-separator\">\n\t\t\t\t\t\t<\/span>\n\t\t<\/div>\n\t\t\t\t\t\t<\/div>\n\t\t\t\t<div class=\"elementor-element elementor-element-1b64ac12 elementor-widget elementor-widget-text-editor\" data-id=\"1b64ac12\" data-element_type=\"widget\" data-e-type=\"widget\" data-widget_type=\"text-editor.default\">\n\t\t\t\t\t\t\t\t\t<p>The family\u2019s microwave was pulled out of the kitchen into the garage in the middle of the night when Olle Sydl\u00e9n suddenly woke up with a crazy idea. The following morning Olle had revolutionized the air filter industry.\u00a0<\/p>\t\t\t\t\t\t\t\t<\/div>\n\t\t\t\t<div class=\"elementor-element elementor-element-300aa49a elementor-mobile-align-center elementor-tablet-align-left elementor-widget elementor-widget-global elementor-global-644 elementor-widget-button\" data-id=\"300aa49a\" data-element_type=\"widget\" data-e-type=\"widget\" data-widget_type=\"button.default\">\n\t\t\t\t\t\t\t\t\t\t<a class=\"elementor-button elementor-button-link elementor-size-sm\" href=\"\/en\/kontakt\/\">\n\t\t\t\t\t\t<span class=\"elementor-button-content-wrapper\">\n\t\t\t\t\t\t\t\t\t<span class=\"elementor-button-text\">Contact Us<\/span>\n\t\t\t\t\t<\/span>\n\t\t\t\t\t<\/a>\n\t\t\t\t\t\t\t\t<\/div>\n\t\t\t\t\t<\/div>\n\t\t<\/div>\n\t\t\t\t<div class=\"elementor-column elementor-col-50 elementor-top-column elementor-element elementor-element-75f9ba2f\" data-id=\"75f9ba2f\" data-element_type=\"column\" data-e-type=\"column\">\n\t\t\t<div class=\"elementor-widget-wrap elementor-element-populated\">\n\t\t\t\t\t\t<div class=\"elementor-element elementor-element-155c9409 elementor-widget elementor-widget-image\" data-id=\"155c9409\" data-element_type=\"widget\" data-e-type=\"widget\" data-widget_type=\"image.default\">\n\t\t\t\t\t\t\t\t\t\t\t\t\t\t\t<img fetchpriority=\"high\" decoding=\"async\" width=\"700\" height=\"394\" src=\"https:\/\/racoon.se\/wp-content\/uploads\/2023\/03\/Olle_mikro-700x394-1.jpg\" class=\"attachment-full size-full wp-image-785\" alt=\"Racoon hyttfilter till entreprenadmaskiner\" srcset=\"https:\/\/racoon.se\/wp-content\/uploads\/2023\/03\/Olle_mikro-700x394-1.jpg 700w, https:\/\/racoon.se\/wp-content\/uploads\/2023\/03\/Olle_mikro-700x394-1-300x169.jpg 300w, https:\/\/racoon.se\/wp-content\/uploads\/2023\/03\/Olle_mikro-700x394-1-18x10.jpg 18w\" sizes=\"(max-width: 700px) 100vw, 700px\" title=\"\">\t\t\t\t\t\t\t\t\t\t\t\t\t\t\t<\/div>\n\t\t\t\t\t<\/div>\n\t\t<\/div>\n\t\t\t\t\t<\/div>\n\t\t<\/section>\n\t\t\t\t<section class=\"elementor-section elementor-top-section elementor-element elementor-element-41da3c29 elementor-section-boxed elementor-section-height-default elementor-section-height-default\" data-id=\"41da3c29\" data-element_type=\"section\" data-e-type=\"section\" data-settings=\"{&quot;background_background&quot;:&quot;classic&quot;,&quot;jet_parallax_layout_list&quot;:[]}\">\n\t\t\t\t\t\t<div class=\"elementor-container elementor-column-gap-default\">\n\t\t\t\t\t<div class=\"elementor-column elementor-col-100 elementor-top-column elementor-element elementor-element-51b43ce0\" data-id=\"51b43ce0\" data-element_type=\"column\" data-e-type=\"column\">\n\t\t\t<div class=\"elementor-widget-wrap elementor-element-populated\">\n\t\t\t\t\t\t<div class=\"elementor-element elementor-element-509494 elementor-widget elementor-widget-heading\" data-id=\"509494\" data-element_type=\"widget\" data-e-type=\"widget\" data-widget_type=\"heading.default\">\n\t\t\t\t\t<h2 class=\"elementor-heading-title elementor-size-default\">Our history<\/h2>\t\t\t\t<\/div>\n\t\t\t\t<div class=\"elementor-element elementor-element-1e19515d elementor-widget-divider--view-line elementor-widget elementor-widget-divider\" data-id=\"1e19515d\" data-element_type=\"widget\" data-e-type=\"widget\" data-widget_type=\"divider.default\">\n\t\t\t\t\t\t\t<div class=\"elementor-divider\">\n\t\t\t<span class=\"elementor-divider-separator\">\n\t\t\t\t\t\t<\/span>\n\t\t<\/div>\n\t\t\t\t\t\t<\/div>\n\t\t\t\t<div class=\"elementor-element elementor-element-7e7b162c elementor-widget elementor-widget-text-editor\" data-id=\"7e7b162c\" data-element_type=\"widget\" data-e-type=\"widget\" data-widget_type=\"text-editor.default\">\n\t\t\t\t\t\t\t\t\t<p>Olle not only managed to improve the absorption capacity of particles and gases, but also the manufacturing process, a process Racoon Milj\u00f6filter AB is the only one in the world to use.<\/p><p>The idea behind Racoon Milj\u00f6filter AB came when Olle Sydlen visited an environmental fair in Birmingham in 1992. There he got the chance to see how Ferrari worked with quality control of the car\u2019s filters. Impressed by how carefully they controlled all filters and their quality, Olle decided to engage in the filter industry and develop air filters which not only purifies the air from particles, but also gases.<\/p><p>Five years of experiment using the family\u2019s microwave in the garage followed, which gave remarkable results. A filter which could withstand vibrations, moisture and cold, that also was very effective against particles and gases was developed. Under the manufacturing process, using microwaves, the filter developed an ability to pick up gases that other manufacturers still can\u00b4t do. All this is delivered in one filter element, which is unique. During this period of development, Olle spent six months in one of LKAB\u2019s mines to research filter materials that could handle the most harsh and dangerous environments.<\/p><p>In 1998, Racoon Milj\u00f6filter AB started its manufacturing industry in Skellefte\u00e5 and supplied filters for trucks, buses and big occupational vehicles.<\/p>\t\t\t\t\t\t\t\t<\/div>\n\t\t\t\t<div class=\"elementor-element elementor-element-12dd8a53 elementor-widget elementor-widget-image-carousel\" data-id=\"12dd8a53\" data-element_type=\"widget\" data-e-type=\"widget\" data-settings=\"{&quot;slides_to_show_tablet&quot;:&quot;2&quot;,&quot;slides_to_show_mobile&quot;:&quot;1&quot;,&quot;navigation&quot;:&quot;none&quot;,&quot;slides_to_show&quot;:&quot;2&quot;,&quot;autoplay&quot;:&quot;yes&quot;,&quot;pause_on_hover&quot;:&quot;yes&quot;,&quot;pause_on_interaction&quot;:&quot;yes&quot;,&quot;autoplay_speed&quot;:5000,&quot;infinite&quot;:&quot;yes&quot;,&quot;speed&quot;:500,&quot;image_spacing_custom&quot;:{&quot;unit&quot;:&quot;px&quot;,&quot;size&quot;:20,&quot;sizes&quot;:[]},&quot;image_spacing_custom_tablet&quot;:{&quot;unit&quot;:&quot;px&quot;,&quot;size&quot;:&quot;&quot;,&quot;sizes&quot;:[]}}\" data-widget_type=\"image-carousel.default\">\n\t\t\t\t\t\t\t<div class=\"elementor-image-carousel-wrapper swiper\" role=\"region\" aria-roledescription=\"carousel\" aria-label=\"Bildkarusell\" dir=\"ltr\">\n\t\t\t<div class=\"elementor-image-carousel swiper-wrapper\" aria-live=\"off\">\n\t\t\t\t\t\t\t\t<div class=\"swiper-slide\" role=\"group\" aria-roledescription=\"slide\" aria-label=\"1 av 3\"><figure class=\"swiper-slide-inner\"><img decoding=\"async\" class=\"swiper-slide-image\" src=\"https:\/\/racoon.se\/wp-content\/uploads\/2023\/03\/Olle_Chatrin-700x394-1-300x169.jpg\" alt=\"Racoon hyttfilter till entreprenadmaskiner\" title=\"\"><\/figure><\/div><div class=\"swiper-slide\" role=\"group\" aria-roledescription=\"slide\" aria-label=\"2 av 3\"><figure class=\"swiper-slide-inner\"><img decoding=\"async\" class=\"swiper-slide-image\" src=\"https:\/\/racoon.se\/wp-content\/uploads\/2023\/03\/Olle_gruvan_lkab-700x394-1-300x169.jpg\" alt=\"Olle_gruvan_lkab-700x394\" title=\"\"><\/figure><\/div><div class=\"swiper-slide\" role=\"group\" aria-roledescription=\"slide\" aria-label=\"3 av 3\"><figure class=\"swiper-slide-inner\"><img decoding=\"async\" class=\"swiper-slide-image\" src=\"https:\/\/racoon.se\/wp-content\/uploads\/2023\/03\/Olle_gruva-150x150-1.jpg\" alt=\"Olle_gruva-150x150\" title=\"\"><\/figure><\/div>\t\t\t<\/div>\n\t\t\t\t\t\t\t\n\t\t\t\t\t\t\t\t\t<\/div>\n\t\t\t\t\t\t<\/div>\n\t\t\t\t<div class=\"elementor-element elementor-element-49a80348 elementor-widget elementor-widget-text-editor\" data-id=\"49a80348\" data-element_type=\"widget\" data-e-type=\"widget\" data-widget_type=\"text-editor.default\">\n\t\t\t\t\t\t\t\t\t<p class=\"translation-block\">After moving to Sike\u00e5 in 2006, Racoon moved into new renovated premises in Robertsfors 2016 to further develop their air filters. Also the production of the latest innovation started, a mobile water treatment system that can get really contaminated water, for example with petroleum, drinkable.<\/p><p>Today, filters are delivered to all kinds of industries, but the largest part still goes to mining and forestry machinery.<\/p><p><strong>Some of our great clients are:<\/strong><\/p><ul><li>LKAB<\/li><li>Boliden<\/li><li>Volvo<\/li><li>Komatsu<\/li><li>Sandvik mining<\/li><li>Pon Cat<\/li><\/ul>\t\t\t\t\t\t\t\t<\/div>\n\t\t\t\t<div class=\"elementor-element elementor-element-672dac2b elementor-mobile-align-center elementor-align-center elementor-widget elementor-widget-button\" data-id=\"672dac2b\" data-element_type=\"widget\" data-e-type=\"widget\" data-widget_type=\"button.default\">\n\t\t\t\t\t\t\t\t\t\t<a class=\"elementor-button elementor-button-link elementor-size-sm\" href=\"\/en\/kontakt\/\">\n\t\t\t\t\t\t<span class=\"elementor-button-content-wrapper\">\n\t\t\t\t\t\t\t\t\t<span class=\"elementor-button-text\">Contact Us<\/span>\n\t\t\t\t\t<\/span>\n\t\t\t\t\t<\/a>\n\t\t\t\t\t\t\t\t<\/div>\n\t\t\t\t\t<\/div>\n\t\t<\/div>\n\t\t\t\t\t<\/div>\n\t\t<\/section>\n\t\t\t\t<section class=\"elementor-section elementor-top-section elementor-element elementor-element-0f8f658 elementor-section-boxed elementor-section-height-default elementor-section-height-default\" data-id=\"0f8f658\" data-element_type=\"section\" data-e-type=\"section\" data-settings=\"{&quot;background_background&quot;:&quot;classic&quot;,&quot;jet_parallax_layout_list&quot;:[]}\">\n\t\t\t\t\t\t<div class=\"elementor-container elementor-column-gap-default\">\n\t\t\t\t\t<div class=\"elementor-column elementor-col-100 elementor-top-column elementor-element elementor-element-0c91395\" data-id=\"0c91395\" data-element_type=\"column\" data-e-type=\"column\">\n\t\t\t<div class=\"elementor-widget-wrap elementor-element-populated\">\n\t\t\t\t\t\t<div class=\"elementor-element elementor-element-b9bc3d7 elementor-widget elementor-widget-heading\" data-id=\"b9bc3d7\" data-element_type=\"widget\" data-e-type=\"widget\" data-widget_type=\"heading.default\">\n\t\t\t\t\t<h2 class=\"elementor-heading-title elementor-size-default\">The factory, development and manufacturing\n<\/h2>\t\t\t\t<\/div>\n\t\t\t\t<div class=\"elementor-element elementor-element-e4fb06a elementor-widget-divider--view-line elementor-widget elementor-widget-divider\" data-id=\"e4fb06a\" data-element_type=\"widget\" data-e-type=\"widget\" data-widget_type=\"divider.default\">\n\t\t\t\t\t\t\t<div class=\"elementor-divider\">\n\t\t\t<span class=\"elementor-divider-separator\">\n\t\t\t\t\t\t<\/span>\n\t\t<\/div>\n\t\t\t\t\t\t<\/div>\n\t\t\t\t<div class=\"elementor-element elementor-element-13f01e9 elementor-widget elementor-widget-text-editor\" data-id=\"13f01e9\" data-element_type=\"widget\" data-e-type=\"widget\" data-widget_type=\"text-editor.default\">\n\t\t\t\t\t\t\t\t\t<p><strong>Our head office and factory are located in the small community of Robertsfors, sixty kilometers north of Ume\u00e5 in the northern part of Sweden.<\/strong><\/p><p>In 2016, we moved into a newly renovated factory in Robertsfors equipped with both new equipment and new machines. All so that we can take our filter manufacturing to new levels.<\/p><p>In Robertsfors we also have all support and sales. Thanks to collecting everything in the same place, we can have good control over the entire chain and at the same time be fast. Quality and delivery reliability are two key words we follow.<\/p><p>We never compromise when it comes to quality, but always strive to deliver the product that your business requires.<\/p><p>Racoon Milj\u00f6filter AB is certified for the manufacture and sale of filter applications according to ISO14001 and ISO9001:2015.<\/p>\t\t\t\t\t\t\t\t<\/div>\n\t\t\t\t<div class=\"elementor-element elementor-element-a04bcce elementor-mobile-align-center elementor-align-center elementor-widget elementor-widget-button\" data-id=\"a04bcce\" data-element_type=\"widget\" data-e-type=\"widget\" data-widget_type=\"button.default\">\n\t\t\t\t\t\t\t\t\t\t<a class=\"elementor-button elementor-button-link elementor-size-sm\" href=\"\/en\/kontakt\/\">\n\t\t\t\t\t\t<span class=\"elementor-button-content-wrapper\">\n\t\t\t\t\t\t\t\t\t<span class=\"elementor-button-text\">Contact Us<\/span>\n\t\t\t\t\t<\/span>\n\t\t\t\t\t<\/a>\n\t\t\t\t\t\t\t\t<\/div>\n\t\t\t\t\t<\/div>\n\t\t<\/div>\n\t\t\t\t\t<\/div>\n\t\t<\/section>\n\t\t\t\t<\/div>","protected":false},"excerpt":{"rendered":"<p>S\u00e5 startade det Olle Sydl\u00e9n med mikrov\u00e5gsugnen som startade det hela. Familjens mikrov\u00e5gsugn drogs ut fr\u00e5n k\u00f6ket, ut till garaget, mitt i natten n\u00e4r Olle Sydl\u00e9n pl\u00f6tsligt vaknade med en id\u00e9. Morgonen som f\u00f6ljde hade Olle f\u00f6r\u00e4ndrat branschen f\u00f6r luftfilter.\u00a0 Kontakta oss V\u00e5r historia Olle lyckades inte bara f\u00f6rb\u00e4ttra upptagningsf\u00f6rm\u00e5gan av partiklar och gaser, utan [&hellip;]<\/p>\n","protected":false},"author":1,"featured_media":0,"parent":0,"menu_order":0,"comment_status":"closed","ping_status":"closed","template":"","meta":{"site-sidebar-layout":"no-sidebar","site-content-layout":"page-builder","ast-site-content-layout":"default","site-content-style":"default","site-sidebar-style":"default","ast-global-header-display":"","ast-banner-title-visibility":"","ast-main-header-display":"","ast-hfb-above-header-display":"","ast-hfb-below-header-display":"","ast-hfb-mobile-header-display":"","site-post-title":"disabled","ast-breadcrumbs-content":"","ast-featured-img":"disabled","footer-sml-layout":"","ast-disable-related-posts":"","theme-transparent-header-meta":"","adv-header-id-meta":"","stick-header-meta":"","header-above-stick-meta":"","header-main-stick-meta":"","header-below-stick-meta":"","astra-migrate-meta-layouts":"default","ast-page-background-enabled":"default","ast-page-background-meta":{"desktop":{"background-color":"","background-image":"","background-repeat":"repeat","background-position":"center center","background-size":"auto","background-attachment":"scroll","background-type":"","background-media":"","overlay-type":"","overlay-color":"","overlay-opacity":"","overlay-gradient":""},"tablet":{"background-color":"","background-image":"","background-repeat":"repeat","background-position":"center center","background-size":"auto","background-attachment":"scroll","background-type":"","background-media":"","overlay-type":"","overlay-color":"","overlay-opacity":"","overlay-gradient":""},"mobile":{"background-color":"","background-image":"","background-repeat":"repeat","background-position":"center center","background-size":"auto","background-attachment":"scroll","background-type":"","background-media":"","overlay-type":"","overlay-color":"","overlay-opacity":"","overlay-gradient":""}},"ast-content-background-meta":{"desktop":{"background-color":"var(--ast-global-color-5)","background-image":"","background-repeat":"repeat","background-position":"center center","background-size":"auto","background-attachment":"scroll","background-type":"","background-media":"","overlay-type":"","overlay-color":"","overlay-opacity":"","overlay-gradient":""},"tablet":{"background-color":"var(--ast-global-color-5)","background-image":"","background-repeat":"repeat","background-position":"center center","background-size":"auto","background-attachment":"scroll","background-type":"","background-media":"","overlay-type":"","overlay-color":"","overlay-opacity":"","overlay-gradient":""},"mobile":{"background-color":"var(--ast-global-color-5)","background-image":"","background-repeat":"repeat","background-position":"center center","background-size":"auto","background-attachment":"scroll","background-type":"","background-media":"","overlay-type":"","overlay-color":"","overlay-opacity":"","overlay-gradient":""}},"footnotes":""},"class_list":["post-582","page","type-page","status-publish","hentry"],"_links":{"self":[{"href":"https:\/\/racoon.se\/en\/wp-json\/wp\/v2\/pages\/582","targetHints":{"allow":["GET"]}}],"collection":[{"href":"https:\/\/racoon.se\/en\/wp-json\/wp\/v2\/pages"}],"about":[{"href":"https:\/\/racoon.se\/en\/wp-json\/wp\/v2\/types\/page"}],"author":[{"embeddable":true,"href":"https:\/\/racoon.se\/en\/wp-json\/wp\/v2\/users\/1"}],"replies":[{"embeddable":true,"href":"https:\/\/racoon.se\/en\/wp-json\/wp\/v2\/comments?post=582"}],"version-history":[{"count":13,"href":"https:\/\/racoon.se\/en\/wp-json\/wp\/v2\/pages\/582\/revisions"}],"predecessor-version":[{"id":854,"href":"https:\/\/racoon.se\/en\/wp-json\/wp\/v2\/pages\/582\/revisions\/854"}],"wp:attachment":[{"href":"https:\/\/racoon.se\/en\/wp-json\/wp\/v2\/media?parent=582"}],"curies":[{"name":"wp","href":"https:\/\/api.w.org\/{rel}","templated":true}]}}