{"id":2233,"date":"2025-11-25T08:40:24","date_gmt":"2025-11-25T07:40:24","guid":{"rendered":"https:\/\/racoon.se\/?page_id=2233"},"modified":"2026-03-19T10:14:52","modified_gmt":"2026-03-19T09:14:52","slug":"iso-16890-filter","status":"publish","type":"page","link":"https:\/\/racoon.se\/en\/luftfilter\/iso-16890-filter\/","title":{"rendered":"ISO 16890 filter"},"content":{"rendered":"<div data-elementor-type=\"wp-page\" data-elementor-id=\"2233\" class=\"elementor elementor-2233\" data-elementor-post-type=\"page\">\n\t\t\t\t<div class=\"elementor-element elementor-element-8903c44 e-flex e-con-boxed e-con e-parent\" data-id=\"8903c44\" data-element_type=\"container\" data-e-type=\"container\" data-settings=\"{&quot;background_background&quot;:&quot;classic&quot;,&quot;jet_parallax_layout_list&quot;:[]}\">\n\t\t\t\t\t<div class=\"e-con-inner\">\n\t\t\t\t\t<\/div>\n\t\t\t\t<\/div>\n\t\t<div class=\"elementor-element elementor-element-9e6aae6 e-flex e-con-boxed e-con e-parent\" data-id=\"9e6aae6\" data-element_type=\"container\" data-e-type=\"container\" data-settings=\"{&quot;jet_parallax_layout_list&quot;:[]}\">\n\t\t\t\t\t<div class=\"e-con-inner\">\n\t\t<div class=\"elementor-element elementor-element-b76c583 e-con-full e-flex e-con e-child\" data-id=\"b76c583\" data-element_type=\"container\" data-e-type=\"container\" data-settings=\"{&quot;jet_parallax_layout_list&quot;:[]}\">\n\t\t\t\t<div class=\"elementor-element elementor-element-31388e3 elementor-widget elementor-widget-jet-breadcrumbs\" data-id=\"31388e3\" data-element_type=\"widget\" data-e-type=\"widget\" data-widget_type=\"jet-breadcrumbs.default\">\n\t\t\t\t<div class=\"elementor-widget-container\">\n\t\t\t\t\t<div class=\"elementor-jet-breadcrumbs jet-blocks\">\n\t\t<div class=\"jet-breadcrumbs\">\n\t\t<div class=\"jet-breadcrumbs__content\">\n\t\t<div class=\"jet-breadcrumbs__wrap\"><div class=\"jet-breadcrumbs__item\"><a href=\"https:\/\/racoon.se\/en\/\" class=\"jet-breadcrumbs__item-link is-home\" rel=\"home\" title=\"Home\">Home<\/a><\/div>\n\t\t<\/div>\n\t\t<\/div>\n\t\t<\/div><\/div>\t\t\t\t<\/div>\n\t\t\t\t<\/div>\n\t\t<div class=\"elementor-element elementor-element-661eef2 e-con-full e-flex e-con e-child\" data-id=\"661eef2\" data-element_type=\"container\" data-e-type=\"container\" data-settings=\"{&quot;jet_parallax_layout_list&quot;:[]}\">\n\t\t<div class=\"elementor-element elementor-element-9b21b9d e-con-full e-flex e-con e-child\" data-id=\"9b21b9d\" data-element_type=\"container\" data-e-type=\"container\" data-settings=\"{&quot;jet_parallax_layout_list&quot;:[]}\">\n\t\t\t\t<div class=\"elementor-element elementor-element-4baabd6 elementor-widget elementor-widget-heading\" data-id=\"4baabd6\" data-element_type=\"widget\" data-e-type=\"widget\" data-widget_type=\"heading.default\">\n\t\t\t\t\t<h2 class=\"elementor-heading-title elementor-size-default\">Ren och s\u00e4ker luft med luftfilter enligt ISO 16890<\/h2>\t\t\t\t<\/div>\n\t\t\t\t<div class=\"elementor-element elementor-element-1263678 elementor-widget elementor-widget-text-editor\" data-id=\"1263678\" data-element_type=\"widget\" data-e-type=\"widget\" data-widget_type=\"text-editor.default\">\n\t\t\t\t\t\t\t\t\t<p>Luftkvalitet p\u00e5verkar inte bara komforten \u2013 den \u00e4r avg\u00f6rande f\u00f6r b\u00e5de h\u00e4lsa, s\u00e4kerhet och maskinernas livsl\u00e4ngd. Med <a href=\"https:\/\/racoon.se\/en\/luftfilter-produkt\/\">r\u00e4tt filter<\/a> kan du effektivt skydda m\u00e4nniskor, processer och utrustning fr\u00e5n skadliga partiklar som annars riskerar att tr\u00e4nga in i k\u00e4nsliga system eller belastar arbetsmilj\u00f6n. Hos Racoon utvecklar och tillverkar vi luftfilter med h\u00f6g effektivitet, konsekvent prestanda och l\u00e5ng h\u00e5llbarhet \u2013 och som uppfyller kraven enligt den internationella standarden <a href=\"https:\/\/www.sis.se\/produkter\/byggnadsmaterial-och-byggnader\/bygginstallationer\/ventilation-och-luftkonditionering\/sseniso1689012017\/\" target=\"_blank\" rel=\"noopener\"><strong data-start=\"716\" data-end=\"729\">ISO 16890<\/strong><\/a>.<\/p><ul class=\"elementor-icon-list-items\"><li class=\"elementor-icon-list-item\"><a href=\"mailto:info@racoon.se\"><span class=\"elementor-icon-list-text\">Email: info@racoon.se<\/span><\/a><\/li><li class=\"elementor-icon-list-item\"><a href=\"tel:093415399\"><span class=\"elementor-icon-list-text\">Telefon: 0934 &#8211; 153 99<\/span><\/a><\/li><\/ul>\t\t\t\t\t\t\t\t<\/div>\n\t\t\t\t<\/div>\n\t\t<div class=\"elementor-element elementor-element-10aa869 e-con-full e-flex e-con e-child\" data-id=\"10aa869\" data-element_type=\"container\" data-e-type=\"container\" data-settings=\"{&quot;jet_parallax_layout_list&quot;:[]}\">\n\t\t\t\t<div class=\"elementor-element elementor-element-53ed56a elementor-widget elementor-widget-image\" data-id=\"53ed56a\" data-element_type=\"widget\" data-e-type=\"widget\" data-widget_type=\"image.default\">\n\t\t\t\t\t\t\t\t\t\t\t\t\t\t\t<img fetchpriority=\"high\" decoding=\"async\" width=\"1024\" height=\"576\" src=\"https:\/\/racoon.se\/wp-content\/uploads\/2023\/03\/20200824_081711-1024x576.jpg\" class=\"attachment-large size-large wp-image-964\" alt=\"Air filter\" srcset=\"https:\/\/racoon.se\/wp-content\/uploads\/2023\/03\/20200824_081711-1024x576.jpg 1024w, https:\/\/racoon.se\/wp-content\/uploads\/2023\/03\/20200824_081711-300x169.jpg 300w, https:\/\/racoon.se\/wp-content\/uploads\/2023\/03\/20200824_081711-768x432.jpg 768w, https:\/\/racoon.se\/wp-content\/uploads\/2023\/03\/20200824_081711-1536x864.jpg 1536w, https:\/\/racoon.se\/wp-content\/uploads\/2023\/03\/20200824_081711-2048x1152.jpg 2048w, https:\/\/racoon.se\/wp-content\/uploads\/2023\/03\/20200824_081711-18x10.jpg 18w, https:\/\/racoon.se\/wp-content\/uploads\/2023\/03\/20200824_081711-scaled.jpg 1920w\" sizes=\"(max-width: 1024px) 100vw, 1024px\" title=\"\">\t\t\t\t\t\t\t\t\t\t\t\t\t\t\t<\/div>\n\t\t\t\t<\/div>\n\t\t\t\t<\/div>\n\t\t<div class=\"elementor-element elementor-element-3ccbbcf e-con-full e-flex e-con e-child\" data-id=\"3ccbbcf\" data-element_type=\"container\" data-e-type=\"container\" data-settings=\"{&quot;jet_parallax_layout_list&quot;:[]}\">\n\t\t<div class=\"elementor-element elementor-element-b76661b e-con-full e-flex e-con e-child\" data-id=\"b76661b\" data-element_type=\"container\" data-e-type=\"container\" data-settings=\"{&quot;jet_parallax_layout_list&quot;:[]}\">\n\t\t\t\t<div class=\"elementor-element elementor-element-dfeb88a elementor-widget elementor-widget-text-editor\" data-id=\"dfeb88a\" data-element_type=\"widget\" data-e-type=\"widget\" data-widget_type=\"text-editor.default\">\n\t\t\t\t\t\t\t\t\t<h2 data-start=\"737\" data-end=\"759\">Vad \u00e4r ISO 16890?<\/h2><p data-start=\"760\" data-end=\"1055\">ISO 16890 \u00e4r en global standard som anv\u00e4nds f\u00f6r att klassificera luftfilter baserat p\u00e5 hur effektivt de avskiljer partiklar av olika storlekar. Till skillnad fr\u00e5n \u00e4ldre standarder fokuserar ISO 16890 p\u00e5 verkliga luftf\u00f6rh\u00e5llanden genom att m\u00e4ta filtrens effektivitet mot tre relevanta fraktioner:<\/p><ul><li data-start=\"1059\" data-end=\"1133\"><strong data-start=\"1059\" data-end=\"1067\">PM10<\/strong> \u2013 partiklar upp till 10 \u00b5m, t.ex. damm och grovare f\u00f6roreningar<\/li><li data-start=\"1136\" data-end=\"1204\"><strong data-start=\"1136\" data-end=\"1145\">PM2,5<\/strong> \u2013 sm\u00e5 partiklar fr\u00e5n exempelvis f\u00f6rbr\u00e4nning och industri<\/li><li data-start=\"1207\" data-end=\"1271\"><strong data-start=\"1207\" data-end=\"1214\">PM1<\/strong> \u2013 ultrafina partiklar som kan tr\u00e4nga djupt in i lungorna<\/li><\/ul><p data-start=\"1273\" data-end=\"1442\">Ett filter klassas utifr\u00e5n vilken partikelstorlek det effektivt kan avskilja, exempelvis ePM1 60 % eller ePM2,5 80 %. Ju h\u00f6gre procentv\u00e4rde, desto h\u00f6gre filtreringsgrad.<\/p><p data-start=\"1444\" data-end=\"1626\">Syftet med ISO 16890 \u00e4r att ge en mer realistisk och j\u00e4mf\u00f6rbar bild av filtrens prestanda \u2013 s\u00e5 att anv\u00e4ndaren enklare kan v\u00e4lja r\u00e4tt filter utifr\u00e5n luftmilj\u00f6ns faktiska f\u00f6roreningar.<\/p>\t\t\t\t\t\t\t\t<\/div>\n\t\t\t\t<\/div>\n\t\t<div class=\"elementor-element elementor-element-436e1a5 e-con-full e-flex e-con e-child\" data-id=\"436e1a5\" data-element_type=\"container\" data-e-type=\"container\" data-settings=\"{&quot;jet_parallax_layout_list&quot;:[]}\">\n\t\t\t\t<div class=\"elementor-element elementor-element-51e6239 elementor-widget elementor-widget-image\" data-id=\"51e6239\" data-element_type=\"widget\" data-e-type=\"widget\" data-widget_type=\"image.default\">\n\t\t\t\t\t\t\t\t\t\t\t\t\t\t\t<img decoding=\"async\" width=\"1024\" height=\"576\" src=\"https:\/\/racoon.se\/wp-content\/uploads\/2023\/03\/20200824_081602-1024x576.jpg\" class=\"attachment-large size-large wp-image-963\" alt=\"\" srcset=\"https:\/\/racoon.se\/wp-content\/uploads\/2023\/03\/20200824_081602-1024x576.jpg 1024w, https:\/\/racoon.se\/wp-content\/uploads\/2023\/03\/20200824_081602-300x169.jpg 300w, https:\/\/racoon.se\/wp-content\/uploads\/2023\/03\/20200824_081602-768x432.jpg 768w, https:\/\/racoon.se\/wp-content\/uploads\/2023\/03\/20200824_081602-1536x864.jpg 1536w, https:\/\/racoon.se\/wp-content\/uploads\/2023\/03\/20200824_081602-2048x1152.jpg 2048w, https:\/\/racoon.se\/wp-content\/uploads\/2023\/03\/20200824_081602-18x10.jpg 18w, https:\/\/racoon.se\/wp-content\/uploads\/2023\/03\/20200824_081602-scaled.jpg 1920w\" sizes=\"(max-width: 1024px) 100vw, 1024px\" title=\"\">\t\t\t\t\t\t\t\t\t\t\t\t\t\t\t<\/div>\n\t\t\t\t<\/div>\n\t\t\t\t<\/div>\n\t\t<div class=\"elementor-element elementor-element-cd11ebb e-con-full e-flex e-con e-child\" data-id=\"cd11ebb\" data-element_type=\"container\" data-e-type=\"container\" data-settings=\"{&quot;jet_parallax_layout_list&quot;:[]}\">\n\t\t<div class=\"elementor-element elementor-element-b528445 e-con-full e-flex e-con e-child\" data-id=\"b528445\" data-element_type=\"container\" data-e-type=\"container\" data-settings=\"{&quot;jet_parallax_layout_list&quot;:[]}\">\n\t\t\t\t<div class=\"elementor-element elementor-element-fc33750 elementor-widget elementor-widget-text-editor\" data-id=\"fc33750\" data-element_type=\"widget\" data-e-type=\"widget\" data-widget_type=\"text-editor.default\">\n\t\t\t\t\t\t\t\t\t<h2 data-start=\"1633\" data-end=\"1663\">ISO 16890 ers\u00e4tter EN 779<\/h2><p data-start=\"1664\" data-end=\"2043\">Sedan 2018 har ISO 16890 ersatt den tidigare europeiska standarden <a href=\"https:\/\/racoon.se\/en\/luftfilter\/en-779-filter\/\">EN 779<\/a>. D\u00e4r EN 779 fokuserade p\u00e5 laboratorietester och klassade filter i grupperna G1\u2013G4 och F5\u2013F9, ger ISO 16890 en mer detaljerad och praktiskt orienterad bed\u00f6mning. Den moderna standarden v\u00e4ger in hur filtren fungerar i drift, hur de p\u00e5verkas av verkliga luftfl\u00f6den samt hur effektiviteten f\u00f6r\u00e4ndras \u00f6ver tid.<\/p><p data-start=\"2045\" data-end=\"2196\">F\u00f6r filtrering i arbetsfordon, tunga maskiner, industriella milj\u00f6er och skyddsrum inneb\u00e4r detta en mer tillf\u00f6rlitlig och behovsanpassad klassificering.<\/p><p data-start=\"2198\" data-end=\"2411\">Racoon testar sina filter enligt b\u00e5da standarderna, och resultaten visar reningsgrader som tydligt \u00f6vertr\u00e4ffar branschens normer \u2013 med ett minimum p\u00e5 <strong data-start=\"2348\" data-end=\"2378\">ePM1 80 % enligt ISO 16890<\/strong> samt minst <strong data-start=\"2390\" data-end=\"2410\">F9 enligt EN 779<\/strong>.<\/p>\t\t\t\t\t\t\t\t<\/div>\n\t\t\t\t<\/div>\n\t\t<div class=\"elementor-element elementor-element-bd6b25e e-con-full e-flex e-con e-child\" data-id=\"bd6b25e\" data-element_type=\"container\" data-e-type=\"container\" data-settings=\"{&quot;jet_parallax_layout_list&quot;:[]}\">\n\t\t\t\t<div class=\"elementor-element elementor-element-369c5ae elementor-widget elementor-widget-video\" data-id=\"369c5ae\" data-element_type=\"widget\" data-e-type=\"widget\" data-settings=\"{&quot;youtube_url&quot;:&quot;youtube.com\\\/watch?v=CUktA85AUes&amp;embeds_referring_euri=https%3A%2F%2Fracoon.se%2F&amp;embeds_referring_origin=https%3A%2F%2Fracoon.se&amp;source_ve_path=MjM4NTE&quot;,&quot;video_type&quot;:&quot;youtube&quot;,&quot;controls&quot;:&quot;yes&quot;}\" data-widget_type=\"video.default\">\n\t\t\t\t\t\t\t<div class=\"elementor-wrapper elementor-open-inline\">\n\t\t\t<div class=\"elementor-video\"><\/div>\t\t<\/div>\n\t\t\t\t\t\t<\/div>\n\t\t<div class=\"elementor-element elementor-element-3104577 e-con-full e-flex e-con e-child\" data-id=\"3104577\" data-element_type=\"container\" data-e-type=\"container\" data-settings=\"{&quot;background_background&quot;:&quot;classic&quot;,&quot;jet_parallax_layout_list&quot;:[]}\">\n\t\t\t\t<div class=\"elementor-element elementor-element-9c91153 elementor-widget elementor-widget-text-editor\" data-id=\"9c91153\" data-element_type=\"widget\" data-e-type=\"widget\" data-widget_type=\"text-editor.default\">\n\t\t\t\t\t\t\t\t\t<h2 data-start=\"2574\" data-end=\"2592\">Contact Us<\/h2><p data-start=\"2593\" data-end=\"2827\">Vill du veta mer om hur Racoons luftfilter kan f\u00f6rb\u00e4ttra livsl\u00e4ngden p\u00e5 dina filtersystem och skapa en s\u00e4krare arbetsmilj\u00f6? H\u00f6r av dig till oss \u2013 vi ber\u00e4ttar g\u00e4rna mer och hj\u00e4lper dig hitta den l\u00f6sning som passar b\u00e4st f\u00f6r dina behov.<\/p>\t\t\t\t\t\t\t\t<\/div>\n\t\t\t\t<div class=\"elementor-element elementor-element-16c1ab7 elementor-widget elementor-widget-button\" data-id=\"16c1ab7\" data-element_type=\"widget\" data-e-type=\"widget\" data-widget_type=\"button.default\">\n\t\t\t\t\t\t\t\t\t\t<a class=\"elementor-button elementor-button-link elementor-size-sm\" href=\"https:\/\/racoon.se\/en\/kontakt\/\">\n\t\t\t\t\t\t<span class=\"elementor-button-content-wrapper\">\n\t\t\t\t\t\t\t\t\t<span class=\"elementor-button-text\">Contact Us<\/span>\n\t\t\t\t\t<\/span>\n\t\t\t\t\t<\/a>\n\t\t\t\t\t\t\t\t<\/div>\n\t\t\t\t<\/div>\n\t\t\t\t<\/div>\n\t\t\t\t<\/div>\n\t\t<div class=\"elementor-element elementor-element-7f3731e e-con-full e-flex e-con e-child\" data-id=\"7f3731e\" data-element_type=\"container\" data-e-type=\"container\" data-settings=\"{&quot;jet_parallax_layout_list&quot;:[]}\">\n\t\t<div class=\"elementor-element elementor-element-fb02632 e-con-full e-flex e-con e-child\" data-id=\"fb02632\" data-element_type=\"container\" data-e-type=\"container\" data-settings=\"{&quot;jet_parallax_layout_list&quot;:[]}\">\n\t\t\t\t<div class=\"elementor-element elementor-element-4356e18 elementor-widget elementor-widget-text-editor\" data-id=\"4356e18\" data-element_type=\"widget\" data-e-type=\"widget\" data-widget_type=\"text-editor.default\">\n\t\t\t\t\t\t\t\t\t<hr \/><h2 data-start=\"2418\" data-end=\"2460\">Racoon luftfilter uppfyller ISO 16890<\/h2><p data-start=\"2461\" data-end=\"2719\">Racoons luftfilter \u00e4r uppbyggda av flera noggrant kontrollerade lager av foam, framst\u00e4llda under specifika temperaturer, tryck och h\u00e4rdningstider. Genom denna teknik skapas ett filtermaterial med h\u00f6g porstabilitet, styrka och extremt god avskiljningsf\u00f6rm\u00e5ga.<\/p><h3 data-start=\"2721\" data-end=\"2770\">F\u00f6rdelar med Racoons filter enligt ISO 16890:<\/h3><p data-start=\"2772\" data-end=\"2793\"><strong data-start=\"2772\" data-end=\"2791\">H\u00f6g reningsgrad<\/strong><\/p><ul data-start=\"2794\" data-end=\"2927\"><li data-start=\"2794\" data-end=\"2834\"><p data-start=\"2796\" data-end=\"2834\">Minst <strong data-start=\"2802\" data-end=\"2815\">ePM1 80 %<\/strong> enligt ISO 16890<\/p><\/li><li data-start=\"2835\" data-end=\"2865\"><p data-start=\"2837\" data-end=\"2865\">Minst <strong data-start=\"2843\" data-end=\"2849\">F9<\/strong> enligt EN 779<\/p><\/li><li data-start=\"2866\" data-end=\"2927\"><p data-start=\"2868\" data-end=\"2927\">Upp till <strong data-start=\"2877\" data-end=\"2894\">99,5 % rening<\/strong> enligt EN 1822 (EPA\/HEPA-filter)<\/p><\/li><\/ul><p data-start=\"2929\" data-end=\"2957\"><strong data-start=\"2929\" data-end=\"2955\">Effektiv gasfiltrering<\/strong><\/p><ul data-start=\"2958\" data-end=\"3056\"><li data-start=\"2958\" data-end=\"3001\"><p data-start=\"2960\" data-end=\"3001\">Uppfyller gaskrav enligt EN 149 (P1\u2013P3)<\/p><\/li><li data-start=\"3002\" data-end=\"3056\"><p data-start=\"3004\" data-end=\"3056\">Filtrerar bort bakterier, sporer och organiska \u00e4mnen<\/p><\/li><\/ul><p data-start=\"3058\" data-end=\"3079\"><strong data-start=\"3058\" data-end=\"3077\">Extrem t\u00e5lighet<\/strong><\/p><ul data-start=\"3080\" data-end=\"3190\"><li data-start=\"3080\" data-end=\"3119\"><p data-start=\"3082\" data-end=\"3119\">Klarar temperaturer ned till \u201350 \u00b0C<\/p><\/li><li data-start=\"3120\" data-end=\"3190\"><p data-start=\"3122\" data-end=\"3190\">Mycket h\u00f6g motst\u00e5ndskraft mot fukt, vibrationer och tryckvariationer<\/p><\/li><\/ul><p data-start=\"3192\" data-end=\"3211\"><strong data-start=\"3192\" data-end=\"3209\">Brands\u00e4kerhet<\/strong><\/p><ul data-start=\"3212\" data-end=\"3267\"><li data-start=\"3212\" data-end=\"3267\"><p data-start=\"3214\" data-end=\"3267\">Kan anpassas f\u00f6r ULH 94HF, FMV22302 eller FAR Part 25<\/p><\/li><\/ul>\t\t\t\t\t\t\t\t<\/div>\n\t\t\t\t<\/div>\n\t\t\t\t<\/div>\n\t\t\t\t<\/div>\n\t\t\t\t\t<\/div>\n\t\t\t\t<\/div>\n\t\t\t\t<\/div>","protected":false},"excerpt":{"rendered":"<p>Hem Ren och s\u00e4ker luft med luftfilter enligt ISO 16890 Luftkvalitet p\u00e5verkar inte bara komforten \u2013 den \u00e4r avg\u00f6rande f\u00f6r b\u00e5de h\u00e4lsa, s\u00e4kerhet och maskinernas livsl\u00e4ngd. Med r\u00e4tt filter kan du effektivt skydda m\u00e4nniskor, processer och utrustning fr\u00e5n skadliga partiklar som annars riskerar att tr\u00e4nga in i k\u00e4nsliga system eller belastar arbetsmilj\u00f6n. Hos Racoon utvecklar [&hellip;]<\/p>\n","protected":false},"author":3,"featured_media":0,"parent":6,"menu_order":0,"comment_status":"closed","ping_status":"closed","template":"","meta":{"site-sidebar-layout":"no-sidebar","site-content-layout":"page-builder","ast-site-content-layout":"full-width-container","site-content-style":"default","site-sidebar-style":"default","ast-global-header-display":"","ast-banner-title-visibility":"","ast-main-header-display":"","ast-hfb-above-header-display":"","ast-hfb-below-header-display":"","ast-hfb-mobile-header-display":"","site-post-title":"","ast-breadcrumbs-content":"","ast-featured-img":"disabled","footer-sml-layout":"","ast-disable-related-posts":"","theme-transparent-header-meta":"","adv-header-id-meta":"","stick-header-meta":"","header-above-stick-meta":"","header-main-stick-meta":"","header-below-stick-meta":"","astra-migrate-meta-layouts":"set","ast-page-background-enabled":"default","ast-page-background-meta":{"desktop":{"background-color":"","background-image":"","background-repeat":"repeat","background-position":"center center","background-size":"auto","background-attachment":"scroll","background-type":"","background-media":"","overlay-type":"","overlay-color":"","overlay-opacity":"","overlay-gradient":""},"tablet":{"background-color":"","background-image":"","background-repeat":"repeat","background-position":"center center","background-size":"auto","background-attachment":"scroll","background-type":"","background-media":"","overlay-type":"","overlay-color":"","overlay-opacity":"","overlay-gradient":""},"mobile":{"background-color":"","background-image":"","background-repeat":"repeat","background-position":"center center","background-size":"auto","background-attachment":"scroll","background-type":"","background-media":"","overlay-type":"","overlay-color":"","overlay-opacity":"","overlay-gradient":""}},"ast-content-background-meta":{"desktop":{"background-color":"var(--ast-global-color-5)","background-image":"","background-repeat":"repeat","background-position":"center center","background-size":"auto","background-attachment":"scroll","background-type":"","background-media":"","overlay-type":"","overlay-color":"","overlay-opacity":"","overlay-gradient":""},"tablet":{"background-color":"var(--ast-global-color-5)","background-image":"","background-repeat":"repeat","background-position":"center center","background-size":"auto","background-attachment":"scroll","background-type":"","background-media":"","overlay-type":"","overlay-color":"","overlay-opacity":"","overlay-gradient":""},"mobile":{"background-color":"var(--ast-global-color-5)","background-image":"","background-repeat":"repeat","background-position":"center center","background-size":"auto","background-attachment":"scroll","background-type":"","background-media":"","overlay-type":"","overlay-color":"","overlay-opacity":"","overlay-gradient":""}},"footnotes":""},"class_list":["post-2233","page","type-page","status-publish","hentry"],"_links":{"self":[{"href":"https:\/\/racoon.se\/en\/wp-json\/wp\/v2\/pages\/2233","targetHints":{"allow":["GET"]}}],"collection":[{"href":"https:\/\/racoon.se\/en\/wp-json\/wp\/v2\/pages"}],"about":[{"href":"https:\/\/racoon.se\/en\/wp-json\/wp\/v2\/types\/page"}],"author":[{"embeddable":true,"href":"https:\/\/racoon.se\/en\/wp-json\/wp\/v2\/users\/3"}],"replies":[{"embeddable":true,"href":"https:\/\/racoon.se\/en\/wp-json\/wp\/v2\/comments?post=2233"}],"version-history":[{"count":10,"href":"https:\/\/racoon.se\/en\/wp-json\/wp\/v2\/pages\/2233\/revisions"}],"predecessor-version":[{"id":2369,"href":"https:\/\/racoon.se\/en\/wp-json\/wp\/v2\/pages\/2233\/revisions\/2369"}],"up":[{"embeddable":true,"href":"https:\/\/racoon.se\/en\/wp-json\/wp\/v2\/pages\/6"}],"wp:attachment":[{"href":"https:\/\/racoon.se\/en\/wp-json\/wp\/v2\/media?parent=2233"}],"curies":[{"name":"wp","href":"https:\/\/api.w.org\/{rel}","templated":true}]}}