{"id":590,"date":"2023-03-22T12:57:04","date_gmt":"2023-03-22T11:57:04","guid":{"rendered":"https:\/\/racoon.se\/?page_id=590"},"modified":"2023-03-22T15:17:09","modified_gmt":"2023-03-22T14:17:09","slug":"styrelse","status":"publish","type":"page","link":"http:\/\/racoon.se\/en\/styrelse\/","title":{"rendered":"Board"},"content":{"rendered":"<div data-elementor-type=\"wp-page\" data-elementor-id=\"590\" class=\"elementor elementor-590\" data-elementor-post-type=\"page\">\n\t\t\t\t\t\t<section class=\"elementor-section elementor-top-section elementor-element elementor-element-6ef36493 elementor-section-height-min-height elementor-section-boxed elementor-section-height-default elementor-section-items-middle\" data-id=\"6ef36493\" data-element_type=\"section\" data-e-type=\"section\" data-settings=\"{&quot;background_background&quot;:&quot;classic&quot;,&quot;jet_parallax_layout_list&quot;:[]}\">\n\t\t\t\t\t\t\t<div class=\"elementor-background-overlay\"><\/div>\n\t\t\t\t\t\t\t<div class=\"elementor-container elementor-column-gap-default\">\n\t\t\t\t\t<div class=\"elementor-column elementor-col-100 elementor-top-column elementor-element elementor-element-7ec52070\" data-id=\"7ec52070\" data-element_type=\"column\" data-e-type=\"column\">\n\t\t\t<div class=\"elementor-widget-wrap elementor-element-populated\">\n\t\t\t\t\t\t<div class=\"elementor-element elementor-element-4c9d2956 elementor-widget elementor-widget-heading\" data-id=\"4c9d2956\" data-element_type=\"widget\" data-e-type=\"widget\" data-widget_type=\"heading.default\">\n\t\t\t\t\t<h1 class=\"elementor-heading-title elementor-size-default\">Board<\/h1>\t\t\t\t<\/div>\n\t\t\t\t\t<\/div>\n\t\t<\/div>\n\t\t\t\t\t<\/div>\n\t\t<\/section>\n\t\t\t\t<section class=\"elementor-section elementor-top-section elementor-element elementor-element-1fa1de8f elementor-section-boxed elementor-section-height-default elementor-section-height-default\" data-id=\"1fa1de8f\" data-element_type=\"section\" data-e-type=\"section\" data-settings=\"{&quot;background_background&quot;:&quot;classic&quot;,&quot;jet_parallax_layout_list&quot;:[]}\">\n\t\t\t\t\t\t<div class=\"elementor-container elementor-column-gap-default\">\n\t\t\t\t\t<div class=\"elementor-column elementor-col-100 elementor-top-column elementor-element elementor-element-3c65b3b9\" data-id=\"3c65b3b9\" data-element_type=\"column\" data-e-type=\"column\">\n\t\t\t<div class=\"elementor-widget-wrap elementor-element-populated\">\n\t\t\t\t\t\t<div class=\"elementor-element elementor-element-655ff76 elementor-widget elementor-widget-heading\" data-id=\"655ff76\" data-element_type=\"widget\" data-e-type=\"widget\" data-widget_type=\"heading.default\">\n\t\t\t\t\t<h2 class=\"elementor-heading-title elementor-size-default\">Get to know our board<\/h2>\t\t\t\t<\/div>\n\t\t\t\t<div class=\"elementor-element elementor-element-77f28e6a elementor-widget-divider--view-line elementor-widget elementor-widget-divider\" data-id=\"77f28e6a\" data-element_type=\"widget\" data-e-type=\"widget\" data-widget_type=\"divider.default\">\n\t\t\t\t\t\t\t<div class=\"elementor-divider\">\n\t\t\t<span class=\"elementor-divider-separator\">\n\t\t\t\t\t\t<\/span>\n\t\t<\/div>\n\t\t\t\t\t\t<\/div>\n\t\t\t\t<div class=\"elementor-element elementor-element-24354154 elementor-widget elementor-widget-text-editor\" data-id=\"24354154\" data-element_type=\"widget\" data-e-type=\"widget\" data-widget_type=\"text-editor.default\">\n\t\t\t\t\t\t\t\t\t<p><strong>Olle Sydl\u00e9n, Racoon Milj\u00f6filter AB:<\/strong><\/p><ul><li>Owner and founder of Racoon Milj\u00f6filter AB<\/li><\/ul><p><strong>Urban Holmlund, Urban Holmlund Konsult AB:<\/strong><\/p><ul><li>CEO, Bergteamet AB<\/li><li>Produktions- och Ink\u00f6psansvarig Atlas Copco\/Rio Tinto TBS Project<\/li><li>Platschef, Wipro Infrastructure Engineering AB<\/li><li>VP Eftermarknad Globalt, Intervect AB (Alimak-HEK)<\/li><li>Eftermarknadschef Globalt, Alimak AB<\/li><li>Ink\u00f6pschef Kone Hissar AB<\/li><\/ul><p>Educations:<\/p><ul><li>Engineer Electricity<\/li><li>Machine and Construction<\/li><li>Executive Edge at London Business School<\/li><\/ul><p><strong>Ole Kristian Skauan, Nasta AS<\/strong><\/p><ul><li>Hesselberg Maskin AS, Produktchef f\u00f6rs\u00e4ljningsavdelningen<\/li><li>Hesselberg Maskin AS, Teknisk chef<\/li><li>Det Norske Veritas, Senior Surveyor for Ships in Operation<\/li><li>AS Sigurd Hesselberg Maskin, Service engineer<\/li><li>Scandinavian Airlines System, Flygsystemsmekaniker<\/li><\/ul><p>Educations:<\/p><ul><li>Oslo universitet, Studentassistent<\/li><li>Flygteknikskvadron, Rygge, specialist flygplanssystem\/l\u00e4rling flygplansmekaniker<\/li><li>Norsk industrivakt, station\u00e4r vakt och receptionist f\u00f6r Saga Petroleum<\/li><li>Rekryterarskola f\u00f6r kavalleriet, officerare, NK och truppchef<\/li><\/ul>\t\t\t\t\t\t\t\t<\/div>\n\t\t\t\t<div class=\"elementor-element elementor-element-b6052f6 elementor-mobile-align-center elementor-align-center elementor-widget elementor-widget-button\" data-id=\"b6052f6\" data-element_type=\"widget\" data-e-type=\"widget\" data-widget_type=\"button.default\">\n\t\t\t\t\t\t\t\t\t\t<a class=\"elementor-button elementor-button-link elementor-size-sm\" href=\"\/en\/kontakt\/\">\n\t\t\t\t\t\t<span class=\"elementor-button-content-wrapper\">\n\t\t\t\t\t\t\t\t\t<span class=\"elementor-button-text\">Contact Us<\/span>\n\t\t\t\t\t<\/span>\n\t\t\t\t\t<\/a>\n\t\t\t\t\t\t\t\t<\/div>\n\t\t\t\t\t<\/div>\n\t\t<\/div>\n\t\t\t\t\t<\/div>\n\t\t<\/section>\n\t\t\t\t<\/div>","protected":false},"excerpt":{"rendered":"<p>Styrelse L\u00e4r k\u00e4nna v\u00e5r styrelse Olle Sydl\u00e9n, Racoon Milj\u00f6filter AB: \u00c4gare och grundare av Racoon Milj\u00f6filter AB Urban Holmlund, Urban Holmlund Konsult AB: CEO, Bergteamet AB Produktions- och Ink\u00f6psansvarig Atlas Copco\/Rio Tinto TBS Project Platschef, Wipro Infrastructure Engineering AB VP Eftermarknad Globalt, Intervect AB (Alimak-HEK) Eftermarknadschef Globalt, Alimak AB Ink\u00f6pschef Kone Hissar AB Utbildningar: Ingenj\u00f6r [&hellip;]<\/p>\n","protected":false},"author":1,"featured_media":0,"parent":0,"menu_order":0,"comment_status":"closed","ping_status":"closed","template":"","meta":{"site-sidebar-layout":"no-sidebar","site-content-layout":"page-builder","ast-site-content-layout":"default","site-content-style":"default","site-sidebar-style":"default","ast-global-header-display":"","ast-banner-title-visibility":"","ast-main-header-display":"","ast-hfb-above-header-display":"","ast-hfb-below-header-display":"","ast-hfb-mobile-header-display":"","site-post-title":"disabled","ast-breadcrumbs-content":"","ast-featured-img":"disabled","footer-sml-layout":"","ast-disable-related-posts":"","theme-transparent-header-meta":"","adv-header-id-meta":"","stick-header-meta":"","header-above-stick-meta":"","header-main-stick-meta":"","header-below-stick-meta":"","astra-migrate-meta-layouts":"default","ast-page-background-enabled":"default","ast-page-background-meta":{"desktop":{"background-color":"","background-image":"","background-repeat":"repeat","background-position":"center center","background-size":"auto","background-attachment":"scroll","background-type":"","background-media":"","overlay-type":"","overlay-color":"","overlay-opacity":"","overlay-gradient":""},"tablet":{"background-color":"","background-image":"","background-repeat":"repeat","background-position":"center center","background-size":"auto","background-attachment":"scroll","background-type":"","background-media":"","overlay-type":"","overlay-color":"","overlay-opacity":"","overlay-gradient":""},"mobile":{"background-color":"","background-image":"","background-repeat":"repeat","background-position":"center center","background-size":"auto","background-attachment":"scroll","background-type":"","background-media":"","overlay-type":"","overlay-color":"","overlay-opacity":"","overlay-gradient":""}},"ast-content-background-meta":{"desktop":{"background-color":"var(--ast-global-color-5)","background-image":"","background-repeat":"repeat","background-position":"center center","background-size":"auto","background-attachment":"scroll","background-type":"","background-media":"","overlay-type":"","overlay-color":"","overlay-opacity":"","overlay-gradient":""},"tablet":{"background-color":"var(--ast-global-color-5)","background-image":"","background-repeat":"repeat","background-position":"center center","background-size":"auto","background-attachment":"scroll","background-type":"","background-media":"","overlay-type":"","overlay-color":"","overlay-opacity":"","overlay-gradient":""},"mobile":{"background-color":"var(--ast-global-color-5)","background-image":"","background-repeat":"repeat","background-position":"center center","background-size":"auto","background-attachment":"scroll","background-type":"","background-media":"","overlay-type":"","overlay-color":"","overlay-opacity":"","overlay-gradient":""}},"footnotes":""},"class_list":["post-590","page","type-page","status-publish","hentry"],"_links":{"self":[{"href":"http:\/\/racoon.se\/en\/wp-json\/wp\/v2\/pages\/590","targetHints":{"allow":["GET"]}}],"collection":[{"href":"http:\/\/racoon.se\/en\/wp-json\/wp\/v2\/pages"}],"about":[{"href":"http:\/\/racoon.se\/en\/wp-json\/wp\/v2\/types\/page"}],"author":[{"embeddable":true,"href":"http:\/\/racoon.se\/en\/wp-json\/wp\/v2\/users\/1"}],"replies":[{"embeddable":true,"href":"http:\/\/racoon.se\/en\/wp-json\/wp\/v2\/comments?post=590"}],"version-history":[{"count":4,"href":"http:\/\/racoon.se\/en\/wp-json\/wp\/v2\/pages\/590\/revisions"}],"predecessor-version":[{"id":814,"href":"http:\/\/racoon.se\/en\/wp-json\/wp\/v2\/pages\/590\/revisions\/814"}],"wp:attachment":[{"href":"http:\/\/racoon.se\/en\/wp-json\/wp\/v2\/media?parent=590"}],"curies":[{"name":"wp","href":"https:\/\/api.w.org\/{rel}","templated":true}]}}