{"id":574,"date":"2023-03-22T12:54:58","date_gmt":"2023-03-22T11:54:58","guid":{"rendered":"https:\/\/racoon.se\/?page_id=574"},"modified":"2025-04-08T10:23:52","modified_gmt":"2025-04-08T08:23:52","slug":"jobba-hos-oss","status":"publish","type":"page","link":"http:\/\/racoon.se\/en\/jobba-hos-oss\/","title":{"rendered":"Work with us"},"content":{"rendered":"<div data-elementor-type=\"wp-page\" data-elementor-id=\"574\" class=\"elementor elementor-574\" data-elementor-post-type=\"page\">\n\t\t\t\t\t\t<section class=\"elementor-section elementor-top-section elementor-element elementor-element-5cae5df elementor-section-height-min-height elementor-section-boxed elementor-section-height-default elementor-section-items-middle\" data-id=\"5cae5df\" data-element_type=\"section\" data-e-type=\"section\" data-settings=\"{&quot;background_background&quot;:&quot;classic&quot;,&quot;jet_parallax_layout_list&quot;:[]}\">\n\t\t\t\t\t\t\t<div class=\"elementor-background-overlay\"><\/div>\n\t\t\t\t\t\t\t<div class=\"elementor-container elementor-column-gap-default\">\n\t\t\t\t\t<div class=\"elementor-column elementor-col-100 elementor-top-column elementor-element elementor-element-13ed716d\" data-id=\"13ed716d\" data-element_type=\"column\" data-e-type=\"column\">\n\t\t\t<div class=\"elementor-widget-wrap elementor-element-populated\">\n\t\t\t\t\t\t<div class=\"elementor-element elementor-element-241f1f8c elementor-widget elementor-widget-heading\" data-id=\"241f1f8c\" data-element_type=\"widget\" data-e-type=\"widget\" data-widget_type=\"heading.default\">\n\t\t\t\t\t<h1 class=\"elementor-heading-title elementor-size-default\">Work with us\n<\/h1>\t\t\t\t<\/div>\n\t\t\t\t\t<\/div>\n\t\t<\/div>\n\t\t\t\t\t<\/div>\n\t\t<\/section>\n\t\t\t\t<section class=\"elementor-section elementor-top-section elementor-element elementor-element-436e823d elementor-section-boxed elementor-section-height-default elementor-section-height-default\" data-id=\"436e823d\" data-element_type=\"section\" data-e-type=\"section\" data-settings=\"{&quot;background_background&quot;:&quot;classic&quot;,&quot;jet_parallax_layout_list&quot;:[]}\">\n\t\t\t\t\t\t<div class=\"elementor-container elementor-column-gap-default\">\n\t\t\t\t\t<div class=\"elementor-column elementor-col-50 elementor-top-column elementor-element elementor-element-1933a955\" data-id=\"1933a955\" data-element_type=\"column\" data-e-type=\"column\">\n\t\t\t<div class=\"elementor-widget-wrap elementor-element-populated\">\n\t\t\t\t\t\t<div class=\"elementor-element elementor-element-672ebfc elementor-widget elementor-widget-heading\" data-id=\"672ebfc\" data-element_type=\"widget\" data-e-type=\"widget\" data-widget_type=\"heading.default\">\n\t\t\t\t\t<h2 class=\"elementor-heading-title elementor-size-default\">Do you want to work with us?<\/h2>\t\t\t\t<\/div>\n\t\t\t\t<div class=\"elementor-element elementor-element-358a022a elementor-widget-divider--view-line elementor-widget elementor-widget-divider\" data-id=\"358a022a\" data-element_type=\"widget\" data-e-type=\"widget\" data-widget_type=\"divider.default\">\n\t\t\t\t\t\t\t<div class=\"elementor-divider\">\n\t\t\t<span class=\"elementor-divider-separator\">\n\t\t\t\t\t\t<\/span>\n\t\t<\/div>\n\t\t\t\t\t\t<\/div>\n\t\t\t\t<div class=\"elementor-element elementor-element-64b653f5 elementor-widget elementor-widget-text-editor\" data-id=\"64b653f5\" data-element_type=\"widget\" data-e-type=\"widget\" data-widget_type=\"text-editor.default\">\n\t\t\t\t\t\t\t\t\t<div data-ogsc=\"rgb(0, 0, 0)\" data-olk-copy-source=\"MessageBody\">We are not looking for staff at the moment.<\/div><div data-ogsc=\"rgb(0, 0, 0)\" data-olk-copy-source=\"MessageBody\"><br><\/div>\n<div><span data-ogsc=\"rgb(0, 0, 0)\">If you still want to register an interest in future positions, you can email your cover letter and CV to&nbsp;<\/span><a id=\"LPlnkOWAb25e2dfc-d622-9838-2029-1c47105f06e0\" class=\"x_OWAAutoLink\" title=\"mailto:info@racoon.se\" href=\"mailto:info@racoon.se\" data-linkindex=\"0\" data-ogsc=\"\">info@racoon.se<\/a><\/div>\n<p style=\"margin-bottom: 1.875rem; cursor: text; counter-reset: list-1 0 list-2 0 list-3 0 list-4 0 list-5 0 list-6 0 list-7 0 list-8 0 list-9 0; font-family: 'Open sans', -apple-system, BlinkMacSystemFont, 'Segoe UI', Roboto, 'Helvetica Neue', Arial, sans-serif; color: #333333; font-style: normal; font-weight: 400; white-space-collapse: preserve; font-size: 1rem !important;\">\n<\/p>\t\t\t\t\t\t\t\t<\/div>\n\t\t\t\t<div class=\"elementor-element elementor-element-2366f15b elementor-mobile-align-center elementor-tablet-align-left elementor-widget elementor-widget-global elementor-global-644 elementor-widget-button\" data-id=\"2366f15b\" data-element_type=\"widget\" data-e-type=\"widget\" data-widget_type=\"button.default\">\n\t\t\t\t\t\t\t\t\t\t<a class=\"elementor-button elementor-button-link elementor-size-sm\" href=\"\/en\/kontakt\/\">\n\t\t\t\t\t\t<span class=\"elementor-button-content-wrapper\">\n\t\t\t\t\t\t\t\t\t<span class=\"elementor-button-text\">Contact Us<\/span>\n\t\t\t\t\t<\/span>\n\t\t\t\t\t<\/a>\n\t\t\t\t\t\t\t\t<\/div>\n\t\t\t\t\t<\/div>\n\t\t<\/div>\n\t\t\t\t<div class=\"elementor-column elementor-col-50 elementor-top-column elementor-element elementor-element-26995cb4\" data-id=\"26995cb4\" data-element_type=\"column\" data-e-type=\"column\">\n\t\t\t<div class=\"elementor-widget-wrap elementor-element-populated\">\n\t\t\t\t\t\t<div class=\"elementor-element elementor-element-3fff00d6 elementor-widget elementor-widget-image\" data-id=\"3fff00d6\" data-element_type=\"widget\" data-e-type=\"widget\" data-widget_type=\"image.default\">\n\t\t\t\t\t\t\t\t\t\t\t\t\t\t\t<img fetchpriority=\"high\" decoding=\"async\" width=\"1920\" height=\"826\" src=\"https:\/\/racoon.se\/wp-content\/uploads\/2023\/03\/Racoon_gron_2018_PNG.png\" class=\"attachment-full size-full wp-image-7\" alt=\"\" srcset=\"https:\/\/racoon.se\/wp-content\/uploads\/2023\/03\/Racoon_gron_2018_PNG.png 1920w, https:\/\/racoon.se\/wp-content\/uploads\/2023\/03\/Racoon_gron_2018_PNG-300x129.png 300w, https:\/\/racoon.se\/wp-content\/uploads\/2023\/03\/Racoon_gron_2018_PNG-1024x441.png 1024w, https:\/\/racoon.se\/wp-content\/uploads\/2023\/03\/Racoon_gron_2018_PNG-768x330.png 768w, https:\/\/racoon.se\/wp-content\/uploads\/2023\/03\/Racoon_gron_2018_PNG-1536x661.png 1536w, https:\/\/racoon.se\/wp-content\/uploads\/2023\/03\/Racoon_gron_2018_PNG-18x8.png 18w, https:\/\/racoon.se\/wp-content\/uploads\/2023\/03\/Racoon_gron_2018_PNG-200x86.png 200w\" sizes=\"(max-width: 1920px) 100vw, 1920px\" title=\"\">\t\t\t\t\t\t\t\t\t\t\t\t\t\t\t<\/div>\n\t\t\t\t\t<\/div>\n\t\t<\/div>\n\t\t\t\t\t<\/div>\n\t\t<\/section>\n\t\t\t\t<\/div>","protected":false},"excerpt":{"rendered":"<p>Jobba hos oss Vill du jobba med oss? Vi s\u00f6ker ingen personal f\u00f6r tillf\u00e4llet. Vill du \u00e4nd\u00e5 anm\u00e4la intresse f\u00f6r framtida tj\u00e4nster kan du maila ditt personliga brev och cv till&nbsp;info@racoon.se Kontakta oss<\/p>","protected":false},"author":1,"featured_media":0,"parent":0,"menu_order":0,"comment_status":"closed","ping_status":"closed","template":"","meta":{"site-sidebar-layout":"no-sidebar","site-content-layout":"page-builder","ast-site-content-layout":"default","site-content-style":"default","site-sidebar-style":"default","ast-global-header-display":"","ast-banner-title-visibility":"","ast-main-header-display":"","ast-hfb-above-header-display":"","ast-hfb-below-header-display":"","ast-hfb-mobile-header-display":"","site-post-title":"disabled","ast-breadcrumbs-content":"","ast-featured-img":"disabled","footer-sml-layout":"","ast-disable-related-posts":"","theme-transparent-header-meta":"","adv-header-id-meta":"","stick-header-meta":"","header-above-stick-meta":"","header-main-stick-meta":"","header-below-stick-meta":"","astra-migrate-meta-layouts":"default","ast-page-background-enabled":"default","ast-page-background-meta":{"desktop":{"background-color":"","background-image":"","background-repeat":"repeat","background-position":"center center","background-size":"auto","background-attachment":"scroll","background-type":"","background-media":"","overlay-type":"","overlay-color":"","overlay-opacity":"","overlay-gradient":""},"tablet":{"background-color":"","background-image":"","background-repeat":"repeat","background-position":"center center","background-size":"auto","background-attachment":"scroll","background-type":"","background-media":"","overlay-type":"","overlay-color":"","overlay-opacity":"","overlay-gradient":""},"mobile":{"background-color":"","background-image":"","background-repeat":"repeat","background-position":"center center","background-size":"auto","background-attachment":"scroll","background-type":"","background-media":"","overlay-type":"","overlay-color":"","overlay-opacity":"","overlay-gradient":""}},"ast-content-background-meta":{"desktop":{"background-color":"var(--ast-global-color-5)","background-image":"","background-repeat":"repeat","background-position":"center center","background-size":"auto","background-attachment":"scroll","background-type":"","background-media":"","overlay-type":"","overlay-color":"","overlay-opacity":"","overlay-gradient":""},"tablet":{"background-color":"var(--ast-global-color-5)","background-image":"","background-repeat":"repeat","background-position":"center center","background-size":"auto","background-attachment":"scroll","background-type":"","background-media":"","overlay-type":"","overlay-color":"","overlay-opacity":"","overlay-gradient":""},"mobile":{"background-color":"var(--ast-global-color-5)","background-image":"","background-repeat":"repeat","background-position":"center center","background-size":"auto","background-attachment":"scroll","background-type":"","background-media":"","overlay-type":"","overlay-color":"","overlay-opacity":"","overlay-gradient":""}},"footnotes":""},"class_list":["post-574","page","type-page","status-publish","hentry"],"_links":{"self":[{"href":"http:\/\/racoon.se\/en\/wp-json\/wp\/v2\/pages\/574","targetHints":{"allow":["GET"]}}],"collection":[{"href":"http:\/\/racoon.se\/en\/wp-json\/wp\/v2\/pages"}],"about":[{"href":"http:\/\/racoon.se\/en\/wp-json\/wp\/v2\/types\/page"}],"author":[{"embeddable":true,"href":"http:\/\/racoon.se\/en\/wp-json\/wp\/v2\/users\/1"}],"replies":[{"embeddable":true,"href":"http:\/\/racoon.se\/en\/wp-json\/wp\/v2\/comments?post=574"}],"version-history":[{"count":16,"href":"http:\/\/racoon.se\/en\/wp-json\/wp\/v2\/pages\/574\/revisions"}],"predecessor-version":[{"id":1981,"href":"http:\/\/racoon.se\/en\/wp-json\/wp\/v2\/pages\/574\/revisions\/1981"}],"wp:attachment":[{"href":"http:\/\/racoon.se\/en\/wp-json\/wp\/v2\/media?parent=574"}],"curies":[{"name":"wp","href":"https:\/\/api.w.org\/{rel}","templated":true}]}}