{"id":2285,"date":"2026-01-12T09:20:17","date_gmt":"2026-01-12T08:20:17","guid":{"rendered":"https:\/\/racoon.se\/?page_id=2285"},"modified":"2026-03-19T10:19:58","modified_gmt":"2026-03-19T09:19:58","slug":"merv-luftfilter","status":"publish","type":"page","link":"http:\/\/racoon.se\/en\/luftfilter\/merv-luftfilter\/","title":{"rendered":"MERV luftfilter"},"content":{"rendered":"<div data-elementor-type=\"wp-page\" data-elementor-id=\"2285\" class=\"elementor elementor-2285\" data-elementor-post-type=\"page\">\n\t\t\t\t<div class=\"elementor-element elementor-element-dc4abb8 e-flex e-con-boxed e-con e-parent\" data-id=\"dc4abb8\" data-element_type=\"container\" data-e-type=\"container\" data-settings=\"{&quot;background_background&quot;:&quot;classic&quot;,&quot;jet_parallax_layout_list&quot;:[]}\">\n\t\t\t\t\t<div class=\"e-con-inner\">\n\t\t\t\t\t<\/div>\n\t\t\t\t<\/div>\n\t\t<div class=\"elementor-element elementor-element-55465fb e-flex e-con-boxed e-con e-parent\" data-id=\"55465fb\" data-element_type=\"container\" data-e-type=\"container\" data-settings=\"{&quot;jet_parallax_layout_list&quot;:[]}\">\n\t\t\t\t\t<div class=\"e-con-inner\">\n\t\t<div class=\"elementor-element elementor-element-d80fb9e e-con-full e-flex e-con e-child\" data-id=\"d80fb9e\" data-element_type=\"container\" data-e-type=\"container\" data-settings=\"{&quot;jet_parallax_layout_list&quot;:[]}\">\n\t\t\t\t<div class=\"elementor-element elementor-element-70a741f elementor-widget elementor-widget-jet-breadcrumbs\" data-id=\"70a741f\" data-element_type=\"widget\" data-e-type=\"widget\" data-widget_type=\"jet-breadcrumbs.default\">\n\t\t\t\t<div class=\"elementor-widget-container\">\n\t\t\t\t\t<div class=\"elementor-jet-breadcrumbs jet-blocks\">\n\t\t<div class=\"jet-breadcrumbs\">\n\t\t<div class=\"jet-breadcrumbs__content\">\n\t\t<div class=\"jet-breadcrumbs__wrap\"><div class=\"jet-breadcrumbs__item\"><a href=\"http:\/\/racoon.se\/en\/\" class=\"jet-breadcrumbs__item-link is-home\" rel=\"home\" title=\"Home\">Home<\/a><\/div>\n\t\t<\/div>\n\t\t<\/div>\n\t\t<\/div><\/div>\t\t\t\t<\/div>\n\t\t\t\t<\/div>\n\t\t<div class=\"elementor-element elementor-element-67f1cf9 e-con-full e-flex e-con e-child\" data-id=\"67f1cf9\" data-element_type=\"container\" data-e-type=\"container\" data-settings=\"{&quot;jet_parallax_layout_list&quot;:[]}\">\n\t\t<div class=\"elementor-element elementor-element-84194b2 e-con-full e-flex e-con e-child\" data-id=\"84194b2\" data-element_type=\"container\" data-e-type=\"container\" data-settings=\"{&quot;jet_parallax_layout_list&quot;:[]}\">\n\t\t\t\t<div class=\"elementor-element elementor-element-d7816a6 elementor-widget elementor-widget-heading\" data-id=\"d7816a6\" data-element_type=\"widget\" data-e-type=\"widget\" data-widget_type=\"heading.default\">\n\t\t\t\t\t<h2 class=\"elementor-heading-title elementor-size-default\">Tillf\u00f6rlitlig partikelkontroll med MERV-luftfilter<\/h2>\t\t\t\t<\/div>\n\t\t\t\t<div class=\"elementor-element elementor-element-a1b359e elementor-widget elementor-widget-text-editor\" data-id=\"a1b359e\" data-element_type=\"widget\" data-e-type=\"widget\" data-widget_type=\"text-editor.default\">\n\t\t\t\t\t\t\t\t\t<p data-start=\"238\" data-end=\"781\">God luftkvalitet \u00e4r en grundf\u00f6ruts\u00e4ttning f\u00f6r v\u00e4lfungerande ventilationssystem, energieffektiv drift och en h\u00e4lsosam inomhusmilj\u00f6. Luft som inneh\u00e5ller damm, pollen, fibrer och andra luftburna partiklar kan belasta b\u00e5de m\u00e4nniskor och teknisk utrustning, samtidigt som den f\u00f6rs\u00e4mrar prestandan i ventilationssystemet. Med MERV-klassade luftfilter (Minimum Efficiency Reporting Value) f\u00e5r du en bepr\u00f6vad och tydligt graderad filtreringsl\u00f6sning f\u00f6r effektiv partikelavskiljning i allt fr\u00e5n kommersiella fastigheter till industriella applikationer.<\/p><p data-start=\"783\" data-end=\"987\">Hos Racoon utvecklar och tillverkar vi filter likv\u00e4rdiga till MERV-filter med fokus p\u00e5 stabil filtreringsprestanda, l\u00e5g energif\u00f6rbrukning och l\u00e5ng livsl\u00e4ngd \u2013 anpassade f\u00f6r moderna ventilationssystem och kr\u00e4vande driftsmilj\u00f6er.<\/p><ul class=\"elementor-icon-list-items\"><li class=\"elementor-icon-list-item\"><a href=\"mailto:info@racoon.se\"><span class=\"elementor-icon-list-text\">Email: info@racoon.se<\/span><\/a><\/li><li class=\"elementor-icon-list-item\"><a href=\"tel:093415399\"><span class=\"elementor-icon-list-text\">Telefon: 0934 &#8211; 153 99<\/span><\/a><\/li><\/ul>\t\t\t\t\t\t\t\t<\/div>\n\t\t\t\t<\/div>\n\t\t<div class=\"elementor-element elementor-element-201d02a e-con-full e-flex e-con e-child\" data-id=\"201d02a\" data-element_type=\"container\" data-e-type=\"container\" data-settings=\"{&quot;jet_parallax_layout_list&quot;:[]}\">\n\t\t\t\t<div class=\"elementor-element elementor-element-218bc54 elementor-widget elementor-widget-image\" data-id=\"218bc54\" data-element_type=\"widget\" data-e-type=\"widget\" data-widget_type=\"image.default\">\n\t\t\t\t\t\t\t\t\t\t\t\t\t\t\t<img fetchpriority=\"high\" decoding=\"async\" width=\"1024\" height=\"576\" src=\"https:\/\/racoon.se\/wp-content\/uploads\/2023\/03\/20200824_081711-1024x576.jpg\" class=\"attachment-large size-large wp-image-964\" alt=\"Air filter\" srcset=\"https:\/\/racoon.se\/wp-content\/uploads\/2023\/03\/20200824_081711-1024x576.jpg 1024w, https:\/\/racoon.se\/wp-content\/uploads\/2023\/03\/20200824_081711-300x169.jpg 300w, https:\/\/racoon.se\/wp-content\/uploads\/2023\/03\/20200824_081711-768x432.jpg 768w, https:\/\/racoon.se\/wp-content\/uploads\/2023\/03\/20200824_081711-1536x864.jpg 1536w, https:\/\/racoon.se\/wp-content\/uploads\/2023\/03\/20200824_081711-2048x1152.jpg 2048w, https:\/\/racoon.se\/wp-content\/uploads\/2023\/03\/20200824_081711-18x10.jpg 18w, https:\/\/racoon.se\/wp-content\/uploads\/2023\/03\/20200824_081711-scaled.jpg 1920w\" sizes=\"(max-width: 1024px) 100vw, 1024px\" title=\"\">\t\t\t\t\t\t\t\t\t\t\t\t\t\t\t<\/div>\n\t\t\t\t<\/div>\n\t\t\t\t<\/div>\n\t\t<div class=\"elementor-element elementor-element-43fca08 e-con-full e-flex e-con e-child\" data-id=\"43fca08\" data-element_type=\"container\" data-e-type=\"container\" data-settings=\"{&quot;jet_parallax_layout_list&quot;:[]}\">\n\t\t<div class=\"elementor-element elementor-element-5ade427 e-con-full e-flex e-con e-child\" data-id=\"5ade427\" data-element_type=\"container\" data-e-type=\"container\" data-settings=\"{&quot;jet_parallax_layout_list&quot;:[]}\">\n\t\t\t\t<div class=\"elementor-element elementor-element-d5718b9 elementor-widget elementor-widget-text-editor\" data-id=\"d5718b9\" data-element_type=\"widget\" data-e-type=\"widget\" data-widget_type=\"text-editor.default\">\n\t\t\t\t\t\t\t\t\t<h2 data-start=\"994\" data-end=\"1018\">Vad \u00e4r MERV-filter?<\/h2><p data-start=\"1019\" data-end=\"1363\">MERV \u00e4r ett internationellt etablerat klassningssystem som anger hur effektivt ett luftfilter avskiljer partiklar i olika storleksintervall. Klassningen har utvecklats av ASHRAE (American Society of Heating, Refrigerating and Air-Conditioning Engineers) och anv\u00e4nds fr\u00e4mst f\u00f6r att j\u00e4mf\u00f6ra och specificera filter i ventilations- och HVAC-system.<\/p><p data-start=\"1365\" data-end=\"1638\">Till skillnad fr\u00e5n h\u00f6geffektiva filter som HEPA fokuserar MERV-systemet p\u00e5 bred partikelavskiljning i spannet cirka 0,3\u201310 \u00b5m. Det g\u00f6r MERV-filter s\u00e4rskilt l\u00e4mpade som huvudfilter i ventilationssystem, d\u00e4r de skyddar b\u00e5de m\u00e4nniskor, utrustning och efterf\u00f6ljande filtersteg.<\/p><p data-start=\"1640\" data-end=\"1680\">MERV-skalan str\u00e4cker sig fr\u00e5n 1 till 16:<\/p><ul data-start=\"1682\" data-end=\"1978\"><li data-start=\"1682\" data-end=\"1755\"><p data-start=\"1684\" data-end=\"1755\"><strong data-start=\"1684\" data-end=\"1696\">MERV 1\u20134<\/strong> \u2013 Grovfiltrering av st\u00f6rre partiklar som damm och fibrer<\/p><\/li><li data-start=\"1756\" data-end=\"1831\"><p data-start=\"1758\" data-end=\"1831\"><strong data-start=\"1758\" data-end=\"1770\">MERV 5\u20138<\/strong> \u2013 Effektiv avskiljning av pollen, m\u00f6gelsporer och byggdamm<\/p><\/li><li data-start=\"1832\" data-end=\"1900\"><p data-start=\"1834\" data-end=\"1900\"><strong data-start=\"1834\" data-end=\"1847\">MERV 9\u201312<\/strong> \u2013 F\u00f6rb\u00e4ttrad filtrering av fina partiklar och PM10<\/p><\/li><li data-start=\"1901\" data-end=\"1978\"><p data-start=\"1903\" data-end=\"1978\"><strong data-start=\"1903\" data-end=\"1917\">MERV 13\u201316<\/strong> \u2013 H\u00f6g avskiljning av PM2,5, bakterier och finare aerosoler<\/p><\/li><\/ul><p data-start=\"1980\" data-end=\"2073\">Ju h\u00f6gre MERV-klass, desto b\u00e4ttre f\u00f6rm\u00e5ga att f\u00e5nga mindre och mer h\u00e4lsop\u00e5verkande partiklar.<\/p>\t\t\t\t\t\t\t\t<\/div>\n\t\t\t\t<\/div>\n\t\t<div class=\"elementor-element elementor-element-e45e4ed e-con-full e-flex e-con e-child\" data-id=\"e45e4ed\" data-element_type=\"container\" data-e-type=\"container\" data-settings=\"{&quot;jet_parallax_layout_list&quot;:[]}\">\n\t\t\t\t<div class=\"elementor-element elementor-element-803c896 elementor-widget elementor-widget-image\" data-id=\"803c896\" data-element_type=\"widget\" data-e-type=\"widget\" data-widget_type=\"image.default\">\n\t\t\t\t\t\t\t\t\t\t\t\t\t\t\t<img decoding=\"async\" width=\"1024\" height=\"576\" src=\"https:\/\/racoon.se\/wp-content\/uploads\/2023\/03\/20200824_081602-1024x576.jpg\" class=\"attachment-large size-large wp-image-963\" alt=\"\" srcset=\"https:\/\/racoon.se\/wp-content\/uploads\/2023\/03\/20200824_081602-1024x576.jpg 1024w, https:\/\/racoon.se\/wp-content\/uploads\/2023\/03\/20200824_081602-300x169.jpg 300w, https:\/\/racoon.se\/wp-content\/uploads\/2023\/03\/20200824_081602-768x432.jpg 768w, https:\/\/racoon.se\/wp-content\/uploads\/2023\/03\/20200824_081602-1536x864.jpg 1536w, https:\/\/racoon.se\/wp-content\/uploads\/2023\/03\/20200824_081602-2048x1152.jpg 2048w, https:\/\/racoon.se\/wp-content\/uploads\/2023\/03\/20200824_081602-18x10.jpg 18w, https:\/\/racoon.se\/wp-content\/uploads\/2023\/03\/20200824_081602-scaled.jpg 1920w\" sizes=\"(max-width: 1024px) 100vw, 1024px\" title=\"\">\t\t\t\t\t\t\t\t\t\t\t\t\t\t\t<\/div>\n\t\t\t\t<\/div>\n\t\t\t\t<\/div>\n\t\t<div class=\"elementor-element elementor-element-998899f e-con-full e-flex e-con e-child\" data-id=\"998899f\" data-element_type=\"container\" data-e-type=\"container\" data-settings=\"{&quot;jet_parallax_layout_list&quot;:[]}\">\n\t\t<div class=\"elementor-element elementor-element-6975aee e-con-full e-flex e-con e-child\" data-id=\"6975aee\" data-element_type=\"container\" data-e-type=\"container\" data-settings=\"{&quot;jet_parallax_layout_list&quot;:[]}\">\n\t\t\t\t<div class=\"elementor-element elementor-element-19a27bd elementor-widget elementor-widget-text-editor\" data-id=\"19a27bd\" data-element_type=\"widget\" data-e-type=\"widget\" data-widget_type=\"text-editor.default\">\n\t\t\t\t\t\t\t\t\t<h2 data-start=\"2080\" data-end=\"2142\">MERV enligt ASHRAE 52.2 \u2013 standardiserad prestandam\u00e4tning<\/h2><p data-start=\"2143\" data-end=\"2392\">MERV-klassningen baseras p\u00e5 testmetoden <strong data-start=\"2183\" data-end=\"2198\">ASHRAE 52.2<\/strong>, d\u00e4r filtrets avskiljningsgrad m\u00e4ts i flera definierade partikelstorleksintervall. Resultatet ger en tydlig och praktiskt anv\u00e4ndbar bild av hur filtret presterar i verkliga ventilationsmilj\u00f6er.<\/p><p data-start=\"2394\" data-end=\"2610\">Standarden \u00e4r s\u00e4rskilt v\u00e4rdefull vid projektering av ventilationssystem i kommersiella fastigheter, industri, kontor, skolor och sjukhus \u2013 d\u00e4r balans mellan luftkvalitet, tryckfall och energif\u00f6rbrukning \u00e4r avg\u00f6rande.<\/p><p data-start=\"2612\" data-end=\"2729\">Racoons MERV-filter testas enligt ASHRAE 52.2, vilket s\u00e4kerst\u00e4ller dokumenterad och reproducerbar prestanda \u00f6ver tid.<\/p>\t\t\t\t\t\t\t\t<\/div>\n\t\t\t\t<\/div>\n\t\t<div class=\"elementor-element elementor-element-a2cd33a e-con-full e-flex e-con e-child\" data-id=\"a2cd33a\" data-element_type=\"container\" data-e-type=\"container\" data-settings=\"{&quot;jet_parallax_layout_list&quot;:[]}\">\n\t\t\t\t<div class=\"elementor-element elementor-element-68fa23a elementor-widget elementor-widget-video\" data-id=\"68fa23a\" data-element_type=\"widget\" data-e-type=\"widget\" data-settings=\"{&quot;youtube_url&quot;:&quot;youtube.com\\\/watch?v=CUktA85AUes&amp;embeds_referring_euri=https%3A%2F%2Fracoon.se%2F&amp;embeds_referring_origin=https%3A%2F%2Fracoon.se&amp;source_ve_path=MjM4NTE&quot;,&quot;video_type&quot;:&quot;youtube&quot;,&quot;controls&quot;:&quot;yes&quot;}\" data-widget_type=\"video.default\">\n\t\t\t\t\t\t\t<div class=\"elementor-wrapper elementor-open-inline\">\n\t\t\t<div class=\"elementor-video\"><\/div>\t\t<\/div>\n\t\t\t\t\t\t<\/div>\n\t\t<div class=\"elementor-element elementor-element-7874596 e-con-full e-flex e-con e-child\" data-id=\"7874596\" data-element_type=\"container\" data-e-type=\"container\" data-settings=\"{&quot;background_background&quot;:&quot;classic&quot;,&quot;jet_parallax_layout_list&quot;:[]}\">\n\t\t\t\t<div class=\"elementor-element elementor-element-2d7a09f elementor-widget elementor-widget-text-editor\" data-id=\"2d7a09f\" data-element_type=\"widget\" data-e-type=\"widget\" data-widget_type=\"text-editor.default\">\n\t\t\t\t\t\t\t\t\t<h2 data-start=\"2574\" data-end=\"2592\">Contact Us<\/h2><p data-start=\"2593\" data-end=\"2827\">Vill du veta mer om hur <a href=\"https:\/\/racoon.se\/en\/luftfilter-produkt\/\">Racoons luftfilter<\/a> kan f\u00f6rb\u00e4ttra livsl\u00e4ngden p\u00e5 dina filtersystem och skapa en s\u00e4krare arbetsmilj\u00f6? H\u00f6r av dig till oss \u2013 vi ber\u00e4ttar g\u00e4rna mer och hj\u00e4lper dig hitta den l\u00f6sning som passar b\u00e4st f\u00f6r dina behov.<\/p>\t\t\t\t\t\t\t\t<\/div>\n\t\t\t\t<div class=\"elementor-element elementor-element-cbf299e elementor-widget elementor-widget-button\" data-id=\"cbf299e\" data-element_type=\"widget\" data-e-type=\"widget\" data-widget_type=\"button.default\">\n\t\t\t\t\t\t\t\t\t\t<a class=\"elementor-button elementor-button-link elementor-size-sm\" href=\"https:\/\/racoon.se\/en\/kontakt\/\">\n\t\t\t\t\t\t<span class=\"elementor-button-content-wrapper\">\n\t\t\t\t\t\t\t\t\t<span class=\"elementor-button-text\">Contact Us<\/span>\n\t\t\t\t\t<\/span>\n\t\t\t\t\t<\/a>\n\t\t\t\t\t\t\t\t<\/div>\n\t\t\t\t<\/div>\n\t\t\t\t<\/div>\n\t\t\t\t<\/div>\n\t\t<div class=\"elementor-element elementor-element-c47d404 e-con-full e-flex e-con e-child\" data-id=\"c47d404\" data-element_type=\"container\" data-e-type=\"container\" data-settings=\"{&quot;jet_parallax_layout_list&quot;:[]}\">\n\t\t<div class=\"elementor-element elementor-element-2aa7b04 e-con-full e-flex e-con e-child\" data-id=\"2aa7b04\" data-element_type=\"container\" data-e-type=\"container\" data-settings=\"{&quot;jet_parallax_layout_list&quot;:[]}\">\n\t\t\t\t<div class=\"elementor-element elementor-element-c813a64 elementor-widget elementor-widget-text-editor\" data-id=\"c813a64\" data-element_type=\"widget\" data-e-type=\"widget\" data-widget_type=\"text-editor.default\">\n\t\t\t\t\t\t\t\t\t<hr \/><h2 data-start=\"2736\" data-end=\"2783\">Typiska anv\u00e4ndningsomr\u00e5den f\u00f6r MERV-filter<\/h2><p data-start=\"2784\" data-end=\"2815\">MERV-filter anv\u00e4nds brett inom:<\/p><ul data-start=\"2817\" data-end=\"3033\"><li data-start=\"2817\" data-end=\"2879\"><p data-start=\"2819\" data-end=\"2879\">Ventilationssystem i kommersiella och offentliga byggnader<\/p><\/li><li data-start=\"2880\" data-end=\"2911\"><p data-start=\"2882\" data-end=\"2911\">Industriella processmilj\u00f6er<\/p><\/li><li data-start=\"2912\" data-end=\"2946\"><p data-start=\"2914\" data-end=\"2946\">Kontor, skolor och v\u00e5rdmilj\u00f6er<\/p><\/li><li data-start=\"2947\" data-end=\"2988\"><p data-start=\"2949\" data-end=\"2988\"><a href=\"https:\/\/racoon.se\/en\/luftfilter\/forfilter\/\">F\u00f6rfilter<\/a> till<a href=\"https:\/\/racoon.se\/en\/luftfilter\/hepa-luftfilter\/\"> HEPA-<\/a> eller EPA-system<\/p><\/li><li data-start=\"2989\" data-end=\"3033\"><p data-start=\"2991\" data-end=\"3033\">Arbetsfordon och tekniska installationer<\/p><\/li><\/ul><p data-start=\"3035\" data-end=\"3190\">De fungerar ofta som ett f\u00f6rsta eller andra filtersteg, d\u00e4r de effektivt reducerar partikelbelastningen och f\u00f6rl\u00e4nger livsl\u00e4ngden p\u00e5 mer finmaskiga filter.<\/p><h2 data-start=\"3197\" data-end=\"3234\">F\u00f6rdelar med Racoons MERV-filter<\/h2><h3 data-start=\"3236\" data-end=\"3270\">Effektiv partikelavskiljning<\/h3><ul data-start=\"3271\" data-end=\"3446\"><li data-start=\"3271\" data-end=\"3325\"><p data-start=\"3273\" data-end=\"3325\">Tydligt klassad filtreringsgrad enligt ASHRAE 52.2<\/p><\/li><li data-start=\"3326\" data-end=\"3384\"><p data-start=\"3328\" data-end=\"3384\">Avskiljer damm, pollen, m\u00f6gelsporer och fina partiklar<\/p><\/li><li data-start=\"3385\" data-end=\"3446\"><p data-start=\"3387\" data-end=\"3446\">Finns i MERV-klasser anpassade f\u00f6r olika krav och milj\u00f6er<\/p><\/li><\/ul><h3 data-start=\"3448\" data-end=\"3474\">Energieffektiv drift<\/h3><ul data-start=\"3475\" data-end=\"3624\"><li data-start=\"3475\" data-end=\"3524\"><p data-start=\"3477\" data-end=\"3524\">Optimerat tryckfall f\u00f6r l\u00e5g energif\u00f6rbrukning<\/p><\/li><li data-start=\"3525\" data-end=\"3567\"><p data-start=\"3527\" data-end=\"3567\">Bidrar till stabilt luftfl\u00f6de \u00f6ver tid<\/p><\/li><li data-start=\"3568\" data-end=\"3624\"><p data-start=\"3570\" data-end=\"3624\">Minskad belastning p\u00e5 fl\u00e4ktar och ventilationssystem<\/p><\/li><\/ul><h3 data-start=\"3626\" data-end=\"3659\">Flexibilitet och anpassning<\/h3><ul data-start=\"3660\" data-end=\"3836\"><li data-start=\"3660\" data-end=\"3703\"><p data-start=\"3662\" data-end=\"3703\">Brett utbud av filterklasser och format<\/p><\/li><li data-start=\"3704\" data-end=\"3772\"><p data-start=\"3706\" data-end=\"3772\">Kan kombineras med kolfilter eller HEPA-filter i flerstegssystem<\/p><\/li><li data-start=\"3773\" data-end=\"3836\"><p data-start=\"3775\" data-end=\"3836\">Anpassade l\u00f6sningar f\u00f6r industriella och kommersiella behov<\/p><\/li><\/ul><h3 data-start=\"3838\" data-end=\"3863\">Robust konstruktion<\/h3><ul data-start=\"3864\" data-end=\"4041\"><li data-start=\"3864\" data-end=\"3902\"><p data-start=\"3866\" data-end=\"3902\">T\u00e5liga material f\u00f6r l\u00e5ng livsl\u00e4ngd<\/p><\/li><li data-start=\"3903\" data-end=\"3980\"><p data-start=\"3905\" data-end=\"3980\">God motst\u00e5ndskraft mot fukt, vibrationer och varierande driftf\u00f6rh\u00e5llanden<\/p><\/li><li data-start=\"3981\" data-end=\"4041\"><p data-start=\"3983\" data-end=\"4041\">L\u00e4mpliga f\u00f6r b\u00e5de fasta installationer och mobila system<\/p><\/li><\/ul>\t\t\t\t\t\t\t\t<\/div>\n\t\t\t\t<\/div>\n\t\t\t\t<\/div>\n\t\t\t\t<\/div>\n\t\t\t\t\t<\/div>\n\t\t\t\t<\/div>\n\t\t\t\t<\/div>","protected":false},"excerpt":{"rendered":"<p>Hem Tillf\u00f6rlitlig partikelkontroll med MERV-luftfilter God luftkvalitet \u00e4r en grundf\u00f6ruts\u00e4ttning f\u00f6r v\u00e4lfungerande ventilationssystem, energieffektiv drift och en h\u00e4lsosam inomhusmilj\u00f6. Luft som inneh\u00e5ller damm, pollen, fibrer och andra luftburna partiklar kan belasta b\u00e5de m\u00e4nniskor och teknisk utrustning, samtidigt som den f\u00f6rs\u00e4mrar prestandan i ventilationssystemet. Med MERV-klassade luftfilter (Minimum Efficiency Reporting Value) f\u00e5r du en bepr\u00f6vad och [&hellip;]<\/p>\n","protected":false},"author":3,"featured_media":0,"parent":6,"menu_order":0,"comment_status":"closed","ping_status":"closed","template":"","meta":{"site-sidebar-layout":"no-sidebar","site-content-layout":"page-builder","ast-site-content-layout":"full-width-container","site-content-style":"default","site-sidebar-style":"default","ast-global-header-display":"","ast-banner-title-visibility":"","ast-main-header-display":"","ast-hfb-above-header-display":"","ast-hfb-below-header-display":"","ast-hfb-mobile-header-display":"","site-post-title":"","ast-breadcrumbs-content":"","ast-featured-img":"disabled","footer-sml-layout":"","ast-disable-related-posts":"","theme-transparent-header-meta":"","adv-header-id-meta":"","stick-header-meta":"","header-above-stick-meta":"","header-main-stick-meta":"","header-below-stick-meta":"","astra-migrate-meta-layouts":"set","ast-page-background-enabled":"default","ast-page-background-meta":{"desktop":{"background-color":"","background-image":"","background-repeat":"repeat","background-position":"center center","background-size":"auto","background-attachment":"scroll","background-type":"","background-media":"","overlay-type":"","overlay-color":"","overlay-opacity":"","overlay-gradient":""},"tablet":{"background-color":"","background-image":"","background-repeat":"repeat","background-position":"center center","background-size":"auto","background-attachment":"scroll","background-type":"","background-media":"","overlay-type":"","overlay-color":"","overlay-opacity":"","overlay-gradient":""},"mobile":{"background-color":"","background-image":"","background-repeat":"repeat","background-position":"center center","background-size":"auto","background-attachment":"scroll","background-type":"","background-media":"","overlay-type":"","overlay-color":"","overlay-opacity":"","overlay-gradient":""}},"ast-content-background-meta":{"desktop":{"background-color":"var(--ast-global-color-5)","background-image":"","background-repeat":"repeat","background-position":"center center","background-size":"auto","background-attachment":"scroll","background-type":"","background-media":"","overlay-type":"","overlay-color":"","overlay-opacity":"","overlay-gradient":""},"tablet":{"background-color":"var(--ast-global-color-5)","background-image":"","background-repeat":"repeat","background-position":"center center","background-size":"auto","background-attachment":"scroll","background-type":"","background-media":"","overlay-type":"","overlay-color":"","overlay-opacity":"","overlay-gradient":""},"mobile":{"background-color":"var(--ast-global-color-5)","background-image":"","background-repeat":"repeat","background-position":"center center","background-size":"auto","background-attachment":"scroll","background-type":"","background-media":"","overlay-type":"","overlay-color":"","overlay-opacity":"","overlay-gradient":""}},"footnotes":""},"class_list":["post-2285","page","type-page","status-publish","hentry"],"_links":{"self":[{"href":"http:\/\/racoon.se\/en\/wp-json\/wp\/v2\/pages\/2285","targetHints":{"allow":["GET"]}}],"collection":[{"href":"http:\/\/racoon.se\/en\/wp-json\/wp\/v2\/pages"}],"about":[{"href":"http:\/\/racoon.se\/en\/wp-json\/wp\/v2\/types\/page"}],"author":[{"embeddable":true,"href":"http:\/\/racoon.se\/en\/wp-json\/wp\/v2\/users\/3"}],"replies":[{"embeddable":true,"href":"http:\/\/racoon.se\/en\/wp-json\/wp\/v2\/comments?post=2285"}],"version-history":[{"count":7,"href":"http:\/\/racoon.se\/en\/wp-json\/wp\/v2\/pages\/2285\/revisions"}],"predecessor-version":[{"id":2378,"href":"http:\/\/racoon.se\/en\/wp-json\/wp\/v2\/pages\/2285\/revisions\/2378"}],"up":[{"embeddable":true,"href":"http:\/\/racoon.se\/en\/wp-json\/wp\/v2\/pages\/6"}],"wp:attachment":[{"href":"http:\/\/racoon.se\/en\/wp-json\/wp\/v2\/media?parent=2285"}],"curies":[{"name":"wp","href":"https:\/\/api.w.org\/{rel}","templated":true}]}}