{"id":2183,"date":"2025-09-05T13:44:47","date_gmt":"2025-09-05T11:44:47","guid":{"rendered":"https:\/\/racoon.se\/?page_id=2183"},"modified":"2026-03-19T10:09:58","modified_gmt":"2026-03-19T09:09:58","slug":"huvudfilter","status":"publish","type":"page","link":"http:\/\/racoon.se\/en\/luftfilter\/huvudfilter\/","title":{"rendered":"Huvudfilter"},"content":{"rendered":"<div data-elementor-type=\"wp-page\" data-elementor-id=\"2183\" class=\"elementor elementor-2183\" data-elementor-post-type=\"page\">\n\t\t\t\t<div class=\"elementor-element elementor-element-d296208 e-flex e-con-boxed e-con e-parent\" data-id=\"d296208\" data-element_type=\"container\" data-e-type=\"container\" data-settings=\"{&quot;background_background&quot;:&quot;classic&quot;,&quot;jet_parallax_layout_list&quot;:[]}\">\n\t\t\t\t\t<div class=\"e-con-inner\">\n\t\t\t\t\t<\/div>\n\t\t\t\t<\/div>\n\t\t<div class=\"elementor-element elementor-element-cf3f4fa e-flex e-con-boxed e-con e-parent\" data-id=\"cf3f4fa\" data-element_type=\"container\" data-e-type=\"container\" data-settings=\"{&quot;jet_parallax_layout_list&quot;:[]}\">\n\t\t\t\t\t<div class=\"e-con-inner\">\n\t\t<div class=\"elementor-element elementor-element-1bd54e4 e-con-full e-flex e-con e-child\" data-id=\"1bd54e4\" data-element_type=\"container\" data-e-type=\"container\" data-settings=\"{&quot;jet_parallax_layout_list&quot;:[]}\">\n\t\t\t\t<div class=\"elementor-element elementor-element-25b1c5e elementor-widget elementor-widget-jet-breadcrumbs\" data-id=\"25b1c5e\" data-element_type=\"widget\" data-e-type=\"widget\" data-widget_type=\"jet-breadcrumbs.default\">\n\t\t\t\t<div class=\"elementor-widget-container\">\n\t\t\t\t\t<div class=\"elementor-jet-breadcrumbs jet-blocks\">\n\t\t<div class=\"jet-breadcrumbs\">\n\t\t<div class=\"jet-breadcrumbs__content\">\n\t\t<div class=\"jet-breadcrumbs__wrap\"><div class=\"jet-breadcrumbs__item\"><a href=\"http:\/\/racoon.se\/en\/\" class=\"jet-breadcrumbs__item-link is-home\" rel=\"home\" title=\"Home\">Home<\/a><\/div>\n\t\t<\/div>\n\t\t<\/div>\n\t\t<\/div><\/div>\t\t\t\t<\/div>\n\t\t\t\t<\/div>\n\t\t<div class=\"elementor-element elementor-element-caf3f7e e-con-full e-flex e-con e-child\" data-id=\"caf3f7e\" data-element_type=\"container\" data-e-type=\"container\" data-settings=\"{&quot;jet_parallax_layout_list&quot;:[]}\">\n\t\t<div class=\"elementor-element elementor-element-d98fd06 e-con-full e-flex e-con e-child\" data-id=\"d98fd06\" data-element_type=\"container\" data-e-type=\"container\" data-settings=\"{&quot;jet_parallax_layout_list&quot;:[]}\">\n\t\t\t\t<div class=\"elementor-element elementor-element-9f2f8f1 elementor-widget elementor-widget-text-editor\" data-id=\"9f2f8f1\" data-element_type=\"widget\" data-e-type=\"widget\" data-widget_type=\"text-editor.default\">\n\t\t\t\t\t\t\t\t\t<p>Huvudfilter \u00e4r den mest avancerade komponenten i hyttens ventilationssystem och ansvarar f\u00f6r att avskilja de minsta partiklarna och farliga \u00e4mnena innan luften n\u00e5r f\u00f6raren. Racoon utvecklar huvudfilter enligt standarder som <a href=\"https:\/\/racoon.se\/en\/luftfilter\/en-779-filter\/\">EN779<\/a>, EN1822 och EN149, vilket g\u00f6r dem effektiva mot <a href=\"https:\/\/racoon.se\/en\/2025\/07\/30\/cementdamm-i-arbetsmiljon\/\">damm<\/a>, <a href=\"https:\/\/racoon.se\/en\/2025\/08\/06\/sporer-och-pollen-i-arbetsmiljon\/\">pollen, sporer<\/a>, <a href=\"https:\/\/racoon.se\/en\/2025\/08\/06\/gaser-i-arbetsmiljon\/\">gases<\/a> och andra skadliga mikroorganismer. Filtren \u00e4r testade f\u00f6r att klara vibrationer, temperaturv\u00e4xlingar och h\u00f6ga s\u00e4kerhetskrav, vilket s\u00e4kerst\u00e4ller stabil filtreringsprestanda \u00e4ven under tuffa arbetsf\u00f6rh\u00e5llanden.<\/p><ul class=\"elementor-icon-list-items\"><li class=\"elementor-icon-list-item\"><a href=\"mailto:info@racoon.se\"><span class=\"elementor-icon-list-text\">Email: info@racoon.se<\/span><\/a><\/li><li class=\"elementor-icon-list-item\"><a href=\"tel:093415399\"><span class=\"elementor-icon-list-text\">Telefon: 0934 &#8211; 153 99<\/span><\/a><\/li><\/ul>\t\t\t\t\t\t\t\t<\/div>\n\t\t\t\t<\/div>\n\t\t<div class=\"elementor-element elementor-element-6de1007 e-con-full e-flex e-con e-child\" data-id=\"6de1007\" data-element_type=\"container\" data-e-type=\"container\" data-settings=\"{&quot;jet_parallax_layout_list&quot;:[]}\">\n\t\t\t\t<div class=\"elementor-element elementor-element-c28d7a5 elementor-widget elementor-widget-image\" data-id=\"c28d7a5\" data-element_type=\"widget\" data-e-type=\"widget\" data-widget_type=\"image.default\">\n\t\t\t\t\t\t\t\t\t\t\t\t\t\t\t<img fetchpriority=\"high\" decoding=\"async\" width=\"1024\" height=\"576\" src=\"https:\/\/racoon.se\/wp-content\/uploads\/2023\/03\/20200824_081711-1024x576.jpg\" class=\"attachment-large size-large wp-image-964\" alt=\"Air filter\" srcset=\"https:\/\/racoon.se\/wp-content\/uploads\/2023\/03\/20200824_081711-1024x576.jpg 1024w, https:\/\/racoon.se\/wp-content\/uploads\/2023\/03\/20200824_081711-300x169.jpg 300w, https:\/\/racoon.se\/wp-content\/uploads\/2023\/03\/20200824_081711-768x432.jpg 768w, https:\/\/racoon.se\/wp-content\/uploads\/2023\/03\/20200824_081711-1536x864.jpg 1536w, https:\/\/racoon.se\/wp-content\/uploads\/2023\/03\/20200824_081711-2048x1152.jpg 2048w, https:\/\/racoon.se\/wp-content\/uploads\/2023\/03\/20200824_081711-18x10.jpg 18w, https:\/\/racoon.se\/wp-content\/uploads\/2023\/03\/20200824_081711-scaled.jpg 1920w\" sizes=\"(max-width: 1024px) 100vw, 1024px\" title=\"\">\t\t\t\t\t\t\t\t\t\t\t\t\t\t\t<\/div>\n\t\t\t\t<\/div>\n\t\t\t\t<\/div>\n\t\t<div class=\"elementor-element elementor-element-ea01e14 e-con-full e-flex e-con e-child\" data-id=\"ea01e14\" data-element_type=\"container\" data-e-type=\"container\" data-settings=\"{&quot;jet_parallax_layout_list&quot;:[]}\">\n\t\t<div class=\"elementor-element elementor-element-9572e77 e-con-full e-flex e-con e-child\" data-id=\"9572e77\" data-element_type=\"container\" data-e-type=\"container\" data-settings=\"{&quot;jet_parallax_layout_list&quot;:[]}\">\n\t\t\t\t<div class=\"elementor-element elementor-element-6646903 elementor-widget elementor-widget-text-editor\" data-id=\"6646903\" data-element_type=\"widget\" data-e-type=\"widget\" data-widget_type=\"text-editor.default\">\n\t\t\t\t\t\t\t\t\t<h2 data-start=\"840\" data-end=\"867\">Huvudfilter fr\u00e5n Racoon<\/h2><p data-start=\"704\" data-end=\"837\">Huvudfiltren \u00e4r den sista barri\u00e4ren i ventilationssystemet och bidrar till en renare hyttmilj\u00f6 genom:<\/p><ul><li data-start=\"840\" data-end=\"933\">Avskiljning av de finaste partiklarna och farliga \u00e4mnen som passerat ytter- och innerfilter<\/li><li data-start=\"936\" data-end=\"996\">F\u00f6rb\u00e4ttrad luftkvalitet f\u00f6r f\u00f6raren under hela arbetsdagen<\/li><li data-start=\"999\" data-end=\"1075\">Minskat slitage p\u00e5 ventilationssystemet genom j\u00e4mn och effektiv filtrering<\/li><li data-start=\"1078\" data-end=\"1152\">S\u00e4ker drift under kr\u00e4vande arbetsf\u00f6rh\u00e5llanden med h\u00f6g partikelbelastning<\/li><\/ul><p data-start=\"1154\" data-end=\"1416\">Genom att kombinera huvudfilter med Racoon <a href=\"https:\/\/racoon.se\/en\/luftfilter\/ytterfilter\/\">ytter<\/a>&#8211; och <a href=\"https:\/\/racoon.se\/en\/luftfilter\/innerfilter\/\">innerfilter<\/a> f\u00e5r entreprenadmaskiner ett komplett flerlagersfiltreringssystem som skyddar f\u00f6raren och s\u00e4kerst\u00e4ller ren luft i hytten, vilket bidrar till b\u00e4ttre arbetsf\u00f6rh\u00e5llanden och minskat underh\u00e5llsbehov.<\/p>\t\t\t\t\t\t\t\t<\/div>\n\t\t\t\t<\/div>\n\t\t<div class=\"elementor-element elementor-element-10fbafc e-con-full e-flex e-con e-child\" data-id=\"10fbafc\" data-element_type=\"container\" data-e-type=\"container\" data-settings=\"{&quot;jet_parallax_layout_list&quot;:[]}\">\n\t\t\t\t<div class=\"elementor-element elementor-element-7952121 elementor-widget elementor-widget-image\" data-id=\"7952121\" data-element_type=\"widget\" data-e-type=\"widget\" data-widget_type=\"image.default\">\n\t\t\t\t\t\t\t\t\t\t\t\t\t\t\t<img decoding=\"async\" width=\"867\" height=\"694\" src=\"https:\/\/racoon.se\/wp-content\/uploads\/2023\/07\/Biorefil-6.jpg.webp\" class=\"attachment-large size-large wp-image-1330\" alt=\"\u00c5tervunnet material till luftfilter\" srcset=\"https:\/\/racoon.se\/wp-content\/uploads\/2023\/07\/Biorefil-6.jpg.webp 867w, https:\/\/racoon.se\/wp-content\/uploads\/2023\/07\/Biorefil-6.jpg-300x240.webp 300w, https:\/\/racoon.se\/wp-content\/uploads\/2023\/07\/Biorefil-6.jpg-768x615.webp 768w, https:\/\/racoon.se\/wp-content\/uploads\/2023\/07\/Biorefil-6.jpg-15x12.webp 15w\" sizes=\"(max-width: 867px) 100vw, 867px\" title=\"\">\t\t\t\t\t\t\t\t\t\t\t\t\t\t\t<\/div>\n\t\t\t\t<\/div>\n\t\t\t\t<\/div>\n\t\t<div class=\"elementor-element elementor-element-4594f85 e-con-full e-flex e-con e-child\" data-id=\"4594f85\" data-element_type=\"container\" data-e-type=\"container\" data-settings=\"{&quot;jet_parallax_layout_list&quot;:[]}\">\n\t\t<div class=\"elementor-element elementor-element-e9ff41a e-con-full e-flex e-con e-child\" data-id=\"e9ff41a\" data-element_type=\"container\" data-e-type=\"container\" data-settings=\"{&quot;jet_parallax_layout_list&quot;:[]}\">\n\t\t\t\t<div class=\"elementor-element elementor-element-92897c7 elementor-widget elementor-widget-text-editor\" data-id=\"92897c7\" data-element_type=\"widget\" data-e-type=\"widget\" data-widget_type=\"text-editor.default\">\n\t\t\t\t\t\t\t\t\t<h3 data-start=\"1346\" data-end=\"1378\">Hur v\u00e5ra filter sticker ut<\/h3><p data-start=\"1379\" data-end=\"1621\"><a href=\"https:\/\/racoon.se\/en\/luftfilter-produkt\/\">Racoons filterl\u00f6sningar<\/a> \u00e4r framtagna f\u00f6r att klara b\u00e5de vardagliga och extrema arbetsf\u00f6rh\u00e5llanden. F\u00f6rfiltret \u00e4r robust, drifts\u00e4kert och utvecklat f\u00f6r att m\u00f6ta internationella standarder. N\u00e5gra av de egenskaper som g\u00f6r v\u00e5ra filter unika \u00e4r:<\/p><ul><li data-start=\"1625\" data-end=\"1776\"><strong data-start=\"1625\" data-end=\"1644\">H\u00f6g reningsgrad<\/strong> \u2013 filtrerar luften enligt EN779 (minimum F9). F\u00e5ngar \u00e4ven mycket sm\u00e5 partiklar som andra filter inte klarar av.<\/li><li data-start=\"1779\" data-end=\"1921\"><strong data-start=\"1779\" data-end=\"1813\">Uppfyller gaskrav enligt EN149<\/strong> \u2013 tar upp gaser fr\u00e5n spor\u00e4mnen, organismer och bakterier, vilket f\u00f6rb\u00e4ttrar luftens kvalitet ytterligare.<\/li><li data-start=\"1924\" data-end=\"2047\"><strong data-start=\"1924\" data-end=\"1951\">Motst\u00e5ndskraft mot fukt<\/strong> \u2013 filtermaterialet st\u00f6ter ifr\u00e5n sig fukt och bibeh\u00e5ller sin prestanda \u00e4ven i fuktiga milj\u00f6er.<\/li><li data-start=\"2050\" data-end=\"2186\"><strong data-start=\"2050\" data-end=\"2078\">T\u00e5l extrema temperaturer<\/strong> \u2013 utvecklade f\u00f6r att klara kyla ner till -50 \u00b0C enligt NATOs krav och h\u00f6ga temperaturer upp till +150 \u00b0C.<\/li><li data-start=\"2189\" data-end=\"2294\"><strong data-start=\"2189\" data-end=\"2212\">Brands\u00e4kra material<\/strong> \u2013 kan m\u00f6ta standarder som ULH 94HF, FMV22302 eller Far Part 25.<\/li><li data-start=\"2297\" data-end=\"2451\"><strong data-start=\"2297\" data-end=\"2331\">Vibrationss\u00e4kra konstruktioner<\/strong> \u2013 testade f\u00f6r att t\u00e5la kraftiga vibrationer och uppfyller tryck- och explosionsgrad 9G enligt NATO:s specifikationer.<\/li><li data-start=\"2454\" data-end=\"2572\"><strong data-start=\"2454\" data-end=\"2476\">Enkel installation<\/strong> \u2013 OEM-anpassade f\u00f6r att passa direkt utan modifieringar, vilket g\u00f6r byten snabba och smidiga.<\/li><\/ul>\t\t\t\t\t\t\t\t<\/div>\n\t\t\t\t<\/div>\n\t\t<div class=\"elementor-element elementor-element-95e09bd e-con-full e-flex e-con e-child\" data-id=\"95e09bd\" data-element_type=\"container\" data-e-type=\"container\" data-settings=\"{&quot;jet_parallax_layout_list&quot;:[]}\">\n\t\t\t\t<div class=\"elementor-element elementor-element-84f1330 elementor-widget elementor-widget-video\" data-id=\"84f1330\" data-element_type=\"widget\" data-e-type=\"widget\" data-settings=\"{&quot;youtube_url&quot;:&quot;youtube.com\\\/watch?v=CUktA85AUes&amp;embeds_referring_euri=https%3A%2F%2Fracoon.se%2F&amp;embeds_referring_origin=https%3A%2F%2Fracoon.se&amp;source_ve_path=MjM4NTE&quot;,&quot;video_type&quot;:&quot;youtube&quot;,&quot;controls&quot;:&quot;yes&quot;}\" data-widget_type=\"video.default\">\n\t\t\t\t\t\t\t<div class=\"elementor-wrapper elementor-open-inline\">\n\t\t\t<div class=\"elementor-video\"><\/div>\t\t<\/div>\n\t\t\t\t\t\t<\/div>\n\t\t<div class=\"elementor-element elementor-element-3732164 e-con-full e-flex e-con e-child\" data-id=\"3732164\" data-element_type=\"container\" data-e-type=\"container\" data-settings=\"{&quot;background_background&quot;:&quot;classic&quot;,&quot;jet_parallax_layout_list&quot;:[]}\">\n\t\t\t\t<div class=\"elementor-element elementor-element-e0f5b6a elementor-widget elementor-widget-text-editor\" data-id=\"e0f5b6a\" data-element_type=\"widget\" data-e-type=\"widget\" data-widget_type=\"text-editor.default\">\n\t\t\t\t\t\t\t\t\t<h2 data-start=\"2574\" data-end=\"2592\">Contact Us<\/h2><p data-start=\"2593\" data-end=\"2827\">Vill du veta mer om hur Racoons huvudfilter kan f\u00f6rb\u00e4ttra livsl\u00e4ngden p\u00e5 dina filtersystem och skapa en s\u00e4krare arbetsmilj\u00f6? H\u00f6r av dig till oss \u2013 vi ber\u00e4ttar g\u00e4rna mer och hj\u00e4lper dig hitta den l\u00f6sning som passar b\u00e4st f\u00f6r dina behov.<\/p>\t\t\t\t\t\t\t\t<\/div>\n\t\t\t\t<div class=\"elementor-element elementor-element-04768da elementor-widget elementor-widget-button\" data-id=\"04768da\" data-element_type=\"widget\" data-e-type=\"widget\" data-widget_type=\"button.default\">\n\t\t\t\t\t\t\t\t\t\t<a class=\"elementor-button elementor-button-link elementor-size-sm\" href=\"https:\/\/racoon.se\/en\/kontakt\/\">\n\t\t\t\t\t\t<span class=\"elementor-button-content-wrapper\">\n\t\t\t\t\t\t\t\t\t<span class=\"elementor-button-text\">Contact Us<\/span>\n\t\t\t\t\t<\/span>\n\t\t\t\t\t<\/a>\n\t\t\t\t\t\t\t\t<\/div>\n\t\t\t\t<\/div>\n\t\t\t\t<\/div>\n\t\t\t\t<\/div>\n\t\t<div class=\"elementor-element elementor-element-e311840 e-con-full e-flex e-con e-child\" data-id=\"e311840\" data-element_type=\"container\" data-e-type=\"container\" data-settings=\"{&quot;jet_parallax_layout_list&quot;:[]}\">\n\t\t<div class=\"elementor-element elementor-element-3dc749b e-con-full e-flex e-con e-child\" data-id=\"3dc749b\" data-element_type=\"container\" data-e-type=\"container\" data-settings=\"{&quot;jet_parallax_layout_list&quot;:[]}\">\n\t\t\t\t<div class=\"elementor-element elementor-element-8e7ec2a elementor-widget elementor-widget-text-editor\" data-id=\"8e7ec2a\" data-element_type=\"widget\" data-e-type=\"widget\" data-widget_type=\"text-editor.default\">\n\t\t\t\t\t\t\t\t\t<hr \/><p>You will find our air filters in a variety of machines and applications. Including:<\/p><ul><li>Trucks<\/li><li>Minesweeper<\/li><li>Forestry<\/li><li>Harvesters<\/li><li>Forwarders<\/li><li>Ventilation rooms<\/li><li>Excavators above and below ground<\/li><li>Cars<\/li><li>Fireproof rooms<\/li><li>Shelter<\/li><\/ul>\t\t\t\t\t\t\t\t<\/div>\n\t\t\t\t<\/div>\n\t\t\t\t<\/div>\n\t\t\t\t<\/div>\n\t\t\t\t\t<\/div>\n\t\t\t\t<\/div>\n\t\t\t\t<\/div>","protected":false},"excerpt":{"rendered":"<p>Hem Huvudfilter \u00e4r den mest avancerade komponenten i hyttens ventilationssystem och ansvarar f\u00f6r att avskilja de minsta partiklarna och farliga \u00e4mnena innan luften n\u00e5r f\u00f6raren. Racoon utvecklar huvudfilter enligt standarder som EN779, EN1822 och EN149, vilket g\u00f6r dem effektiva mot damm, pollen, sporer, gaser och andra skadliga mikroorganismer. Filtren \u00e4r testade f\u00f6r att klara vibrationer, [&hellip;]<\/p>\n","protected":false},"author":3,"featured_media":0,"parent":6,"menu_order":0,"comment_status":"closed","ping_status":"closed","template":"","meta":{"site-sidebar-layout":"no-sidebar","site-content-layout":"page-builder","ast-site-content-layout":"full-width-container","site-content-style":"default","site-sidebar-style":"default","ast-global-header-display":"","ast-banner-title-visibility":"","ast-main-header-display":"","ast-hfb-above-header-display":"","ast-hfb-below-header-display":"","ast-hfb-mobile-header-display":"","site-post-title":"","ast-breadcrumbs-content":"","ast-featured-img":"disabled","footer-sml-layout":"","ast-disable-related-posts":"","theme-transparent-header-meta":"","adv-header-id-meta":"","stick-header-meta":"","header-above-stick-meta":"","header-main-stick-meta":"","header-below-stick-meta":"","astra-migrate-meta-layouts":"set","ast-page-background-enabled":"default","ast-page-background-meta":{"desktop":{"background-color":"","background-image":"","background-repeat":"repeat","background-position":"center center","background-size":"auto","background-attachment":"scroll","background-type":"","background-media":"","overlay-type":"","overlay-color":"","overlay-opacity":"","overlay-gradient":""},"tablet":{"background-color":"","background-image":"","background-repeat":"repeat","background-position":"center center","background-size":"auto","background-attachment":"scroll","background-type":"","background-media":"","overlay-type":"","overlay-color":"","overlay-opacity":"","overlay-gradient":""},"mobile":{"background-color":"","background-image":"","background-repeat":"repeat","background-position":"center center","background-size":"auto","background-attachment":"scroll","background-type":"","background-media":"","overlay-type":"","overlay-color":"","overlay-opacity":"","overlay-gradient":""}},"ast-content-background-meta":{"desktop":{"background-color":"var(--ast-global-color-5)","background-image":"","background-repeat":"repeat","background-position":"center center","background-size":"auto","background-attachment":"scroll","background-type":"","background-media":"","overlay-type":"","overlay-color":"","overlay-opacity":"","overlay-gradient":""},"tablet":{"background-color":"var(--ast-global-color-5)","background-image":"","background-repeat":"repeat","background-position":"center center","background-size":"auto","background-attachment":"scroll","background-type":"","background-media":"","overlay-type":"","overlay-color":"","overlay-opacity":"","overlay-gradient":""},"mobile":{"background-color":"var(--ast-global-color-5)","background-image":"","background-repeat":"repeat","background-position":"center center","background-size":"auto","background-attachment":"scroll","background-type":"","background-media":"","overlay-type":"","overlay-color":"","overlay-opacity":"","overlay-gradient":""}},"footnotes":""},"class_list":["post-2183","page","type-page","status-publish","hentry"],"_links":{"self":[{"href":"http:\/\/racoon.se\/en\/wp-json\/wp\/v2\/pages\/2183","targetHints":{"allow":["GET"]}}],"collection":[{"href":"http:\/\/racoon.se\/en\/wp-json\/wp\/v2\/pages"}],"about":[{"href":"http:\/\/racoon.se\/en\/wp-json\/wp\/v2\/types\/page"}],"author":[{"embeddable":true,"href":"http:\/\/racoon.se\/en\/wp-json\/wp\/v2\/users\/3"}],"replies":[{"embeddable":true,"href":"http:\/\/racoon.se\/en\/wp-json\/wp\/v2\/comments?post=2183"}],"version-history":[{"count":10,"href":"http:\/\/racoon.se\/en\/wp-json\/wp\/v2\/pages\/2183\/revisions"}],"predecessor-version":[{"id":2363,"href":"http:\/\/racoon.se\/en\/wp-json\/wp\/v2\/pages\/2183\/revisions\/2363"}],"up":[{"embeddable":true,"href":"http:\/\/racoon.se\/en\/wp-json\/wp\/v2\/pages\/6"}],"wp:attachment":[{"href":"http:\/\/racoon.se\/en\/wp-json\/wp\/v2\/media?parent=2183"}],"curies":[{"name":"wp","href":"https:\/\/api.w.org\/{rel}","templated":true}]}}