{"id":1345,"date":"2023-08-31T11:33:01","date_gmt":"2023-08-31T09:33:01","guid":{"rendered":"https:\/\/racoon.se\/?page_id=1345"},"modified":"2023-08-31T12:06:01","modified_gmt":"2023-08-31T10:06:01","slug":"kamerabevakning","status":"publish","type":"page","link":"http:\/\/racoon.se\/en\/kamerabevakning\/","title":{"rendered":"Kamerabevakning"},"content":{"rendered":"<div data-elementor-type=\"wp-page\" data-elementor-id=\"1345\" class=\"elementor elementor-1345\" data-elementor-post-type=\"page\">\n\t\t\t\t\t\t<section class=\"elementor-section elementor-top-section elementor-element elementor-element-fead52c elementor-section-boxed elementor-section-height-default elementor-section-height-default\" data-id=\"fead52c\" data-element_type=\"section\" data-e-type=\"section\" data-settings=\"{&quot;jet_parallax_layout_list&quot;:[]}\">\n\t\t\t\t\t\t<div class=\"elementor-container elementor-column-gap-default\">\n\t\t\t\t\t<div class=\"elementor-column elementor-col-100 elementor-top-column elementor-element elementor-element-36e5bcf\" data-id=\"36e5bcf\" data-element_type=\"column\" data-e-type=\"column\">\n\t\t\t<div class=\"elementor-widget-wrap\">\n\t\t\t\t\t\t\t<\/div>\n\t\t<\/div>\n\t\t\t\t\t<\/div>\n\t\t<\/section>\n\t\t\t\t<section class=\"elementor-section elementor-top-section elementor-element elementor-element-662fb87 elementor-section-height-min-height elementor-section-boxed elementor-section-height-default elementor-section-items-middle\" data-id=\"662fb87\" data-element_type=\"section\" data-e-type=\"section\" data-settings=\"{&quot;background_background&quot;:&quot;classic&quot;,&quot;jet_parallax_layout_list&quot;:[]}\">\n\t\t\t\t\t\t\t<div class=\"elementor-background-overlay\"><\/div>\n\t\t\t\t\t\t\t<div class=\"elementor-container elementor-column-gap-default\">\n\t\t\t\t\t<div class=\"elementor-column elementor-col-100 elementor-top-column elementor-element elementor-element-5d9a7d21\" data-id=\"5d9a7d21\" data-element_type=\"column\" data-e-type=\"column\">\n\t\t\t<div class=\"elementor-widget-wrap elementor-element-populated\">\n\t\t\t\t\t\t<div class=\"elementor-element elementor-element-2a9fe906 elementor-widget elementor-widget-heading\" data-id=\"2a9fe906\" data-element_type=\"widget\" data-e-type=\"widget\" data-widget_type=\"heading.default\">\n\t\t\t\t\t<h1 class=\"elementor-heading-title elementor-size-default\">Kamerabevakning<\/h1>\t\t\t\t<\/div>\n\t\t\t\t\t<\/div>\n\t\t<\/div>\n\t\t\t\t\t<\/div>\n\t\t<\/section>\n\t\t\t\t<section class=\"elementor-section elementor-top-section elementor-element elementor-element-5d4f50dc elementor-section-boxed elementor-section-height-default elementor-section-height-default\" data-id=\"5d4f50dc\" data-element_type=\"section\" data-e-type=\"section\" data-settings=\"{&quot;background_background&quot;:&quot;classic&quot;,&quot;jet_parallax_layout_list&quot;:[]}\">\n\t\t\t\t\t\t<div class=\"elementor-container elementor-column-gap-default\">\n\t\t\t\t\t<div class=\"elementor-column elementor-col-66 elementor-top-column elementor-element elementor-element-3594dc4a\" data-id=\"3594dc4a\" data-element_type=\"column\" data-e-type=\"column\">\n\t\t\t<div class=\"elementor-widget-wrap elementor-element-populated\">\n\t\t\t\t\t\t<div class=\"elementor-element elementor-element-747c602c elementor-widget elementor-widget-heading\" data-id=\"747c602c\" data-element_type=\"widget\" data-e-type=\"widget\" data-widget_type=\"heading.default\">\n\t\t\t\t\t<h2 class=\"elementor-heading-title elementor-size-default\">KAMERABEVAKNING AV FASTIGHETSOMR\u00c5DET<\/h2>\t\t\t\t<\/div>\n\t\t\t\t<div class=\"elementor-element elementor-element-2d8da4a0 elementor-widget-divider--view-line elementor-widget elementor-widget-divider\" data-id=\"2d8da4a0\" data-element_type=\"widget\" data-e-type=\"widget\" data-widget_type=\"divider.default\">\n\t\t\t\t\t\t\t<div class=\"elementor-divider\">\n\t\t\t<span class=\"elementor-divider-separator\">\n\t\t\t\t\t\t<\/span>\n\t\t<\/div>\n\t\t\t\t\t\t<\/div>\n\t\t\t\t<div class=\"elementor-element elementor-element-7ecd4856 elementor-widget elementor-widget-text-editor\" data-id=\"7ecd4856\" data-element_type=\"widget\" data-e-type=\"widget\" data-widget_type=\"text-editor.default\">\n\t\t\t\t\t\t\t\t\t<p><strong>Laglig grund<\/strong><\/p><p>Bevakning av fastighetsomr\u00e5det sker i syfte att f\u00f6rhindra och utreda brott samt skadeg\u00f6relse p\u00e5 fastigheten och dess tillh\u00f6rande omr\u00e5de.\u00a0<\/p><p><strong><span style=\"font-style: inherit;\">\u00c4ndam\u00e5l<\/span><\/strong><\/p><p><span style=\"font-style: inherit; font-weight: inherit;\">\u00d6vervakningen \u00e4r avgr\u00e4nsad och g\u00e4ller bara fastigheten och dess omr\u00e5de. \u00d6vervakningen \u00e4r \u00e4ven tidsstyrd s\u00e5 ingen kamera\u00f6vervakning sker under kontorstid. Kameran aktiveras dessutom endast i h\u00e4ndelse att n\u00e5got r\u00f6r sig i \u00f6vervakat omr\u00e5de n\u00e4r kamerorna \u00e4r aktiva.<\/span><\/p><p><strong>Det filmade materialet sparas under begr\u00e4nsat tid<\/strong><\/p><p><span style=\"font-style: inherit; font-weight: inherit;\">Materialet som filmats sparas i tre dagar och raderas per automatik. Inspelat material tas bara del av ifall vi m\u00e4rker att brott eller skadeg\u00f6relse f\u00f6rekommit i eller runt fastigheten och dess omr\u00e5de. Filmat material som p\u00e5visar brott eller skadeg\u00f6relse kan dock sparas under en l\u00e4ngre tid till att Polisen f\u00e5tt tagit del av materialet.\u00a0<\/span><\/p><p><span style=\"font-style: inherit; font-weight: inherit;\">Allt filmat material \u00e4r skyddat f\u00f6r obeh\u00f6rig \u00e5tkomst.<\/span><\/p><p><strong>Den bevakades r\u00e4ttigheter<\/strong><\/p><p><span style=\"font-style: inherit; font-weight: inherit;\">Som bevakad kan du ut\u00f6va flera r\u00e4ttigheter, s\u00e4rskilt r\u00e4tten att f\u00e5 tillg\u00e5ng eller radering av dina personuppgifter enligt dataskyddsf\u00f6rordningen. I de fallen s\u00e5 kan du kontakta oss.<\/span><\/p><p><span style=\"font-style: inherit; font-weight: inherit;\">Som registrerad kan du ocks\u00e5 klaga hos Integritetsskyddsmyndigheten (IMY), <a href=\"https:\/\/www.imy.se\/\" target=\"_blank\" rel=\"noopener\">https:\/\/www.imy.se\/<\/a><\/span><\/p><p><span style=\"font-style: inherit; font-weight: inherit;\"><strong>Kontaktuppgifter<\/strong><br \/><\/span><span style=\"font-style: inherit; font-weight: inherit;\">Racoon Milj\u00f6filter AB<br \/><\/span><span style=\"font-style: inherit; font-weight: inherit;\">Idrottsv\u00e4gen 7<br \/><\/span><span style=\"font-style: inherit; font-weight: inherit;\">915 31 Robertsfors<\/span><\/p><p><span style=\"font-style: inherit; font-weight: inherit;\">Tel: 0934 &#8211; 153 99<\/span><\/p><p><span style=\"font-style: inherit; font-weight: inherit;\">Mail: <a href=\"mailto:info@racoon.se\">info@racoon.se<\/a><\/span><\/p>\t\t\t\t\t\t\t\t<\/div>\n\t\t\t\t<div class=\"elementor-element elementor-element-179d4f15 elementor-mobile-align-center elementor-tablet-align-left elementor-widget elementor-widget-global elementor-global-644 elementor-widget-button\" data-id=\"179d4f15\" data-element_type=\"widget\" data-e-type=\"widget\" data-widget_type=\"button.default\">\n\t\t\t\t\t\t\t\t\t\t<a class=\"elementor-button elementor-button-link elementor-size-sm\" href=\"\/en\/kontakt\/\">\n\t\t\t\t\t\t<span class=\"elementor-button-content-wrapper\">\n\t\t\t\t\t\t\t\t\t<span class=\"elementor-button-text\">Contact Us<\/span>\n\t\t\t\t\t<\/span>\n\t\t\t\t\t<\/a>\n\t\t\t\t\t\t\t\t<\/div>\n\t\t\t\t\t<\/div>\n\t\t<\/div>\n\t\t\t\t<div class=\"elementor-column elementor-col-33 elementor-top-column elementor-element elementor-element-7b8d4f0a\" data-id=\"7b8d4f0a\" data-element_type=\"column\" data-e-type=\"column\">\n\t\t\t<div class=\"elementor-widget-wrap elementor-element-populated\">\n\t\t\t\t\t\t<div class=\"elementor-element elementor-element-34ce2108 elementor-widget elementor-widget-image\" data-id=\"34ce2108\" data-element_type=\"widget\" data-e-type=\"widget\" data-widget_type=\"image.default\">\n\t\t\t\t\t\t\t\t\t\t\t\t\t\t\t<img fetchpriority=\"high\" decoding=\"async\" width=\"700\" height=\"394\" src=\"https:\/\/racoon.se\/wp-content\/uploads\/2023\/03\/ventilation-700x394-1.jpg\" class=\"attachment-full size-full wp-image-735\" alt=\"\" srcset=\"https:\/\/racoon.se\/wp-content\/uploads\/2023\/03\/ventilation-700x394-1.jpg 700w, https:\/\/racoon.se\/wp-content\/uploads\/2023\/03\/ventilation-700x394-1-300x169.jpg 300w, https:\/\/racoon.se\/wp-content\/uploads\/2023\/03\/ventilation-700x394-1-18x10.jpg 18w\" sizes=\"(max-width: 700px) 100vw, 700px\" title=\"\">\t\t\t\t\t\t\t\t\t\t\t\t\t\t\t<\/div>\n\t\t\t\t\t<\/div>\n\t\t<\/div>\n\t\t\t\t\t<\/div>\n\t\t<\/section>\n\t\t\t\t<\/div>","protected":false},"excerpt":{"rendered":"<p>Kamerabevakning KAMERABEVAKNING AV FASTIGHETSOMR\u00c5DET Laglig grund Bevakning av fastighetsomr\u00e5det sker i syfte att f\u00f6rhindra och utreda brott samt skadeg\u00f6relse p\u00e5 fastigheten och dess tillh\u00f6rande omr\u00e5de. \u00c4ndam\u00e5l \u00d6vervakningen \u00e4r avgr\u00e4nsad och g\u00e4ller bara fastigheten och dess omr\u00e5de. \u00d6vervakningen \u00e4r \u00e4ven tidsstyrd s\u00e5 ingen kamera\u00f6vervakning sker under kontorstid. Kameran aktiveras dessutom endast i h\u00e4ndelse att n\u00e5got r\u00f6r [&hellip;]<\/p>\n","protected":false},"author":2,"featured_media":0,"parent":0,"menu_order":0,"comment_status":"closed","ping_status":"closed","template":"","meta":{"site-sidebar-layout":"no-sidebar","site-content-layout":"page-builder","ast-site-content-layout":"full-width-container","site-content-style":"default","site-sidebar-style":"default","ast-global-header-display":"","ast-banner-title-visibility":"","ast-main-header-display":"","ast-hfb-above-header-display":"","ast-hfb-below-header-display":"","ast-hfb-mobile-header-display":"","site-post-title":"disabled","ast-breadcrumbs-content":"","ast-featured-img":"disabled","footer-sml-layout":"","ast-disable-related-posts":"","theme-transparent-header-meta":"","adv-header-id-meta":"","stick-header-meta":"","header-above-stick-meta":"","header-main-stick-meta":"","header-below-stick-meta":"","astra-migrate-meta-layouts":"set","ast-page-background-enabled":"default","ast-page-background-meta":{"desktop":{"background-color":"","background-image":"","background-repeat":"repeat","background-position":"center center","background-size":"auto","background-attachment":"scroll","background-type":"","background-media":"","overlay-type":"","overlay-color":"","overlay-opacity":"","overlay-gradient":""},"tablet":{"background-color":"","background-image":"","background-repeat":"repeat","background-position":"center center","background-size":"auto","background-attachment":"scroll","background-type":"","background-media":"","overlay-type":"","overlay-color":"","overlay-opacity":"","overlay-gradient":""},"mobile":{"background-color":"","background-image":"","background-repeat":"repeat","background-position":"center center","background-size":"auto","background-attachment":"scroll","background-type":"","background-media":"","overlay-type":"","overlay-color":"","overlay-opacity":"","overlay-gradient":""}},"ast-content-background-meta":{"desktop":{"background-color":"var(--ast-global-color-5)","background-image":"","background-repeat":"repeat","background-position":"center center","background-size":"auto","background-attachment":"scroll","background-type":"","background-media":"","overlay-type":"","overlay-color":"","overlay-opacity":"","overlay-gradient":""},"tablet":{"background-color":"var(--ast-global-color-5)","background-image":"","background-repeat":"repeat","background-position":"center center","background-size":"auto","background-attachment":"scroll","background-type":"","background-media":"","overlay-type":"","overlay-color":"","overlay-opacity":"","overlay-gradient":""},"mobile":{"background-color":"var(--ast-global-color-5)","background-image":"","background-repeat":"repeat","background-position":"center center","background-size":"auto","background-attachment":"scroll","background-type":"","background-media":"","overlay-type":"","overlay-color":"","overlay-opacity":"","overlay-gradient":""}},"footnotes":""},"class_list":["post-1345","page","type-page","status-publish","hentry"],"_links":{"self":[{"href":"http:\/\/racoon.se\/en\/wp-json\/wp\/v2\/pages\/1345","targetHints":{"allow":["GET"]}}],"collection":[{"href":"http:\/\/racoon.se\/en\/wp-json\/wp\/v2\/pages"}],"about":[{"href":"http:\/\/racoon.se\/en\/wp-json\/wp\/v2\/types\/page"}],"author":[{"embeddable":true,"href":"http:\/\/racoon.se\/en\/wp-json\/wp\/v2\/users\/2"}],"replies":[{"embeddable":true,"href":"http:\/\/racoon.se\/en\/wp-json\/wp\/v2\/comments?post=1345"}],"version-history":[{"count":17,"href":"http:\/\/racoon.se\/en\/wp-json\/wp\/v2\/pages\/1345\/revisions"}],"predecessor-version":[{"id":1366,"href":"http:\/\/racoon.se\/en\/wp-json\/wp\/v2\/pages\/1345\/revisions\/1366"}],"wp:attachment":[{"href":"http:\/\/racoon.se\/en\/wp-json\/wp\/v2\/media?parent=1345"}],"curies":[{"name":"wp","href":"https:\/\/api.w.org\/{rel}","templated":true}]}}